{"id":16,"date":"2019-09-17T22:11:02","date_gmt":"2019-09-17T22:11:02","guid":{"rendered":"http:\/\/dev.sssr.org\/donate\/"},"modified":"2025-02-22T02:30:02","modified_gmt":"2025-02-22T02:30:02","slug":"donate","status":"publish","type":"page","link":"https:\/\/societyofthemostholyredeemer.org\/es\/donate\/","title":{"rendered":"DONAR"},"content":{"rendered":"<div data-elementor-type=\"wp-page\" data-elementor-id=\"16\" class=\"elementor elementor-16\" data-elementor-post-type=\"page\">\n\t\t\t\t<div class=\"elementor-element elementor-element-d8ee68d e-flex e-con-boxed e-con e-parent\" data-id=\"d8ee68d\" data-element_type=\"container\" data-e-type=\"container\">\n\t\t\t\t\t<div class=\"e-con-inner\">\n\t\t\t\t<div class=\"elementor-element elementor-element-9ca9f19 elementor-widget elementor-widget-text-editor\" data-id=\"9ca9f19\" data-element_type=\"widget\" data-e-type=\"widget\" data-widget_type=\"text-editor.default\">\n\t\t\t\t<div class=\"elementor-widget-container\">\n\t\t\t\t\t\t\t\t\t<p>Considere la posibilidad de hacer un donativo hoy mismo. Su apoyo es vital para ayudarnos a continuar nuestro trabajo, y todas las ofrendas son muy apreciadas. Nuestras actividades siguen siendo independientes gracias a su generosidad.<\/p><p>Cada mes se ofrece una misa tradicional en lat\u00edn por las intenciones de nuestros donantes.\u00a0<\/p><p>Hay dos formas de donar:<\/p><ol><li><strong>Puede utilizar una tarjeta de cr\u00e9dito:<\/strong><\/li><\/ol>\t\t\t\t\t\t\t\t<\/div>\n\t\t\t\t<\/div>\n\t\t\t\t<div class=\"elementor-element elementor-element-a0262c6 elementor-widget elementor-widget-html\" data-id=\"a0262c6\" data-element_type=\"widget\" data-e-type=\"widget\" data-widget_type=\"html.default\">\n\t\t\t\t<div class=\"elementor-widget-container\">\n\t\t\t\t\t<script async\r\n  src=\"https:\/\/js.stripe.com\/v3\/buy-button.js\">\r\n<\/script>\r\n\r\n<stripe-buy-button\r\n  buy-button-id=\"buy_btn_1QMQ9vJy5O1mNg2tainXxddu\"\r\n  publishable-key=\"pk_live_51LaiBHJy5O1mNg2tcNAmz1dExzSxBesta0F2TGRcNZofrzTZLXstKDnXMXBwF3YBfYHfckivG7puU0bCr7pJvFwp00LIBPY5MK\"\r\n>\r\n<\/stripe-buy-button>\t\t\t\t<\/div>\n\t\t\t\t<\/div>\n\t\t\t\t\t<\/div>\n\t\t\t\t<\/div>\n\t\t<div class=\"elementor-element elementor-element-8e0f9dc e-flex e-con-boxed e-con e-parent\" data-id=\"8e0f9dc\" data-element_type=\"container\" data-e-type=\"container\">\n\t\t\t\t\t<div class=\"e-con-inner\">\n\t\t\t\t<div class=\"elementor-element elementor-element-d44dbab elementor-widget elementor-widget-text-editor\" data-id=\"d44dbab\" data-element_type=\"widget\" data-e-type=\"widget\" data-widget_type=\"text-editor.default\">\n\t\t\t\t<div class=\"elementor-widget-container\">\n\t\t\t\t\t\t\t\t\t<ol start=\"2\"><li><b>O puede utilizar nuestro enlace Paypal<\/b><\/li><\/ol>\t\t\t\t\t\t\t\t<\/div>\n\t\t\t\t<\/div>\n\t\t\t\t\t<\/div>\n\t\t\t\t<\/div>\n\t\t<div class=\"elementor-element elementor-element-33590d5 e-flex e-con-boxed e-con e-parent\" data-id=\"33590d5\" data-element_type=\"container\" data-e-type=\"container\">\n\t\t\t\t\t<div class=\"e-con-inner\">\n\t\t\t\t<div class=\"elementor-element elementor-element-ac0c025 elementor-widget elementor-widget-paypal-button\" data-id=\"ac0c025\" data-element_type=\"widget\" data-e-type=\"widget\" data-settings=\"{&quot;merchant_account&quot;:&quot;simple&quot;}\" data-widget_type=\"paypal-button.default\">\n\t\t\t\t<div class=\"elementor-widget-container\">\n\t\t\t\t\t\t\t\t\t<div class=\"elementor-button-wrapper\">\n\t\t\t\t\t\t\t<form action=\"https:\/\/www.paypal.com\/cgi-bin\/webscr\" method=\"post\" target=\"_blank\">\n\t\t\t<input type=\"hidden\" name=\"cmd\" value=\"_xclick\" \/>\n\t\t\t<input type=\"hidden\" name=\"business\" value=\"sssr.assist@gmail.com\" \/>\n\t\t\t<input type=\"hidden\" name=\"lc\" value=\"US\" \/>\n\t\t\t<input type=\"hidden\" name=\"item_name\" value=\"\" \/>\n\t\t\t<input type=\"hidden\" name=\"item_number\" value=\"\" \/>\n\t\t\t<input type=\"hidden\" name=\"currency_code\" value=\"USD\" \/>\n\t\t\t<input type=\"hidden\" name=\"amount\" value=\"0.00\" \/>\n\t\t\t<input type=\"hidden\" name=\"no_note\" value=\"1\">\n\n\t\t\t\t\t\t\t<input type=\"hidden\" name=\"shipping\" value=\"0\" \/>\n\t\t\t\t<input type=\"hidden\" name=\"tax_rate\" value=\"0\" \/>\n\t\t\t\t<input type=\"hidden\" name=\"quantity\" value=\"1\" \/>\n\t\t\t\t\t\t<button class=\"elementor-button elementor-size-sm elementor-paypal-legacy elementor-payment-button\" role=\"button\" type=\"submit\">\n\t\t\t\t\t<span class=\"elementor-button-content-wrapper\">\n\t\t\t\t\t\t<span class=\"elementor-button-icon\">\n\t\t\t\t<i aria-hidden=\"true\" class=\"fab fa-paypal\"><\/i>\t\t\t<\/span>\n\t\t\t\t\t\t\t\t\t<span class=\"elementor-button-text\">Su regalo para la R.S.S.<\/span>\n\t\t\t\t\t<\/span>\n\t\t\t\t<\/button>\n\t\t\t\t<\/form>\n\t\t\t\t\t\t<\/div>\n\t\t\t\t\t\t\t\t<\/div>\n\t\t\t\t<\/div>\n\t\t\t\t\t<\/div>\n\t\t\t\t<\/div>\n\t\t<div class=\"elementor-element elementor-element-491b44c e-flex e-con-boxed e-con e-parent\" data-id=\"491b44c\" data-element_type=\"container\" data-e-type=\"container\">\n\t\t\t\t\t<div class=\"e-con-inner\">\n\t\t\t\t<div class=\"elementor-element elementor-element-1c9d910 elementor-widget elementor-widget-text-editor\" data-id=\"1c9d910\" data-element_type=\"widget\" data-e-type=\"widget\" data-widget_type=\"text-editor.default\">\n\t\t\t\t<div class=\"elementor-widget-container\">\n\t\t\t\t\t\t\t\t\t<p><strong>Si prefiere utilizar otro m\u00e9todo de pago (por ejemplo, cheque o giro postal, transferencia bancaria, etc.), p\u00f3ngase en contacto con nosotros.<\/strong><\/p><p>La Sociedad del Sant\u00edsimo Redentor (SSSR) no es una organizaci\u00f3n exenta de impuestos, y las donaciones no son deducibles de impuestos. Todas las contribuciones se destinan exclusivamente a gastos de funcionamiento y obras de caridad.\u00a0<\/p><p>Con un donativo a la Sociedad del Sant\u00edsimo Redentor, usted tiene la seguridad de que continuar\u00e1 la infatigable lucha cat\u00f3lica por la restauraci\u00f3n de la Santa Madre Iglesia y de la civilizaci\u00f3n cristiana.<\/p><p>Le agradecemos su apoyo.<\/p>\t\t\t\t\t\t\t\t<\/div>\n\t\t\t\t<\/div>\n\t\t\t\t\t<\/div>\n\t\t\t\t<\/div>\n\t\t\t\t<\/div>","protected":false},"excerpt":{"rendered":"<p>Please consider making a donation today. Your support is vital in helping us continue our work, and all offerings are greatly appreciated. Our activities remain independent thanks to your generosity. A traditional Latin Mass is offered each month for the &hellip; <a class=\"continue_reading\" href=\"https:\/\/societyofthemostholyredeemer.org\/es\/donate\/\">Seguir leyendo <span class=\"meta-nav\"><i class=\"fa fa-caret-right\" aria-hidden=\"true\"><\/i><\/span><\/a><\/p>","protected":false},"author":2,"featured_media":0,"parent":0,"menu_order":11,"comment_status":"closed","ping_status":"closed","template":"","meta":{"_acf_changed":false,"footnotes":""},"class_list":["post-16","page","type-page","status-publish","hentry"],"acf":[],"_links":{"self":[{"href":"https:\/\/societyofthemostholyredeemer.org\/es\/wp-json\/wp\/v2\/pages\/16","targetHints":{"allow":["GET"]}}],"collection":[{"href":"https:\/\/societyofthemostholyredeemer.org\/es\/wp-json\/wp\/v2\/pages"}],"about":[{"href":"https:\/\/societyofthemostholyredeemer.org\/es\/wp-json\/wp\/v2\/types\/page"}],"author":[{"embeddable":true,"href":"https:\/\/societyofthemostholyredeemer.org\/es\/wp-json\/wp\/v2\/users\/2"}],"replies":[{"embeddable":true,"href":"https:\/\/societyofthemostholyredeemer.org\/es\/wp-json\/wp\/v2\/comments?post=16"}],"version-history":[{"count":54,"href":"https:\/\/societyofthemostholyredeemer.org\/es\/wp-json\/wp\/v2\/pages\/16\/revisions"}],"predecessor-version":[{"id":6705,"href":"https:\/\/societyofthemostholyredeemer.org\/es\/wp-json\/wp\/v2\/pages\/16\/revisions\/6705"}],"wp:attachment":[{"href":"https:\/\/societyofthemostholyredeemer.org\/es\/wp-json\/wp\/v2\/media?parent=16"}],"curies":[{"name":"wp","href":"https:\/\/api.w.org\/{rel}","templated":true}]}}