{"id":20,"date":"2019-09-17T22:00:02","date_gmt":"2019-09-17T22:00:02","guid":{"rendered":"http:\/\/dev.sssr.org\/about\/"},"modified":"2024-11-30T20:45:13","modified_gmt":"2024-11-30T20:45:13","slug":"about","status":"publish","type":"page","link":"https:\/\/societyofthemostholyredeemer.org\/es\/about\/","title":{"rendered":"SOBRE NOSOTROS"},"content":{"rendered":"<div data-elementor-type=\"wp-page\" data-elementor-id=\"20\" class=\"elementor elementor-20\" data-elementor-post-type=\"page\">\n\t\t\t\t\t\t<section class=\"elementor-section elementor-top-section elementor-element elementor-element-fe1d163 elementor-section-boxed elementor-section-height-default elementor-section-height-default\" data-id=\"fe1d163\" data-element_type=\"section\" data-e-type=\"section\">\n\t\t\t\t\t\t<div class=\"elementor-container elementor-column-gap-default\">\n\t\t\t\t\t<div class=\"elementor-column elementor-col-100 elementor-top-column elementor-element elementor-element-1f4a3f0\" data-id=\"1f4a3f0\" data-element_type=\"column\" data-e-type=\"column\">\n\t\t\t<div class=\"elementor-widget-wrap elementor-element-populated\">\n\t\t\t\t\t\t<div class=\"elementor-element elementor-element-6c1220a elementor-widget elementor-widget-text-editor\" data-id=\"6c1220a\" data-element_type=\"widget\" data-e-type=\"widget\" data-widget_type=\"text-editor.default\">\n\t\t\t\t<div class=\"elementor-widget-container\">\n\t\t\t\t\t\t\t\t\t<p style=\"text-align: center;\"><strong>Q U O D E S T A R I O S A R I U M E S T L I C I T U M <\/strong><\/p><p style=\"text-align: center;\"><strong>\"DECRETORUM LIBRI VIGINTI- BROCARDUS\"<\/strong><\/p><p><strong><u>FE CAT\u00d3LICA ROMANA TRADICIONAL<\/u><\/strong>\u00a0en su integridad es un tesoro, y siendo un tesoro, es dif\u00edcil de encontrar en estos tiempos en los que todo parece carecer de Autenticidad, Caridad, Solemnidad, Belleza, Bondad y Verdad.<\/p><p>Hace d\u00e9cadas, pero sobre todo despu\u00e9s del Concilio Vaticano II, la Iglesia entr\u00f3 en una grave crisis sin precedentes en su historia. Graves errores fueron entronizados incluso en los m\u00e1s altos puestos de la jerarqu\u00eda. Sacerdotes, religiosos y fieles se vieron obligados a abandonar la estructura para no abandonar la fe cat\u00f3lica. Muchas congregaciones cambiaron dr\u00e1sticamente para adaptarse al \"tiempo de primavera\" de la iglesia que nunca lleg\u00f3. En cambio, en palabras del Papa Pablo V, \"el humo de Satan\u00e1s entr\u00f3 en la Iglesia\".<\/p><p>Por eso nosotros, religiosos y fieles, siguiendo las ense\u00f1anzas de la\u00a0<em>Doctor Zelantissimus<\/em>\u00a0(Doctor Celos\u00edsimo) San Alfonso de Ligorio y confiando en la gu\u00eda del perenne magisterio de la Iglesia inalterado por siglos antes del Concilio Vaticano II, nos vemos obligados a continuar la labor de los Redentoristas tradicionales en la Sociedad del Sant\u00edsimo Redentor, rechazando los errores promulgados oficialmente por el Concilio, manteniendo la integridad de la doctrina tal como era antes y separ\u00e1ndonos de cualquier otra congregaci\u00f3n redentorista que los acepte. Con ello, reconocemos a los Papas posteriores al concilio pero, por haber ca\u00eddo en el error en varios temas, creemos que el cat\u00f3lico puede, en buena fe y conciencia, resistirse a sus errores. Comprendemos el gran sufrimiento que pueden causar en las almas de los fieles las numerosas declaraciones nefastas de las actuales autoridades que gobiernan la jerarqu\u00eda, pero no creemos que el sedevacantismo sea la respuesta adecuada a la crisis de la Iglesia.<\/p><p>Por lo tanto, nos proponemos llevar a cabo actividades religiosas, caritativas y educativas como una sociedad inspirada en el esp\u00edritu tradicional redentorista: promover, mantener, proteger y ense\u00f1ar la Santa Religi\u00f3n Cat\u00f3lica Romana Tradicional para la preservaci\u00f3n de nuestros valores espirituales y culturales en la sociedad.<\/p><p>San Alfonso escribi\u00f3:<\/p><p><em>\"Espero salvar mi alma, y espero, en el otro mundo, tratar con Dios los asuntos de la Congregaci\u00f3n. Pero digo a cada uno que desprecie los consejos que (aqu\u00ed) he escrito, que en el d\u00eda del juicio me tendr\u00e1 como su primer acusador ante el Tribunal de Jesucristo\".<\/em><\/p><p>Y, en una carta de julio de 1756, tambi\u00e9n escribi\u00f3:\u00a0<\/p><p>\"<em>Es cierto que debemos obedecer al arzobispo, pero con \"moderaci\u00f3n\" y en las cosas en las que estamos obligados a obedecerle... \u00a1Porque servimos a la Iglesia universal!.<\/em>\"<\/p><p>Tambi\u00e9n esperamos salvar nuestras almas, como los grandes misioneros sol\u00edan insistir a las multitudes, y porque no queremos ver a nuestro Bendito Padre St. Alfonso como acusador en nuestro juicio final, y porque no queremos o\u00edr de Dios esas terribles palabras, \"T\u00fa tambi\u00e9n contribuiste al intento de destruir mi Iglesia\" es por lo que actuamos en esta situaci\u00f3n de necesidad, trabajando duro para llevar la Redenci\u00f3n de Cristo especialmente a las personas m\u00e1s abandonadas como nos fue ordenado por Cristo Redentor, \"en quien tenemos redenci\u00f3n por su sangre\" (HABEMUS REDEMPTIONEM PER SANGUINEM EIUS, como dice nuestro lema).<\/p><p>Que el Sant\u00edsimo Redentor, la Sant\u00edsima Virgen de la Inmaculada Concepci\u00f3n -nuestra Madre del Perpetuo Socorro- y todos los santos nos ayuden en nuestra misi\u00f3n, que se expresa en el principio m\u00e1s esencial de nuestra ley: La salvaci\u00f3n de las almas. \"<em>SALUS ANIMARUM\u00a0<\/em><strong><em><u>SUPREMA<\/u><\/em><\/strong><em><u>\u00a0<\/u><\/em><strong><em><u>LEX EST<\/u>\"<\/em><\/strong>.<\/p>\t\t\t\t\t\t\t\t<\/div>\n\t\t\t\t<\/div>\n\t\t\t\t\t<\/div>\n\t\t<\/div>\n\t\t\t\t\t<\/div>\n\t\t<\/section>\n\t\t\t\t<\/div>","protected":false},"excerpt":{"rendered":"<p>Q U O D E S T N E C E S A R I U M E S T L I C I T U M \"DECRETORUM LIBRI VIGINTI- BROCARDUS\" LA FE CAT\u00d3LICA ROMANA TRADICIONAL en su integridad es una ... <a class=\"continue_reading\" href=\"https:\/\/societyofthemostholyredeemer.org\/es\/about\/\">Seguir leyendo <span class=\"meta-nav\"><i class=\"fa fa-caret-right\" aria-hidden=\"true\"><\/i><\/span><\/a><\/p>","protected":false},"author":2,"featured_media":0,"parent":0,"menu_order":1,"comment_status":"closed","ping_status":"closed","template":"","meta":{"_acf_changed":false,"footnotes":""},"class_list":["post-20","page","type-page","status-publish","hentry"],"acf":[],"_links":{"self":[{"href":"https:\/\/societyofthemostholyredeemer.org\/es\/wp-json\/wp\/v2\/pages\/20","targetHints":{"allow":["GET"]}}],"collection":[{"href":"https:\/\/societyofthemostholyredeemer.org\/es\/wp-json\/wp\/v2\/pages"}],"about":[{"href":"https:\/\/societyofthemostholyredeemer.org\/es\/wp-json\/wp\/v2\/types\/page"}],"author":[{"embeddable":true,"href":"https:\/\/societyofthemostholyredeemer.org\/es\/wp-json\/wp\/v2\/users\/2"}],"replies":[{"embeddable":true,"href":"https:\/\/societyofthemostholyredeemer.org\/es\/wp-json\/wp\/v2\/comments?post=20"}],"version-history":[{"count":21,"href":"https:\/\/societyofthemostholyredeemer.org\/es\/wp-json\/wp\/v2\/pages\/20\/revisions"}],"predecessor-version":[{"id":4872,"href":"https:\/\/societyofthemostholyredeemer.org\/es\/wp-json\/wp\/v2\/pages\/20\/revisions\/4872"}],"wp:attachment":[{"href":"https:\/\/societyofthemostholyredeemer.org\/es\/wp-json\/wp\/v2\/media?parent=20"}],"curies":[{"name":"wp","href":"https:\/\/api.w.org\/{rel}","templated":true}]}}