{"id":2985,"date":"2019-09-17T22:10:13","date_gmt":"2019-09-17T22:10:13","guid":{"rendered":"http:\/\/societyofthemostholyredeemer.org\/?page_id=2985"},"modified":"2025-02-22T02:29:38","modified_gmt":"2025-02-22T02:29:38","slug":"store","status":"publish","type":"page","link":"https:\/\/societyofthemostholyredeemer.org\/es\/store\/","title":{"rendered":"TIENDA"},"content":{"rendered":"<div data-elementor-type=\"wp-page\" data-elementor-id=\"2985\" class=\"elementor elementor-2985\" data-elementor-post-type=\"page\">\n\t\t\t\t<div class=\"elementor-element elementor-element-8259a24 e-flex e-con-boxed e-con e-parent\" data-id=\"8259a24\" data-element_type=\"container\" data-e-type=\"container\">\n\t\t\t\t\t<div class=\"e-con-inner\">\n\t\t\t\t<div class=\"elementor-element elementor-element-3140522 elementor-widget elementor-widget-text-editor\" data-id=\"3140522\" data-element_type=\"widget\" data-e-type=\"widget\" data-widget_type=\"text-editor.default\">\n\t\t\t\t<div class=\"elementor-widget-container\">\n\t\t\t\t\t\t\t\t\t<h4>VELOS DE CAPILLA<\/h4>\t\t\t\t\t\t\t\t<\/div>\n\t\t\t\t<\/div>\n\t\t\t\t\t<\/div>\n\t\t\t\t<\/div>\n\t\t<div class=\"elementor-element elementor-element-90002a3 e-grid e-con-boxed e-con e-parent\" data-id=\"90002a3\" data-element_type=\"container\" data-e-type=\"container\">\n\t\t\t\t\t<div class=\"e-con-inner\">\n\t\t\t\t<div class=\"elementor-element elementor-element-8d97e10 elementor-widget elementor-widget-image\" data-id=\"8d97e10\" data-element_type=\"widget\" data-e-type=\"widget\" data-widget_type=\"image.default\">\n\t\t\t\t<div class=\"elementor-widget-container\">\n\t\t\t\t\t\t\t\t\t\t\t\t\t\t\t<img fetchpriority=\"high\" decoding=\"async\" width=\"900\" height=\"1600\" src=\"https:\/\/societyofthemostholyredeemer.org\/wp-content\/uploads\/2021\/08\/Veil-Black.jpeg\" class=\"attachment-full size-full wp-image-395\" alt=\"\" srcset=\"https:\/\/societyofthemostholyredeemer.org\/wp-content\/uploads\/2021\/08\/Veil-Black.jpeg 900w, https:\/\/societyofthemostholyredeemer.org\/wp-content\/uploads\/2021\/08\/Veil-Black-169x300.jpeg 169w, https:\/\/societyofthemostholyredeemer.org\/wp-content\/uploads\/2021\/08\/Veil-Black-576x1024.jpeg 576w, https:\/\/societyofthemostholyredeemer.org\/wp-content\/uploads\/2021\/08\/Veil-Black-768x1365.jpeg 768w, https:\/\/societyofthemostholyredeemer.org\/wp-content\/uploads\/2021\/08\/Veil-Black-864x1536.jpeg 864w\" sizes=\"(max-width: 900px) 100vw, 900px\" \/>\t\t\t\t\t\t\t\t\t\t\t\t\t\t\t<\/div>\n\t\t\t\t<\/div>\n\t\t\t\t<div class=\"elementor-element elementor-element-a2efd51 elementor-widget elementor-widget-text-editor\" data-id=\"a2efd51\" data-element_type=\"widget\" data-e-type=\"widget\" data-widget_type=\"text-editor.default\">\n\t\t\t\t<div class=\"elementor-widget-container\">\n\t\t\t\t\t\t\t\t\t<p style=\"text-align: center;\"><span style=\"color: #800000;\">Presentamos estos preciosos velos de capilla de un suave encaje fluido en blanco o negro, excelentes para el uso diario y perfectos para regalar a una mujer cat\u00f3lica tradicional especial.<\/span><\/p><p style=\"text-align: center;\"><span style=\"color: #800000;\">Las ventas de estos Velos apoyan el mantenimiento de nuestro sitio web y otras actividades de la Sociedad del Sant\u00edsimo Redentor. El donativo sugerido es de Gs. 100.000 (unos 14 US$) m\u00e1s gastos de env\u00edo.<\/span><\/p>\t\t\t\t\t\t\t\t<\/div>\n\t\t\t\t<\/div>\n\t\t\t\t<div class=\"elementor-element elementor-element-0f38335 elementor-widget elementor-widget-image\" data-id=\"0f38335\" data-element_type=\"widget\" data-e-type=\"widget\" data-widget_type=\"image.default\">\n\t\t\t\t<div class=\"elementor-widget-container\">\n\t\t\t\t\t\t\t\t\t\t\t\t\t\t\t<img decoding=\"async\" width=\"900\" height=\"1600\" src=\"https:\/\/societyofthemostholyredeemer.org\/wp-content\/uploads\/2021\/08\/Veil-White.jpeg\" class=\"attachment-full size-full wp-image-396\" alt=\"\" srcset=\"https:\/\/societyofthemostholyredeemer.org\/wp-content\/uploads\/2021\/08\/Veil-White.jpeg 900w, https:\/\/societyofthemostholyredeemer.org\/wp-content\/uploads\/2021\/08\/Veil-White-169x300.jpeg 169w, https:\/\/societyofthemostholyredeemer.org\/wp-content\/uploads\/2021\/08\/Veil-White-576x1024.jpeg 576w, https:\/\/societyofthemostholyredeemer.org\/wp-content\/uploads\/2021\/08\/Veil-White-768x1365.jpeg 768w, https:\/\/societyofthemostholyredeemer.org\/wp-content\/uploads\/2021\/08\/Veil-White-864x1536.jpeg 864w\" sizes=\"(max-width: 900px) 100vw, 900px\" \/>\t\t\t\t\t\t\t\t\t\t\t\t\t\t\t<\/div>\n\t\t\t\t<\/div>\n\t\t\t\t<div class=\"elementor-element elementor-element-0c99cc3 elementor-widget elementor-widget-spacer\" data-id=\"0c99cc3\" data-element_type=\"widget\" data-e-type=\"widget\" data-widget_type=\"spacer.default\">\n\t\t\t\t<div class=\"elementor-widget-container\">\n\t\t\t\t\t\t\t<div class=\"elementor-spacer\">\n\t\t\t<div class=\"elementor-spacer-inner\"><\/div>\n\t\t<\/div>\n\t\t\t\t\t\t<\/div>\n\t\t\t\t<\/div>\n\t\t\t\t<div class=\"elementor-element elementor-element-c2017bd elementor-widget elementor-widget-spacer\" data-id=\"c2017bd\" data-element_type=\"widget\" data-e-type=\"widget\" data-widget_type=\"spacer.default\">\n\t\t\t\t<div class=\"elementor-widget-container\">\n\t\t\t\t\t\t\t<div class=\"elementor-spacer\">\n\t\t\t<div class=\"elementor-spacer-inner\"><\/div>\n\t\t<\/div>\n\t\t\t\t\t\t<\/div>\n\t\t\t\t<\/div>\n\t\t\t\t<div class=\"elementor-element elementor-element-ab4f668 elementor-button-success elementor-widget elementor-widget-button\" data-id=\"ab4f668\" data-element_type=\"widget\" data-e-type=\"widget\" data-widget_type=\"button.default\">\n\t\t\t\t<div class=\"elementor-widget-container\">\n\t\t\t\t\t\t\t\t\t<div class=\"elementor-button-wrapper\">\n\t\t\t\t\t<a class=\"elementor-button elementor-button-link elementor-size-sm\" href=\"\">\n\t\t\t\t\t\t<span class=\"elementor-button-content-wrapper\">\n\t\t\t\t\t\t\t\t\t<span class=\"elementor-button-text\">Comprar<\/span>\n\t\t\t\t\t<\/span>\n\t\t\t\t\t<\/a>\n\t\t\t\t<\/div>\n\t\t\t\t\t\t\t\t<\/div>\n\t\t\t\t<\/div>\n\t\t\t\t\t<\/div>\n\t\t\t\t<\/div>\n\t\t<div class=\"elementor-element elementor-element-0f637c7 e-flex e-con-boxed e-con e-parent\" data-id=\"0f637c7\" data-element_type=\"container\" data-e-type=\"container\">\n\t\t\t\t\t<div class=\"e-con-inner\">\n\t\t\t\t<div class=\"elementor-element elementor-element-1ab8791 elementor-widget elementor-widget-text-editor\" data-id=\"1ab8791\" data-element_type=\"widget\" data-e-type=\"widget\" data-widget_type=\"text-editor.default\">\n\t\t\t\t<div class=\"elementor-widget-container\">\n\t\t\t\t\t\t\t\t\t<h4>ROSARIO EN LATIN BASADO EN EL METODO DE ST. LOUIS-MARIE GRIGNION DE MONTFORT <br \/>(CON TRADUCCIONES DID\u00c1CTICAS EN INGL\u00c9S\/ESPA\u00d1OL\/PORTUGU\u00c9S)<\/h4>\t\t\t\t\t\t\t\t<\/div>\n\t\t\t\t<\/div>\n\t\t\t\t\t<\/div>\n\t\t\t\t<\/div>\n\t\t<div class=\"elementor-element elementor-element-d18f0f1 e-grid e-con-boxed e-con e-parent\" data-id=\"d18f0f1\" data-element_type=\"container\" data-e-type=\"container\">\n\t\t\t\t\t<div class=\"e-con-inner\">\n\t\t\t\t<div class=\"elementor-element elementor-element-b0db756 elementor-widget elementor-widget-image\" data-id=\"b0db756\" data-element_type=\"widget\" data-e-type=\"widget\" data-widget_type=\"image.default\">\n\t\t\t\t<div class=\"elementor-widget-container\">\n\t\t\t\t\t\t\t\t\t\t\t\t\t\t\t<img decoding=\"async\" src=\"https:\/\/societyofthemostholyredeemer.org\/wp-content\/uploads\/elementor\/thumbs\/Index-Rosary-1-pbmycdrmyl4g0xjjulq6fftkarrsqov6qgfb07umms.jpg\" title=\"\u00cdndice Rosario\" alt=\"Index Rosary\" loading=\"lazy\" \/>\t\t\t\t\t\t\t\t\t\t\t\t\t\t\t<\/div>\n\t\t\t\t<\/div>\n\t\t\t\t<div class=\"elementor-element elementor-element-33ec44f elementor-widget elementor-widget-image\" data-id=\"33ec44f\" data-element_type=\"widget\" data-e-type=\"widget\" data-widget_type=\"image.default\">\n\t\t\t\t<div class=\"elementor-widget-container\">\n\t\t\t\t\t\t\t\t\t\t\t\t\t\t\t<img decoding=\"async\" src=\"https:\/\/societyofthemostholyredeemer.org\/wp-content\/uploads\/elementor\/thumbs\/477px-The_Battle_of_Lepanto_by_Paolo_Veronese-qx822ioejskguhctzpl2mz16jezkiewcs3kbfhrmdk.jpeg\" title=\"477px La batalla de Lepanto de Paolo Veron\u00e9s\" alt=\"477px-The_Battle_of_Lepanto_by_Paolo_Veronese\" loading=\"lazy\" \/>\t\t\t\t\t\t\t\t\t\t\t\t\t\t\t<\/div>\n\t\t\t\t<\/div>\n\t\t\t\t<div class=\"elementor-element elementor-element-e8fb64d elementor-widget elementor-widget-image\" data-id=\"e8fb64d\" data-element_type=\"widget\" data-e-type=\"widget\" data-widget_type=\"image.default\">\n\t\t\t\t<div class=\"elementor-widget-container\">\n\t\t\t\t\t\t\t\t\t\t\t\t\t\t\t<img decoding=\"async\" src=\"https:\/\/societyofthemostholyredeemer.org\/wp-content\/uploads\/elementor\/thumbs\/WhatsApp-Image-2021-08-13-at-18.39.22-pbkqlos6jrd8hu21urmmoehgjya6boecokzm0dir60.jpeg\" title=\"\" alt=\"\" loading=\"lazy\" \/>\t\t\t\t\t\t\t\t\t\t\t\t\t\t\t<\/div>\n\t\t\t\t<\/div>\n\t\t\t\t<div class=\"elementor-element elementor-element-176ae63 elementor-widget elementor-widget-text-editor\" data-id=\"176ae63\" data-element_type=\"widget\" data-e-type=\"widget\" data-widget_type=\"text-editor.default\">\n\t\t\t\t<div class=\"elementor-widget-container\">\n\t\t\t\t\t\t\t\t\t<p><span style=\"color: #800000;\">Este esquema del Santo Rosario (basado en el Rosario de San Luis Mar\u00eda Grignion de Montfort) est\u00e1 destinado a ser rezado en lat\u00edn. Las traducciones que se ofrecen han sido elaboradas siguiendo el texto latino con la mayor exactitud posible. De este modo, ofrece, por un lado, la posibilidad de comprender el profundo sentido doctrinal que a menudo se aprecia poco en otras traducciones y, por otro, un soporte acad\u00e9mico para el combate m\u00e1s eficaz en nuestra \u00e9poca posmodernista. Un regalo perfecto para una familia cat\u00f3lica tradicional o para tener como recurso en su biblioteca.<\/span><\/p>\t\t\t\t\t\t\t\t<\/div>\n\t\t\t\t<\/div>\n\t\t\t\t<div class=\"elementor-element elementor-element-e570060 elementor-widget elementor-widget-text-editor\" data-id=\"e570060\" data-element_type=\"widget\" data-e-type=\"widget\" data-widget_type=\"text-editor.default\">\n\t\t\t\t<div class=\"elementor-widget-container\">\n\t\t\t\t\t\t\t\t\t<p><span style=\"color: #800000;\">Este esquema del Santo Rosario (basado en el Rosario de San Luis Mar\u00eda Grignion de Montfort) est\u00e1 destinado a ser rezado en lat\u00edn. Las traducciones ofrecidas fueron elaboradas siguiendo de la manera m\u00e1s exacta posible el texto latino. De este modo se brinda la posibilidad tanto de comprender el profundo sentido doctrinal que muchas veces es poco apreciado en otras traducciones como un soporte acad\u00e9mico para el combate m\u00e1s efectivo en nuestra era postmodernista. Un regalo perfecto para una Familia Cat\u00f3lica Tradicional o para tener como material de consulta en la biblioteca.<\/span><\/p>\t\t\t\t\t\t\t\t<\/div>\n\t\t\t\t<\/div>\n\t\t\t\t<div class=\"elementor-element elementor-element-3b49e25 elementor-widget elementor-widget-text-editor\" data-id=\"3b49e25\" data-element_type=\"widget\" data-e-type=\"widget\" data-widget_type=\"text-editor.default\">\n\t\t\t\t<div class=\"elementor-widget-container\">\n\t\t\t\t\t\t\t\t\t<p><span style=\"color: #800000;\">Este m\u00e9todo del Santo Rosario (basado en el Rosario de San Luis Mar\u00eda Grignion de Montfort) debe revisarse en lat\u00edn. Las traducciones ofrecidas se prepararon siguiendo el modo m\u00e1s pr\u00f3ximo posible al texto latino. De este modo, se ofrece aqu\u00ed la posibilidad de comprender el profundo sentido del doble sentido, muchas veces poco valorado en otras traducciones, y tambi\u00e9n un apoyo acad\u00e9mico para el combate m\u00e1s eficaz en nuestra era posmodernista. Un regalo perfecto para una familia cat\u00f3lica tradicional o para tener como material de consulta en la biblioteca.<\/span><\/p>\t\t\t\t\t\t\t\t<\/div>\n\t\t\t\t<\/div>\n\t\t\t\t<div class=\"elementor-element elementor-element-db68d6e elementor-widget elementor-widget-spacer\" data-id=\"db68d6e\" data-element_type=\"widget\" data-e-type=\"widget\" data-widget_type=\"spacer.default\">\n\t\t\t\t<div class=\"elementor-widget-container\">\n\t\t\t\t\t\t\t<div class=\"elementor-spacer\">\n\t\t\t<div class=\"elementor-spacer-inner\"><\/div>\n\t\t<\/div>\n\t\t\t\t\t\t<\/div>\n\t\t\t\t<\/div>\n\t\t\t\t<div class=\"elementor-element elementor-element-1959b96 elementor-widget elementor-widget-text-editor\" data-id=\"1959b96\" data-element_type=\"widget\" data-e-type=\"widget\" data-widget_type=\"text-editor.default\">\n\t\t\t\t<div class=\"elementor-widget-container\">\n\t\t\t\t\t\t\t\t\t<p><span style=\"color: #800000;\">Las ventas de este folleto del Rosario apoyan el mantenimiento de nuestro sitio web y otras actividades de la Sociedad del Sant\u00edsimo Redentor. El donativo sugerido es de Gs.40.000 (unos 7 US$) m\u00e1s gastos de env\u00edo.\u00a0<\/span><\/p>\t\t\t\t\t\t\t\t<\/div>\n\t\t\t\t<\/div>\n\t\t\t\t<div class=\"elementor-element elementor-element-8539545 elementor-button-success elementor-widget elementor-widget-button\" data-id=\"8539545\" data-element_type=\"widget\" data-e-type=\"widget\" data-widget_type=\"button.default\">\n\t\t\t\t<div class=\"elementor-widget-container\">\n\t\t\t\t\t\t\t\t\t<div class=\"elementor-button-wrapper\">\n\t\t\t\t\t<a class=\"elementor-button elementor-button-link elementor-size-sm\" href=\"\">\n\t\t\t\t\t\t<span class=\"elementor-button-content-wrapper\">\n\t\t\t\t\t\t\t\t\t<span class=\"elementor-button-text\">Comprar<\/span>\n\t\t\t\t\t<\/span>\n\t\t\t\t\t<\/a>\n\t\t\t\t<\/div>\n\t\t\t\t\t\t\t\t<\/div>\n\t\t\t\t<\/div>\n\t\t\t\t\t<\/div>\n\t\t\t\t<\/div>\n\t\t\t\t<\/div>","protected":false},"excerpt":{"rendered":"<p>CHAPEL VEILS We present these lovely chapel veils of a soft flowing lace in white or black, excellent for daily use and perfect to give as a gift to a special Traditional Catholic woman. Sales of these Veils support the &hellip; <a class=\"continue_reading\" href=\"https:\/\/societyofthemostholyredeemer.org\/es\/store\/\">Seguir leyendo <span class=\"meta-nav\"><i class=\"fa fa-caret-right\" aria-hidden=\"true\"><\/i><\/span><\/a><\/p>","protected":false},"author":2,"featured_media":0,"parent":0,"menu_order":10,"comment_status":"closed","ping_status":"closed","template":"","meta":{"_acf_changed":false,"footnotes":""},"class_list":["post-2985","page","type-page","status-publish","hentry"],"acf":[],"_links":{"self":[{"href":"https:\/\/societyofthemostholyredeemer.org\/es\/wp-json\/wp\/v2\/pages\/2985","targetHints":{"allow":["GET"]}}],"collection":[{"href":"https:\/\/societyofthemostholyredeemer.org\/es\/wp-json\/wp\/v2\/pages"}],"about":[{"href":"https:\/\/societyofthemostholyredeemer.org\/es\/wp-json\/wp\/v2\/types\/page"}],"author":[{"embeddable":true,"href":"https:\/\/societyofthemostholyredeemer.org\/es\/wp-json\/wp\/v2\/users\/2"}],"replies":[{"embeddable":true,"href":"https:\/\/societyofthemostholyredeemer.org\/es\/wp-json\/wp\/v2\/comments?post=2985"}],"version-history":[{"count":46,"href":"https:\/\/societyofthemostholyredeemer.org\/es\/wp-json\/wp\/v2\/pages\/2985\/revisions"}],"predecessor-version":[{"id":6704,"href":"https:\/\/societyofthemostholyredeemer.org\/es\/wp-json\/wp\/v2\/pages\/2985\/revisions\/6704"}],"wp:attachment":[{"href":"https:\/\/societyofthemostholyredeemer.org\/es\/wp-json\/wp\/v2\/media?parent=2985"}],"curies":[{"name":"wp","href":"https:\/\/api.w.org\/{rel}","templated":true}]}}