{"id":3957,"date":"2024-11-18T00:05:35","date_gmt":"2024-11-18T00:05:35","guid":{"rendered":"https:\/\/societyofthemostholyredeemer.org\/?page_id=3957"},"modified":"2025-02-22T02:32:30","modified_gmt":"2025-02-22T02:32:30","slug":"terms-of-use","status":"publish","type":"page","link":"https:\/\/societyofthemostholyredeemer.org\/es\/terms-of-use\/","title":{"rendered":"CONDICIONES DE USO"},"content":{"rendered":"<div data-elementor-type=\"wp-page\" data-elementor-id=\"3957\" class=\"elementor elementor-3957\" data-elementor-post-type=\"page\">\n\t\t\t\t<div class=\"elementor-element elementor-element-4782a13 e-flex e-con-boxed e-con e-parent\" data-id=\"4782a13\" data-element_type=\"container\" data-e-type=\"container\">\n\t\t\t\t\t<div class=\"e-con-inner\">\n\t\t\t\t<div class=\"elementor-element elementor-element-6590d18 elementor-widget elementor-widget-text-editor\" data-id=\"6590d18\" data-element_type=\"widget\" data-e-type=\"widget\" data-widget_type=\"text-editor.default\">\n\t\t\t\t<div class=\"elementor-widget-container\">\n\t\t\t\t\t\t\t\t\t<p>Bienvenido a nuestro sitio web. Si contin\u00faa navegando y utilizando este sitio web, usted acepta cumplir y estar obligado por los siguientes t\u00e9rminos y condiciones de uso, que junto con nuestra pol\u00edtica de privacidad rigen la relaci\u00f3n de la Sociedad del Sant\u00edsimo Redentor con usted en relaci\u00f3n con este sitio web. Si usted no est\u00e1 de acuerdo con cualquier parte de estos t\u00e9rminos y condiciones, por favor no utilice nuestro sitio web.<\/p><p>El t\u00e9rmino \"la Sociedad del Sant\u00edsimo Redentor\" o \"nosotros\" se refiere al propietario del sitio web con domicilio social en Bardstown, KY. El t\u00e9rmino \"usted\" se refiere al usuario o visitante de nuestro sitio web.<\/p><p>El uso de este sitio web est\u00e1 sujeto a las siguientes condiciones de uso:<\/p><p>Consentimiento de las condiciones de uso<br \/>Al utilizar este sitio, usted acepta que su uso est\u00e1 sujeto a los siguientes t\u00e9rminos y condiciones, que pueden ser modificados en cualquier momento sin previo aviso. Si no est\u00e1 de acuerdo con estos t\u00e9rminos y condiciones, o si su uso infringe estos t\u00e9rminos y condiciones o cualquier ley aplicable, no est\u00e1 autorizado a utilizar este sitio.<\/p><p>Derechos de autor y marcas registradas<\/p><p>SOCIETYOFTHEMOSTHOLYREDEEMER.ORG. Copyright 2018, La Sociedad del Sant\u00edsimo Redentor. Todos los derechos reservados. Todo el contenido de este sitio, incluyendo, sin limitaci\u00f3n, el texto, los gr\u00e1ficos, los multimedia o el c\u00f3digo es propiedad de la Sociedad del Sant\u00edsimo Redentor y est\u00e1 protegido por derechos de autor como obra colectiva bajo las leyes de los Estados Unidos y otros tratados y convenciones internacionales. Todas las obras con licencia de la Sociedad del Sant\u00edsimo Redentor en este sitio tambi\u00e9n tienen derechos de autor y forman parte de la obra colectiva.<\/p><p>Todo el contenido proporcionado en este sitio es \u00fanicamente para uso informativo. Cualquier otro uso est\u00e1 estrictamente prohibido, incluyendo sin limitaci\u00f3n, la copia, reproducci\u00f3n, publicaci\u00f3n, distribuci\u00f3n, exhibici\u00f3n o transmisi\u00f3n de este sitio o cualquier parte del mismo, a menos que se obtenga la autorizaci\u00f3n previa de la Sociedad del Sant\u00edsimo Redentor. Todas las marcas comerciales, marcas de servicio y nombres comerciales de la Sociedad del Sant\u00edsimo Redentor que aparecen en el sitio son marcas comerciales o marcas registradas de la Sociedad del Sant\u00edsimo Redentor.<\/p><p>Descargo de responsabilidad, limitaci\u00f3n de la responsabilidad y renuncia; enlaces a terceros<\/p><p>La Sociedad del Sant\u00edsimo Redentor rechaza toda garant\u00eda relativa al contenido o a las funciones de este sitio web.* En la medida en que lo permita la ley, la Sociedad del Sant\u00edsimo Redentor rechaza toda garant\u00eda, expresa o impl\u00edcita, incluidas, entre otras, las garant\u00edas impl\u00edcitas de no infracci\u00f3n, las garant\u00edas impl\u00edcitas de comercializaci\u00f3n y las garant\u00edas impl\u00edcitas de idoneidad para un fin determinado (excepto en los casos en que la ley proh\u00edba la renuncia a cualquiera de estas garant\u00edas impl\u00edcitas).<\/p><p>La Sociedad del Sant\u00edsimo Redentor no garantiza que este sitio o su servidor de alojamiento est\u00e9n siempre libres de virus o elementos maliciosos creados por terceros. Tampoco garantiza que este sitio est\u00e9 siempre operativo, libre de interrupciones o errores. La Sociedad del Sant\u00edsimo Redentor no se hace responsable de los da\u00f1os y perjuicios de cualquier \u00edndole que se deriven o est\u00e9n relacionados con el uso de este sitio. El hecho de que la Sociedad del Sant\u00edsimo Redentor no haga cumplir cualquier disposici\u00f3n de estos t\u00e9rminos y condiciones no se interpretar\u00e1 como una renuncia a dicha disposici\u00f3n o derecho. La Sociedad del Sant\u00edsimo Redentor tambi\u00e9n puede enlazar con sitios operados por terceros. Si decide acceder a ellos, lo har\u00e1 bajo su propia responsabilidad.<\/p><p>El contenido de las p\u00e1ginas de este sitio web es \u00fanicamente para su informaci\u00f3n y uso generales.  Est\u00e1 sujeto a cambios sin previo aviso.<\/p><p>Este sitio web utiliza cookies para controlar las preferencias de navegaci\u00f3n. Aunque usted permita el uso de cookies, es posible que almacenemos algunos datos personales para su uso por terceros.<\/p><p>Ni nosotros ni terceros proporcionamos garant\u00eda alguna en cuanto a la exactitud, puntualidad, rendimiento, integridad o idoneidad de la informaci\u00f3n y los materiales encontrados u ofrecidos en este sitio web para cualquier fin concreto. Usted reconoce que dicha informaci\u00f3n y materiales pueden contener inexactitudes o errores y nosotros excluimos expresamente toda responsabilidad por tales inexactitudes o errores en la m\u00e1xima medida permitida por la ley.<\/p><p>El uso que usted haga de la informaci\u00f3n o los materiales contenidos en este sitio web ser\u00e1 por su cuenta y riesgo, y no asumiremos responsabilidad alguna por ello. Ser\u00e1 su responsabilidad asegurarse de que cualquier producto, servicio o informaci\u00f3n disponible a trav\u00e9s de este sitio web satisface sus necesidades espec\u00edficas.<\/p><p>Este sitio web contiene material que nos pertenece o para el que tenemos licencia. Este material incluye, entre otros, el dise\u00f1o, la presentaci\u00f3n, el aspecto, la apariencia y los gr\u00e1ficos. Queda prohibida toda reproducci\u00f3n que no se ajuste al aviso de derechos de autor, que forma parte de las presentes condiciones.<\/p><p>Todas las marcas reproducidas en este sitio web que no sean propiedad del operador o no hayan sido cedidas bajo licencia al mismo se reconocen en el sitio web.<\/p><p>El uso no autorizado de este sitio web puede dar lugar a una reclamaci\u00f3n por da\u00f1os y perjuicios y\/o constituir un delito.<\/p><p>Ocasionalmente, este sitio web tambi\u00e9n puede incluir enlaces a otros sitios web. Estos enlaces se proporcionan para su comodidad con el fin de proporcionarle m\u00e1s informaci\u00f3n. No significan que apoyemos el sitio o sitios web enlazados. No asumimos responsabilidad alguna por el contenido de los sitios web enlazados.<\/p><p>Su uso de este sitio web y cualquier disputa que surja de dicho uso del sitio web est\u00e1n sujetos a las leyes de los Estados Unidos de Am\u00e9rica y de la Rep\u00fablica del Paraguay.<\/p><p>Liberaci\u00f3n e indemnizaci\u00f3n<\/p><p>Usted se compromete a liberar, mantener indemne, indemnizar y defender a la Sociedad del Esp\u00edritu Santo, sus funcionarios, directores, empleados, voluntarios, agentes y licenciatarios de y contra todos los da\u00f1os y p\u00e9rdidas, incluyendo los honorarios razonables de abogados, que surjan de o est\u00e9n relacionados con el uso de este sitio, especialmente incluyendo, sin limitaci\u00f3n, cualquier violaci\u00f3n de estos t\u00e9rminos y condiciones o cualquier uso negligente, tortuoso o ilegal.<\/p><p>*Esto no implica de ninguna manera que las ense\u00f1anzas infaliblemente definidas del Magisterio de la Iglesia Cat\u00f3lica que se citan en este sitio puedan ser err\u00f3neas.<\/p>\t\t\t\t\t\t\t\t<\/div>\n\t\t\t\t<\/div>\n\t\t\t\t\t<\/div>\n\t\t\t\t<\/div>\n\t\t\t\t<\/div>","protected":false},"excerpt":{"rendered":"<p>Welcome to our website. If you continue to browse and use this website, you are agreeing to comply with and be bound by the following terms and conditions of use, which together with our privacy policy govern the Society of &hellip; <a class=\"continue_reading\" href=\"https:\/\/societyofthemostholyredeemer.org\/es\/terms-of-use\/\">Seguir leyendo <span class=\"meta-nav\"><i class=\"fa fa-caret-right\" aria-hidden=\"true\"><\/i><\/span><\/a><\/p>","protected":false},"author":2,"featured_media":0,"parent":0,"menu_order":16,"comment_status":"closed","ping_status":"closed","template":"","meta":{"_acf_changed":false,"footnotes":""},"class_list":["post-3957","page","type-page","status-publish","hentry"],"acf":[],"_links":{"self":[{"href":"https:\/\/societyofthemostholyredeemer.org\/es\/wp-json\/wp\/v2\/pages\/3957","targetHints":{"allow":["GET"]}}],"collection":[{"href":"https:\/\/societyofthemostholyredeemer.org\/es\/wp-json\/wp\/v2\/pages"}],"about":[{"href":"https:\/\/societyofthemostholyredeemer.org\/es\/wp-json\/wp\/v2\/types\/page"}],"author":[{"embeddable":true,"href":"https:\/\/societyofthemostholyredeemer.org\/es\/wp-json\/wp\/v2\/users\/2"}],"replies":[{"embeddable":true,"href":"https:\/\/societyofthemostholyredeemer.org\/es\/wp-json\/wp\/v2\/comments?post=3957"}],"version-history":[{"count":11,"href":"https:\/\/societyofthemostholyredeemer.org\/es\/wp-json\/wp\/v2\/pages\/3957\/revisions"}],"predecessor-version":[{"id":4639,"href":"https:\/\/societyofthemostholyredeemer.org\/es\/wp-json\/wp\/v2\/pages\/3957\/revisions\/4639"}],"wp:attachment":[{"href":"https:\/\/societyofthemostholyredeemer.org\/es\/wp-json\/wp\/v2\/media?parent=3957"}],"curies":[{"name":"wp","href":"https:\/\/api.w.org\/{rel}","templated":true}]}}