{"id":3959,"date":"2024-11-18T00:06:02","date_gmt":"2024-11-18T00:06:02","guid":{"rendered":"https:\/\/societyofthemostholyredeemer.org\/?page_id=3959"},"modified":"2025-02-22T02:34:53","modified_gmt":"2025-02-22T02:34:53","slug":"privacy-policy","status":"publish","type":"page","link":"https:\/\/societyofthemostholyredeemer.org\/es\/privacy-policy\/","title":{"rendered":"POL\u00cdTICA DE PRIVACIDAD"},"content":{"rendered":"<div data-elementor-type=\"wp-page\" data-elementor-id=\"3959\" class=\"elementor elementor-3959\" data-elementor-post-type=\"page\">\n\t\t\t\t<div class=\"elementor-element elementor-element-92e8b0f e-flex e-con-boxed e-con e-parent\" data-id=\"92e8b0f\" data-element_type=\"container\" data-e-type=\"container\">\n\t\t\t\t\t<div class=\"e-con-inner\">\n\t\t\t\t<div class=\"elementor-element elementor-element-5826767 elementor-widget elementor-widget-text-editor\" data-id=\"5826767\" data-element_type=\"widget\" data-e-type=\"widget\" data-widget_type=\"text-editor.default\">\n\t\t\t\t<div class=\"elementor-widget-container\">\n\t\t\t\t\t\t\t\t\t<p style=\"text-align: justify;\">Al utilizar este sitio, usted acepta los t\u00e9rminos de esta pol\u00edtica de privacidad, que puede ser modificada de vez en cuando sin previo aviso.<\/p><p style=\"text-align: justify;\">La Sociedad del Sant\u00edsimo Redentor puede recopilar informaci\u00f3n, de usted, por ejemplo, si completa un formulario de registro para inscribirse en las alertas de correo electr\u00f3nico, o para participar en diversas funciones relacionadas con el sitio.<\/p><p style=\"text-align: justify;\">La Sociedad del Sant\u00edsimo Redentor puede utilizar la informaci\u00f3n personal que usted nos proporciona para ponerse en contacto con usted, o para proporcionarle o ayudarle con las funciones del sitio. Tambi\u00e9n puede utilizar su informaci\u00f3n para el mantenimiento de registros internos, para mejorar el contenido o la funcionalidad del sitio web, y para fines relacionados con su misi\u00f3n religiosa y sus apostolados o los de sus afiliados. La Sociedad del Sant\u00edsimo Redentor nunca vender\u00e1 su informaci\u00f3n personal a terceros.<\/p><p style=\"text-align: justify;\">Adem\u00e1s de la informaci\u00f3n que usted nos proporciona, la Sociedad del Sant\u00edsimo Redentor tambi\u00e9n puede utilizar la tecnolog\u00eda para recopilar informaci\u00f3n sobre su uso de este sitio, incluyendo, sin limitaci\u00f3n, el seguimiento de la frecuencia con la que visita nuestro sitio, las fechas, horas y duraci\u00f3n de sus visitas, las p\u00e1ginas que ve, los sitios que le remitieron a nuestro sitio, el navegador que utiliza y el dominio o la direcci\u00f3n IP que utiliza para acceder al sitio. La Sociedad del Sant\u00edsimo Redentor puede utilizar esta informaci\u00f3n por diversas razones, incluyendo, sin limitaci\u00f3n, la elaboraci\u00f3n de estad\u00edsticas sobre nuestros visitantes, para comprender mejor sus necesidades e intereses, para personalizar su experiencia en l\u00ednea y para mejorar el contenido y la funcionalidad de nuestro sitio web.<\/p><p style=\"text-align: justify;\">La Sociedad del Sant\u00edsimo Redentor no solicita a sabiendas informaci\u00f3n personal de ni\u00f1os menores de 13 a\u00f1os a trav\u00e9s de su sitio web o funciones en l\u00ednea sin el consentimiento previo, expreso e informado de los padres o tutores legales del ni\u00f1o. [V\u00e9ase la Ley de Protecci\u00f3n de la Privacidad de los Ni\u00f1os en Internet [EE.UU.], 15 U.S.C. \u00a7\u00a7 6501-6506].<\/p>\t\t\t\t\t\t\t\t<\/div>\n\t\t\t\t<\/div>\n\t\t\t\t\t<\/div>\n\t\t\t\t<\/div>\n\t\t\t\t<\/div>","protected":false},"excerpt":{"rendered":"<p>By using this site, you agree to the terms of this privacy policy, which may be modified from time to time without notice to you. The Society of the Most Holy Redeemer may collect information, from you, for example, if &hellip; <a class=\"continue_reading\" href=\"https:\/\/societyofthemostholyredeemer.org\/es\/privacy-policy\/\">Seguir leyendo <span class=\"meta-nav\"><i class=\"fa fa-caret-right\" aria-hidden=\"true\"><\/i><\/span><\/a><\/p>","protected":false},"author":2,"featured_media":0,"parent":0,"menu_order":17,"comment_status":"closed","ping_status":"closed","template":"","meta":{"_acf_changed":false,"footnotes":""},"class_list":["post-3959","page","type-page","status-publish","hentry"],"acf":[],"_links":{"self":[{"href":"https:\/\/societyofthemostholyredeemer.org\/es\/wp-json\/wp\/v2\/pages\/3959","targetHints":{"allow":["GET"]}}],"collection":[{"href":"https:\/\/societyofthemostholyredeemer.org\/es\/wp-json\/wp\/v2\/pages"}],"about":[{"href":"https:\/\/societyofthemostholyredeemer.org\/es\/wp-json\/wp\/v2\/types\/page"}],"author":[{"embeddable":true,"href":"https:\/\/societyofthemostholyredeemer.org\/es\/wp-json\/wp\/v2\/users\/2"}],"replies":[{"embeddable":true,"href":"https:\/\/societyofthemostholyredeemer.org\/es\/wp-json\/wp\/v2\/comments?post=3959"}],"version-history":[{"count":5,"href":"https:\/\/societyofthemostholyredeemer.org\/es\/wp-json\/wp\/v2\/pages\/3959\/revisions"}],"predecessor-version":[{"id":4640,"href":"https:\/\/societyofthemostholyredeemer.org\/es\/wp-json\/wp\/v2\/pages\/3959\/revisions\/4640"}],"wp:attachment":[{"href":"https:\/\/societyofthemostholyredeemer.org\/es\/wp-json\/wp\/v2\/media?parent=3959"}],"curies":[{"name":"wp","href":"https:\/\/api.w.org\/{rel}","templated":true}]}}