{"id":4282,"date":"2019-09-17T22:03:11","date_gmt":"2019-09-17T22:03:11","guid":{"rendered":"https:\/\/societyofthemostholyredeemer.org\/?page_id=4282"},"modified":"2025-06-14T21:06:50","modified_gmt":"2025-06-14T21:06:50","slug":"oblates","status":"publish","type":"page","link":"https:\/\/societyofthemostholyredeemer.org\/es\/oblates\/","title":{"rendered":"OBLIGADOS"},"content":{"rendered":"<div data-elementor-type=\"wp-page\" data-elementor-id=\"4282\" class=\"elementor elementor-4282\" data-elementor-post-type=\"page\">\n\t\t\t\t<div class=\"elementor-element elementor-element-8f1b626 e-con-full e-flex e-con e-parent\" data-id=\"8f1b626\" data-element_type=\"container\" data-e-type=\"container\">\n\t\t<div class=\"elementor-element elementor-element-7cef95d e-flex e-con-boxed e-con e-child\" data-id=\"7cef95d\" data-element_type=\"container\" data-e-type=\"container\">\n\t\t\t\t\t<div class=\"e-con-inner\">\n\t\t\t\t<div class=\"elementor-element elementor-element-c37a866 e-transform elementor-widget elementor-widget-image\" data-id=\"c37a866\" data-element_type=\"widget\" data-e-type=\"widget\" data-settings=\"{&quot;_transform_scale_effect&quot;:{&quot;unit&quot;:&quot;px&quot;,&quot;size&quot;:1,&quot;sizes&quot;:[]},&quot;_transform_scale_effect_tablet&quot;:{&quot;unit&quot;:&quot;px&quot;,&quot;size&quot;:&quot;&quot;,&quot;sizes&quot;:[]},&quot;_transform_scale_effect_mobile&quot;:{&quot;unit&quot;:&quot;px&quot;,&quot;size&quot;:&quot;&quot;,&quot;sizes&quot;:[]}}\" data-widget_type=\"image.default\">\n\t\t\t\t<div class=\"elementor-widget-container\">\n\t\t\t\t\t\t\t\t\t\t\t\t\t\t\t<img fetchpriority=\"high\" decoding=\"async\" width=\"563\" height=\"562\" src=\"https:\/\/societyofthemostholyredeemer.org\/wp-content\/uploads\/2024\/11\/OLPH-1.jpg\" class=\"attachment-large size-large wp-image-4302\" alt=\"\" srcset=\"https:\/\/societyofthemostholyredeemer.org\/wp-content\/uploads\/2024\/11\/OLPH-1.jpg 563w, https:\/\/societyofthemostholyredeemer.org\/wp-content\/uploads\/2024\/11\/OLPH-1-300x300.jpg 300w, https:\/\/societyofthemostholyredeemer.org\/wp-content\/uploads\/2024\/11\/OLPH-1-150x150.jpg 150w, https:\/\/societyofthemostholyredeemer.org\/wp-content\/uploads\/2024\/11\/OLPH-1-12x12.jpg 12w\" sizes=\"(max-width: 563px) 100vw, 563px\" \/>\t\t\t\t\t\t\t\t\t\t\t\t\t\t\t<\/div>\n\t\t\t\t<\/div>\n\t\t\t\t<div class=\"elementor-element elementor-element-7a07263 elementor-widget__width-initial elementor-widget elementor-widget-heading\" data-id=\"7a07263\" data-element_type=\"widget\" data-e-type=\"widget\" data-widget_type=\"heading.default\">\n\t\t\t\t<div class=\"elementor-widget-container\">\n\t\t\t\t\t<h1 class=\"elementor-heading-title elementor-size-default\">Bienvenido a la secci\u00f3n del <br>oblatos de la sociedad del sant\u00edsimo redentor<\/h1>\t\t\t\t<\/div>\n\t\t\t\t<\/div>\n\t\t\t\t<div class=\"elementor-element elementor-element-1e49c5f elementor-widget elementor-widget-text-editor\" data-id=\"1e49c5f\" data-element_type=\"widget\" data-e-type=\"widget\" data-widget_type=\"text-editor.default\">\n\t\t\t\t<div class=\"elementor-widget-container\">\n\t\t\t\t\t\t\t\t\t<h3 style=\"text-align: center;\">Los Oblatos de la Sociedad del Sant\u00edsimo Redentor consagran sus vidas a servir a Jesucristo, Sumo Sacerdote, Profeta y Rey, contemplando el misterio de la Redenci\u00f3n y ayudando a la obra misionera de nuestra sociedad, que es llevar a todos los hombres la abundante redenci\u00f3n que est\u00e1 en la Sangre de Cristo.&nbsp;&nbsp;<\/h3>\t\t\t\t\t\t\t\t<\/div>\n\t\t\t\t<\/div>\n\t\t\t\t\t<\/div>\n\t\t\t\t<\/div>\n\t\t\t\t<\/div>\n\t\t<div class=\"elementor-element elementor-element-68a3b44 e-flex e-con-boxed e-con e-parent\" data-id=\"68a3b44\" data-element_type=\"container\" data-e-type=\"container\">\n\t\t\t\t\t<div class=\"e-con-inner\">\n\t\t\t\t<div class=\"elementor-element elementor-element-4618274 elementor-widget elementor-widget-spacer\" data-id=\"4618274\" data-element_type=\"widget\" data-e-type=\"widget\" data-widget_type=\"spacer.default\">\n\t\t\t\t<div class=\"elementor-widget-container\">\n\t\t\t\t\t\t\t<div class=\"elementor-spacer\">\n\t\t\t<div class=\"elementor-spacer-inner\"><\/div>\n\t\t<\/div>\n\t\t\t\t\t\t<\/div>\n\t\t\t\t<\/div>\n\t\t\t\t<div class=\"elementor-element elementor-element-604793d elementor-widget elementor-widget-text-editor\" data-id=\"604793d\" data-element_type=\"widget\" data-e-type=\"widget\" data-widget_type=\"text-editor.default\">\n\t\t\t\t<div class=\"elementor-widget-container\">\n\t\t\t\t\t\t\t\t\t<h4><a href=\"https:\/\/societyofthemostholyredeemer.org\/es\/liturgical-calendars\/\">CALENDARIOS LIT\u00daRGICOS<\/a><\/h4>\t\t\t\t\t\t\t\t<\/div>\n\t\t\t\t<\/div>\n\t\t\t\t\t<\/div>\n\t\t\t\t<\/div>\n\t\t<div class=\"elementor-element elementor-element-51d4014 e-flex e-con-boxed e-con e-parent\" data-id=\"51d4014\" data-element_type=\"container\" data-e-type=\"container\">\n\t\t\t\t\t<div class=\"e-con-inner\">\n\t\t\t\t<div class=\"elementor-element elementor-element-eb93033 elementor-widget elementor-widget-text-editor\" data-id=\"eb93033\" data-element_type=\"widget\" data-e-type=\"widget\" data-widget_type=\"text-editor.default\">\n\t\t\t\t<div class=\"elementor-widget-container\">\n\t\t\t\t\t\t\t\t\t<p><a href=\"https:\/\/societyofthemostholyredeemer.org\/es\/seasonal-prayers-meditations\/\"><strong>ORACIONES Y MEDITACIONES<\/strong><\/a><br \/><em>- principalmente de fuentes redentoristas<\/em><\/p>\t\t\t\t\t\t\t\t<\/div>\n\t\t\t\t<\/div>\n\t\t\t\t\t<\/div>\n\t\t\t\t<\/div>\n\t\t<div class=\"elementor-element elementor-element-be7d97d e-flex e-con-boxed e-con e-parent\" data-id=\"be7d97d\" data-element_type=\"container\" data-e-type=\"container\">\n\t\t\t\t\t<div class=\"e-con-inner\">\n\t\t\t\t<div class=\"elementor-element elementor-element-81d88f3 elementor-widget elementor-widget-text-editor\" data-id=\"81d88f3\" data-element_type=\"widget\" data-e-type=\"widget\" data-widget_type=\"text-editor.default\">\n\t\t\t\t<div class=\"elementor-widget-container\">\n\t\t\t\t\t\t\t\t\t<p><a href=\"https:\/\/societyofthemostholyredeemer.org\/es\/mariology\/\"><strong>DEVOCI\u00d3N A LA SANT\u00cdSIMA VIRGEN MAR\u00cdA Y A LOS SANTOS<\/strong><\/a><\/p>\t\t\t\t\t\t\t\t<\/div>\n\t\t\t\t<\/div>\n\t\t\t\t\t<\/div>\n\t\t\t\t<\/div>\n\t\t<div class=\"elementor-element elementor-element-21223cf e-flex e-con-boxed e-con e-parent\" data-id=\"21223cf\" data-element_type=\"container\" data-e-type=\"container\">\n\t\t\t\t\t<div class=\"e-con-inner\">\n\t\t\t\t<div class=\"elementor-element elementor-element-d43b313 elementor-widget elementor-widget-text-editor\" data-id=\"d43b313\" data-element_type=\"widget\" data-e-type=\"widget\" data-widget_type=\"text-editor.default\">\n\t\t\t\t<div class=\"elementor-widget-container\">\n\t\t\t\t\t\t\t\t\t<h2><a href=\"https:\/\/societyofthemostholyredeemer.org\/es\/catholic-practice\/\">PR\u00c1CTICA CAT\u00d3LICA<\/a><\/h2>\t\t\t\t\t\t\t\t<\/div>\n\t\t\t\t<\/div>\n\t\t\t\t\t<\/div>\n\t\t\t\t<\/div>\n\t\t<div class=\"elementor-element elementor-element-b88b040 e-flex e-con-boxed e-con e-parent\" data-id=\"b88b040\" data-element_type=\"container\" data-e-type=\"container\">\n\t\t\t\t\t<div class=\"e-con-inner\">\n\t\t\t\t<div class=\"elementor-element elementor-element-616ed46 elementor-widget elementor-widget-text-editor\" data-id=\"616ed46\" data-element_type=\"widget\" data-e-type=\"widget\" data-widget_type=\"text-editor.default\">\n\t\t\t\t<div class=\"elementor-widget-container\">\n\t\t\t\t\t\t\t\t\t<h4><a href=\"https:\/\/societyofthemostholyredeemer.org\/es\/marianella-publications\/\">PUBLICACIONES MARIANELLA<\/a><\/h4>\t\t\t\t\t\t\t\t<\/div>\n\t\t\t\t<\/div>\n\t\t\t\t\t<\/div>\n\t\t\t\t<\/div>\n\t\t\t\t<\/div>","protected":false},"excerpt":{"rendered":"<p>Welcome to the section of the OBLATES of the SOCIETY of the MOST HOLY REDEEMER The Oblates of the Society of the Most Holy Redeemer consecrate their lives to serve Jesus Christ,&nbsp; &nbsp;High Priest, Prophet, and King, contemplating the mystery &hellip; <a class=\"continue_reading\" href=\"https:\/\/societyofthemostholyredeemer.org\/es\/oblates\/\">Seguir leyendo <span class=\"meta-nav\"><i class=\"fa fa-caret-right\" aria-hidden=\"true\"><\/i><\/span><\/a><\/p>","protected":false},"author":2,"featured_media":0,"parent":0,"menu_order":4,"comment_status":"closed","ping_status":"closed","template":"","meta":{"_acf_changed":false,"footnotes":""},"class_list":["post-4282","page","type-page","status-publish","hentry"],"acf":[],"_links":{"self":[{"href":"https:\/\/societyofthemostholyredeemer.org\/es\/wp-json\/wp\/v2\/pages\/4282","targetHints":{"allow":["GET"]}}],"collection":[{"href":"https:\/\/societyofthemostholyredeemer.org\/es\/wp-json\/wp\/v2\/pages"}],"about":[{"href":"https:\/\/societyofthemostholyredeemer.org\/es\/wp-json\/wp\/v2\/types\/page"}],"author":[{"embeddable":true,"href":"https:\/\/societyofthemostholyredeemer.org\/es\/wp-json\/wp\/v2\/users\/2"}],"replies":[{"embeddable":true,"href":"https:\/\/societyofthemostholyredeemer.org\/es\/wp-json\/wp\/v2\/comments?post=4282"}],"version-history":[{"count":86,"href":"https:\/\/societyofthemostholyredeemer.org\/es\/wp-json\/wp\/v2\/pages\/4282\/revisions"}],"predecessor-version":[{"id":9454,"href":"https:\/\/societyofthemostholyredeemer.org\/es\/wp-json\/wp\/v2\/pages\/4282\/revisions\/9454"}],"wp:attachment":[{"href":"https:\/\/societyofthemostholyredeemer.org\/es\/wp-json\/wp\/v2\/media?parent=4282"}],"curies":[{"name":"wp","href":"https:\/\/api.w.org\/{rel}","templated":true}]}}