{"id":4552,"date":"2024-11-26T22:31:32","date_gmt":"2024-11-26T22:31:32","guid":{"rendered":"https:\/\/societyofthemostholyredeemer.org\/?page_id=4552"},"modified":"2025-02-22T03:23:30","modified_gmt":"2025-02-22T03:23:30","slug":"the-st-andrew-christmas-novena","status":"publish","type":"page","link":"https:\/\/societyofthemostholyredeemer.org\/es\/the-st-andrew-christmas-novena\/","title":{"rendered":"LA NOVENA DE NAVIDAD \"SAN. NOVENA DE NAVIDAD \"SAN ANDR\u00c9S"},"content":{"rendered":"<div data-elementor-type=\"wp-page\" data-elementor-id=\"4552\" class=\"elementor elementor-4552\" data-elementor-post-type=\"page\">\n\t\t\t\t<div class=\"elementor-element elementor-element-8bbf628 e-flex e-con-boxed e-con e-parent\" data-id=\"8bbf628\" data-element_type=\"container\" data-e-type=\"container\">\n\t\t\t\t\t<div class=\"e-con-inner\">\n\t\t\t\t<div class=\"elementor-element elementor-element-9691043 elementor-widget elementor-widget-text-editor\" data-id=\"9691043\" data-element_type=\"widget\" data-e-type=\"widget\" data-widget_type=\"text-editor.default\">\n\t\t\t\t<div class=\"elementor-widget-container\">\n\t\t\t\t\t\t\t\t\t<p><em>Esta novena, que dura 25 d\u00edas, comienza el 30 de noviembre, fiesta de San Andr\u00e9s, y termina en Nochebuena, por lo que abarca la mayor parte, si no todo, el tiempo de Adviento.  La oraci\u00f3n de la novena se reza 15 veces al d\u00eda, no necesariamente todas a la vez, y es una s\u00faplica piadosa a Dios para que se cumpla una petici\u00f3n anhelada.  Es una excelente pr\u00e1ctica de Adviento en previsi\u00f3n del mayor regalo de todos, que nos nace el d\u00eda de Navidad.<\/em><em>\u00a0<\/em><\/p><p><strong>Salve y bendita sea la hora y el momento en que el Hijo de Dios naci\u00f3 de la pur\u00edsima Virgen Mar\u00eda, a medianoche, en Bel\u00e9n, con un fr\u00edo penetrante.<\/strong><\/p><p><strong>En esa hora, \u00a1concede, oh Dios m\u00edo! escuchar mi oraci\u00f3n y conceder mis deseos, por los m\u00e9ritos de Nuestro Salvador Jesucristo, y de Su Sant\u00edsima Madre.  Am\u00e9n.<\/strong><\/p><p><strong>\u00a0<\/strong><em>Tras completar la decimoquinta repetici\u00f3n, concluye la siguiente oraci\u00f3n:<\/em><\/p><p><strong><em>Recemos:<\/em><\/strong><\/p><p>Oh Se\u00f1or Jesucristo, que te complaciste en humillarte en tu divinidad encarnada y en tu humanidad sacrat\u00edsima, hasta nacer en el tiempo y hacerte ni\u00f1o, te suplicamos: .  Am\u00e9n.<\/p><p>Haz, Se\u00f1or, que, adorando tus humillaciones en la tierra, lleguemos a contemplar tus glorias en el cielo, T\u00fa que con el Padre y el Esp\u00edritu Santo vives y reinas por los siglos de los siglos.  Am\u00e9n.<\/p>\t\t\t\t\t\t\t\t<\/div>\n\t\t\t\t<\/div>\n\t\t\t\t\t<\/div>\n\t\t\t\t<\/div>\n\t\t\t\t<\/div>","protected":false},"excerpt":{"rendered":"<p>This Novena, which lasts 25 days, begins on November 30, the feast of St. Andrew, and ends on Christmas Eve, so it covers most, if not all, of the Advent season.\u00a0 The novena prayer is prayed 15 times a day, &hellip; <a class=\"continue_reading\" href=\"https:\/\/societyofthemostholyredeemer.org\/es\/the-st-andrew-christmas-novena\/\">Seguir leyendo <span class=\"meta-nav\"><i class=\"fa fa-caret-right\" aria-hidden=\"true\"><\/i><\/span><\/a><\/p>","protected":false},"author":2,"featured_media":0,"parent":0,"menu_order":45,"comment_status":"closed","ping_status":"closed","template":"","meta":{"_acf_changed":false,"footnotes":""},"class_list":["post-4552","page","type-page","status-publish","hentry"],"acf":[],"_links":{"self":[{"href":"https:\/\/societyofthemostholyredeemer.org\/es\/wp-json\/wp\/v2\/pages\/4552","targetHints":{"allow":["GET"]}}],"collection":[{"href":"https:\/\/societyofthemostholyredeemer.org\/es\/wp-json\/wp\/v2\/pages"}],"about":[{"href":"https:\/\/societyofthemostholyredeemer.org\/es\/wp-json\/wp\/v2\/types\/page"}],"author":[{"embeddable":true,"href":"https:\/\/societyofthemostholyredeemer.org\/es\/wp-json\/wp\/v2\/users\/2"}],"replies":[{"embeddable":true,"href":"https:\/\/societyofthemostholyredeemer.org\/es\/wp-json\/wp\/v2\/comments?post=4552"}],"version-history":[{"count":14,"href":"https:\/\/societyofthemostholyredeemer.org\/es\/wp-json\/wp\/v2\/pages\/4552\/revisions"}],"predecessor-version":[{"id":6698,"href":"https:\/\/societyofthemostholyredeemer.org\/es\/wp-json\/wp\/v2\/pages\/4552\/revisions\/6698"}],"wp:attachment":[{"href":"https:\/\/societyofthemostholyredeemer.org\/es\/wp-json\/wp\/v2\/media?parent=4552"}],"curies":[{"name":"wp","href":"https:\/\/api.w.org\/{rel}","templated":true}]}}