{"id":7052,"date":"2025-03-02T01:44:02","date_gmt":"2025-03-02T01:44:02","guid":{"rendered":"https:\/\/societyofthemostholyredeemer.org\/?page_id=7052"},"modified":"2025-04-29T00:42:08","modified_gmt":"2025-04-29T00:42:08","slug":"miraculous-30-day-novena-to-st-joseph","status":"publish","type":"page","link":"https:\/\/societyofthemostholyredeemer.org\/es\/miraculous-30-day-novena-to-st-joseph\/","title":{"rendered":"NOVENA MILAGROSA DE 30 D\u00cdAS A SAN JOS\u00c9 JOS\u00c9"},"content":{"rendered":"<div data-elementor-type=\"wp-page\" data-elementor-id=\"7052\" class=\"elementor elementor-7052\" data-elementor-post-type=\"page\">\n\t\t\t\t<div class=\"elementor-element elementor-element-182e04e e-flex e-con-boxed e-con e-parent\" data-id=\"182e04e\" data-element_type=\"container\" data-e-type=\"container\">\n\t\t\t\t\t<div class=\"e-con-inner\">\n\t\t\t\t<div class=\"elementor-element elementor-element-4261664 elementor-widget elementor-widget-image\" data-id=\"4261664\" data-element_type=\"widget\" data-e-type=\"widget\" data-widget_type=\"image.default\">\n\t\t\t\t<div class=\"elementor-widget-container\">\n\t\t\t\t\t\t\t\t\t\t\t\t\t\t\t<img fetchpriority=\"high\" decoding=\"async\" width=\"192\" height=\"300\" src=\"https:\/\/societyofthemostholyredeemer.org\/wp-content\/uploads\/2025\/03\/St-Joseph-holy-card-192x300.jpg\" class=\"attachment-medium size-medium wp-image-7053\" alt=\"\" srcset=\"https:\/\/societyofthemostholyredeemer.org\/wp-content\/uploads\/2025\/03\/St-Joseph-holy-card-192x300.jpg 192w, https:\/\/societyofthemostholyredeemer.org\/wp-content\/uploads\/2025\/03\/St-Joseph-holy-card-657x1024.jpg 657w, https:\/\/societyofthemostholyredeemer.org\/wp-content\/uploads\/2025\/03\/St-Joseph-holy-card-8x12.jpg 8w, https:\/\/societyofthemostholyredeemer.org\/wp-content\/uploads\/2025\/03\/St-Joseph-holy-card.jpg 736w\" sizes=\"(max-width: 192px) 100vw, 192px\" \/>\t\t\t\t\t\t\t\t\t\t\t\t\t\t\t<\/div>\n\t\t\t\t<\/div>\n\t\t\t\t\t<\/div>\n\t\t\t\t<\/div>\n\t\t<div class=\"elementor-element elementor-element-f30290f e-flex e-con-boxed e-con e-parent\" data-id=\"f30290f\" data-element_type=\"container\" data-e-type=\"container\">\n\t\t\t\t\t<div class=\"e-con-inner\">\n\t\t\t\t<div class=\"elementor-element elementor-element-1924080 elementor-widget elementor-widget-text-editor\" data-id=\"1924080\" data-element_type=\"widget\" data-e-type=\"widget\" data-widget_type=\"text-editor.default\">\n\t\t\t\t<div class=\"elementor-widget-container\">\n\t\t\t\t\t\t\t\t\t<p><em>Las siguientes oraciones se rezan cada d\u00eda de la novena, a la que se concede una indulgencia de 5 a\u00f1os cualquier d\u00eda.<\/em><\/p>\t\t\t\t\t\t\t\t<\/div>\n\t\t\t\t<\/div>\n\t\t\t\t\t<\/div>\n\t\t\t\t<\/div>\n\t\t<div class=\"elementor-element elementor-element-7773ad5 e-flex e-con-boxed e-con e-parent\" data-id=\"7773ad5\" data-element_type=\"container\" data-e-type=\"container\">\n\t\t\t\t\t<div class=\"e-con-inner\">\n\t\t\t\t<div class=\"elementor-element elementor-element-b566696 elementor-widget elementor-widget-text-editor\" data-id=\"b566696\" data-element_type=\"widget\" data-e-type=\"widget\" data-widget_type=\"text-editor.default\">\n\t\t\t\t<div class=\"elementor-widget-container\">\n\t\t\t\t\t\t\t\t\t<p>\u00a0 \u00a0 \u00a0Oh siempre bendito y glorioso San Jos\u00e9, Padre bondadoso e indulgente, amigo compasivo de todos los afligidos y apenados, por aquel amargo dolor con que se satur\u00f3 tu coraz\u00f3n cuando contemplaste los sufrimientos del Ni\u00f1o Salvador, y en visi\u00f3n prof\u00e9tica contemplaste su ignominios\u00edsima Pasi\u00f3n y Muerte; api\u00e1date, te lo suplico, de mi pobreza y necesidades; acons\u00e9jame en mis dudas; y consu\u00e9lame en todas mis angustias. <br \/>\u00a0 \u00a0 \u00a0T\u00fa eres el Padre bueno y protector de los hu\u00e9rfanos, el abogado de los indefensos, el patrono de los necesitados y desolados.  No desoigas la s\u00faplica de tu pobre hijo; mis pecados han atra\u00eddo sobre m\u00ed el justo desagrado de mi Dios, y por eso estoy rodeado de dolores. <br \/>\u00a0 \u00a0 \u00a0A ti, oh amable guardi\u00e1n de la pobre familia abandonada de Nazaret, acudo en busca de refugio y protecci\u00f3n.  Escucha, pues, te ruego, con la solicitud de un padre, la ferviente plegaria de tu pobre suplicante, y obt\u00e9n para m\u00ed el objeto de mi petici\u00f3n. <br \/>\u00a0 \u00a0 \u00a0Lo pido por la infinita misericordia del eterno Hijo de Dios, que le indujo a asumir nuestra naturaleza y a nacer en este mundo de dolor. <br \/>\u00a0 \u00a0 \u00a0Pregunto por el dolor que llenaba tu coraz\u00f3n, cuando, ignorante del misterio obrado en tu Inmaculada esposa, tem\u00edas ser separado de Ella.<br \/>\u00a0 \u00a0 Te lo pido por el cansancio, la solicitud y el sufrimiento que padeciste cuando buscaste en vano en las posadas de Bel\u00e9n un refugio para la Virgen sagrada y un lugar de nacimiento para el Ni\u00f1o Dios; y, al ser rechazado en todas partes, te viste obligado a consentir que la Reina del Cielo diera a luz al Redentor del mundo en un m\u00edsero establo. <br \/>\u00a0 \u00a0 \u00a0Te lo pido por aquel trist\u00edsimo y doloroso deber que te fue impuesto, cuando siendo el Divino Ni\u00f1o de ocho d\u00edas de nacido, te viste obligado a infligir una profunda herida en su tierno Cuerpo, y as\u00ed ser el primero en hacer fluir aquella Preciosa Sangre que hab\u00eda de lavar los pecados del mundo. <br \/>\u00a0 \u00a0 \u00a0 Te lo pido por la dulzura y el poder de ese Sagrado Nombre, Jes\u00fas, que confiriste al adorable Ni\u00f1o. <br \/>\u00a0 \u00a0 \u00a0Te lo pido por esa angustia mortal que te infligi\u00f3 la profec\u00eda de san Sime\u00f3n, que declar\u00f3 al Ni\u00f1o Jes\u00fas y a su santa Madre, futuras v\u00edctimas de su amor y de nuestros pecados. <br \/>\u00a0 \u00a0 \u00a0Te lo pido por el dolor y la angustia que llenaron tu alma cuando el \u00e1ngel te declar\u00f3 que la vida del Ni\u00f1o Jes\u00fas era buscada por sus enemigos, de cuyos imp\u00edos designios te viste obligado a huir con \u00c9l y su Sant\u00edsima Madre a Egipto. <br \/>\u00a0 \u00a0 \u00a0 pido por todos los dolores, fatigas y trabajos de esa larga y peligrosa peregrinaci\u00f3n. <br \/>\u00a0 \u00a0 \u00a0Te pregunto por todas las penas que soportaste, cuando en Egipto no eras capaz ni con el sudor de tu frente, de procurar pobre comida y vestido a tu pobr\u00edsima familia. <br \/>\u00a0 \u00a0 \u00a0Te lo pido por todo el dolor que sent\u00edas cada vez que el Divino Ni\u00f1o ped\u00eda un bocado de pan, y t\u00fa no ten\u00edas para d\u00e1rselo. <br \/>\u00a0 \u00a0 \u00a0Te pido por toda tu solicitud que conserves al sagrado Ni\u00f1o y a la Inmaculada Mar\u00eda durante tu segundo viaje, cuando se te orden\u00f3 regresar a tu pa\u00eds natal.\u00a0\u00a0<br \/>\u00a0 \u00a0 \u00a0Pregunto por tu apacible morada en Nazaret, en la que tantas alegr\u00edas y penas se mezclaron. <br \/>\u00a0 \u00a0 \u00a0Te pido por tu extrema aflicci\u00f3n, al estar tres d\u00edas privado de la compa\u00f1\u00eda del adorable Ni\u00f1o. <br \/>\u00a0 \u00a0 Te lo pido por tu alegr\u00eda al encontrarlo en el templo y por el inefable consuelo que te ha sido impartido en la caba\u00f1a de Nazaret con la sociedad del peque\u00f1o Jes\u00fas. <br \/>\u00a0 \u00a0 \u00a0Te lo pido por esa maravillosa condescendencia por la que se someti\u00f3 a tu voluntad. <br \/>\u00a0 \u00a0 \u00a0Te pido por esa dolorosa visi\u00f3n, continuamente en tu mente, de todo lo que tu Jes\u00fas iba a sufrir. <br \/>\u00a0 \u00a0 \u00a0Pido por aquella dolorosa contemplaci\u00f3n, que te hizo prever que las Divinas manitas y piececitos, ahora tan activos en servirte, un d\u00eda ser\u00edan traspasados con crueles clavos; aquella Cabeza, que reposaba dulcemente sobre tu pecho, coronada de agudas espinas; aquel delicado Cuerpo, que doblabas tiernamente en tu manto y estrechabas contra tu coraz\u00f3n, despojado y extendido en una cruz. <br \/>\u00a0 \u00a0 \u00a0Te lo pido por aquel heroico sacrificio de tu voluntad y de tus mejores afectos, con el que ofreciste al Padre Eterno el \u00faltimo momento horrible, cuando el Hijo de Dios iba a expirar por nuestra salvaci\u00f3n.<br \/>\u00a0 \u00a0 \u00a0Pido por ese perfecto amor y conformidad con que recibiste la orden Divina de apartarte de esta vida, y de la compa\u00f1\u00eda de Jes\u00fas y Mar\u00eda.<br \/>\u00a0 \u00a0 Te lo pido por la gran alegr\u00eda que llen\u00f3 tu alma cuando el Redentor del mundo, triunfante sobre la muerte y el infierno, entr\u00f3 en posesi\u00f3n de su Reino, y te condujo a ti tambi\u00e9n a \u00e9l con honores especiales. <br \/>\u00a0 \u00a0 \u00a0Te lo pido por la gloriosa Asunci\u00f3n de Nuestra Se\u00f1ora y por esa interminable bienaventuranza, de la que gozas con Ella en la presencia de Dios.  Oh, Padre bueno, te suplico, por todos tus sufrimientos, penas y alegr\u00edas, que me escuches y me obtengas ..... (Nombra aqu\u00ed tus peticiones o reflexiona sobre ellas.)<br \/>\u00a0 \u00a0 \u00a0Obt\u00e9n para todos los que han pedido tus oraciones todo lo que les sea \u00fatil en los designios de Dios.  Y por \u00faltimo, mi querid\u00edsimo Protector, acomp\u00e1\u00f1ame a m\u00ed y a todos los que me son queridos, en nuestros \u00faltimos momentos, para que podamos cantar eternamente las alabanzas de Jes\u00fas, Mar\u00eda y Jos\u00e9.  Am\u00e9n.<\/p><p><em>\u00a0 \u00a0 \u00a0 Ave Mar\u00eda.<\/em>&#8230;<\/p><p>\u00a0 \u00a0 \u00a0Oh guardi\u00e1n del Verbo Encarnado, me anima la confianza de que tus oraciones en mi favor ser\u00e1n escuchadas bondadosamente ante el trono de Dios.<\/p><p><em>[Las siguientes V. y R. deben decirse siete veces, en honor de <\/em><em>las siete alegr\u00edas y los siete dolores de San Jos\u00e9].<\/em><\/p><p>\u00a0 \u00a0 \u00a0V.  Oh glorioso San Jos\u00e9, por el amor que profesas a Jesucristo y por la gloria de su nombre,<br \/>\u00a0 \u00a0 \u00a0R.  Escucha mis oraciones y accede a mis s\u00faplicas.<\/p><p>\u00a0 \u00a0 \u00a0Recemos:<br \/>\u00a0 \u00a0Oh Glorioso San Jos\u00e9, esposo de la Virgen Inmaculada, obt\u00e9n para m\u00ed una mente pura, humilde y caritativa, y una perfecta resignaci\u00f3n a la Divina Voluntad. S\u00e9 mi gu\u00eda, padre y modelo en la vida, para que merezca morir como t\u00fa en los brazos de Jes\u00fas y Mar\u00eda.<\/p><p>\u00a0 \u00a0 \u00a0San Jos\u00e9, amigo del Sagrado Coraz\u00f3n, ruega por nosotros.<\/p>\t\t\t\t\t\t\t\t<\/div>\n\t\t\t\t<\/div>\n\t\t\t\t\t<\/div>\n\t\t\t\t<\/div>\n\t\t\t\t<\/div>","protected":false},"excerpt":{"rendered":"<p>The following prayers are recited on each day of the novena, which is granted an indulgence of 5 years on any day. O ever blessed and glorious St. Joseph, kind and indulgent Father, compassionate friend of all those in grief &hellip; <a class=\"continue_reading\" href=\"https:\/\/societyofthemostholyredeemer.org\/es\/miraculous-30-day-novena-to-st-joseph\/\">Seguir leyendo <span class=\"meta-nav\"><i class=\"fa fa-caret-right\" aria-hidden=\"true\"><\/i><\/span><\/a><\/p>","protected":false},"author":3,"featured_media":7066,"parent":0,"menu_order":65,"comment_status":"closed","ping_status":"closed","template":"","meta":{"_acf_changed":false,"footnotes":""},"class_list":["post-7052","page","type-page","status-publish","has-post-thumbnail","hentry"],"acf":[],"_links":{"self":[{"href":"https:\/\/societyofthemostholyredeemer.org\/es\/wp-json\/wp\/v2\/pages\/7052","targetHints":{"allow":["GET"]}}],"collection":[{"href":"https:\/\/societyofthemostholyredeemer.org\/es\/wp-json\/wp\/v2\/pages"}],"about":[{"href":"https:\/\/societyofthemostholyredeemer.org\/es\/wp-json\/wp\/v2\/types\/page"}],"author":[{"embeddable":true,"href":"https:\/\/societyofthemostholyredeemer.org\/es\/wp-json\/wp\/v2\/users\/3"}],"replies":[{"embeddable":true,"href":"https:\/\/societyofthemostholyredeemer.org\/es\/wp-json\/wp\/v2\/comments?post=7052"}],"version-history":[{"count":8,"href":"https:\/\/societyofthemostholyredeemer.org\/es\/wp-json\/wp\/v2\/pages\/7052\/revisions"}],"predecessor-version":[{"id":7062,"href":"https:\/\/societyofthemostholyredeemer.org\/es\/wp-json\/wp\/v2\/pages\/7052\/revisions\/7062"}],"wp:featuredmedia":[{"embeddable":true,"href":"https:\/\/societyofthemostholyredeemer.org\/es\/wp-json\/wp\/v2\/media\/7066"}],"wp:attachment":[{"href":"https:\/\/societyofthemostholyredeemer.org\/es\/wp-json\/wp\/v2\/media?parent=7052"}],"curies":[{"name":"wp","href":"https:\/\/api.w.org\/{rel}","templated":true}]}}