{"id":8282,"date":"2025-04-29T01:04:03","date_gmt":"2025-04-29T01:04:03","guid":{"rendered":"https:\/\/societyofthemostholyredeemer.org\/?page_id=8282"},"modified":"2025-04-29T01:35:29","modified_gmt":"2025-04-29T01:35:29","slug":"seven-sorrows-and-seven-joys-of-st-joseph","status":"publish","type":"page","link":"https:\/\/societyofthemostholyredeemer.org\/es\/seven-sorrows-and-seven-joys-of-st-joseph\/","title":{"rendered":"SIETE PENAS Y SIETE ALEGR\u00cdAS DE SAN JOS\u00c9 JOS\u00c9"},"content":{"rendered":"<div data-elementor-type=\"wp-page\" data-elementor-id=\"8282\" class=\"elementor elementor-8282\" data-elementor-post-type=\"page\">\n\t\t\t\t<div class=\"elementor-element elementor-element-f30290f e-flex e-con-boxed e-con e-parent\" data-id=\"f30290f\" data-element_type=\"container\" data-e-type=\"container\">\n\t\t\t\t\t<div class=\"e-con-inner\">\n\t\t\t\t<div class=\"elementor-element elementor-element-1924080 elementor-widget elementor-widget-text-editor\" data-id=\"1924080\" data-element_type=\"widget\" data-e-type=\"widget\" data-widget_type=\"text-editor.default\">\n\t\t\t\t<div class=\"elementor-widget-container\">\n\t\t\t\t\t\t\t\t\t<p><em>Las siguientes oraciones est\u00e1n tomadas de <\/em><strong>Libro de oraciones de San Alfonso<\/strong><em>Omer, C.Ss.R., Benziger Brothers, 1888.<\/em><\/p>\t\t\t\t\t\t\t\t<\/div>\n\t\t\t\t<\/div>\n\t\t\t\t\t<\/div>\n\t\t\t\t<\/div>\n\t\t<div class=\"elementor-element elementor-element-7773ad5 e-flex e-con-boxed e-con e-parent\" data-id=\"7773ad5\" data-element_type=\"container\" data-e-type=\"container\">\n\t\t\t\t\t<div class=\"e-con-inner\">\n\t\t\t\t<div class=\"elementor-element elementor-element-b566696 elementor-widget elementor-widget-text-editor\" data-id=\"b566696\" data-element_type=\"widget\" data-e-type=\"widget\" data-widget_type=\"text-editor.default\">\n\t\t\t\t<div class=\"elementor-widget-container\">\n\t\t\t\t\t\t\t\t\t<p>I.  Esposo pur\u00edsimo de Mar\u00eda sant\u00edsima, glorioso San Jos\u00e9, grande fue la aflicci\u00f3n y la angustia de tu coraz\u00f3n cuando, en dolorosa perplejidad, pensabas repudiar a tu intachable esposa; pero indecible fue tu alegr\u00eda cuando el \u00e1ngel te revel\u00f3 el alto misterio de la Encarnaci\u00f3n. <br \/>\u00a0 \u00a0 \u00a0Por este tu dolor y tu alegr\u00eda, te rogamos, consuela nuestras almas ahora y en su agon\u00eda con el dulce consuelo de una vida bien empleada, y una muerte semejante a la tuya, en el abrazo de Jes\u00fas y de Mar\u00eda.\u00a0 <em>\"Padre Nuestro\", \"Ave Mar\u00eda\", \"Gloria\"...<\/em> etc.<\/p><p>II.  Patriarca tres veces feliz, glorioso San Jos\u00e9, elegido para ser el padre adoptivo del Verbo hecho hombre, agudo fue el dolor que sentiste al ver nacer al ni\u00f1o Jes\u00fas en la m\u00e1s abyecta pobreza; pero tu dolor se troc\u00f3 s\u00fabitamente en gozo celestial cuando irrumpi\u00f3 sobre ti la armon\u00eda de los coros ang\u00e9licos y contemplaste la gloria de aquella noche refulgente. <br \/>\u00a0 \u00a0 \u00a0Por este tu dolor y tu alegr\u00eda, te rogamos, obt\u00e9n para nosotros que, cuando el viaje de nuestra vida haya terminado, tambi\u00e9n podamos pasar a esa tierra bendita donde escucharemos los cantos de los \u00e1ngeles, y disfrutaremos del brillo de la gloria celestial.\u00a0 <em>\"Padre Nuestro\", \"Ave Mar\u00eda\", \"Gloria\"...<\/em> etc.<\/p><p>III.  Cuando, en la circuncisi\u00f3n, se derram\u00f3 la sangre preciosa del Salvador ni\u00f1o, tu coraz\u00f3n fue traspasado de parte a parte; pero con el nombre de Jes\u00fas volvieron a ti la vida nueva y la alegr\u00eda celestial. <br \/>\u00a0 \u00a0 \u00a0Por este tu dolor y tu gozo, cons\u00edguenos que, liberados en vida del vil yugo del pecado, muramos tambi\u00e9n nosotros con alegr\u00eda, con el dulce nombre de Jes\u00fas en el coraz\u00f3n y en los labios.\u00a0 <em>\"Padre Nuestro\", \"Ave Mar\u00eda\", \"Gloria\"...<\/em> etc.<\/p><p>IV.  Fiel santo, que fuiste admitido a tomar parte en la redenci\u00f3n del hombre, glorioso San Jos\u00e9, la profec\u00eda de Sime\u00f3n sobre los infortunios venideros de Jes\u00fas y de Mar\u00eda llen\u00f3 tu alma de agon\u00eda como la muerte: pero tu alma se llen\u00f3 de bienaventuranza cuando predijo la salvaci\u00f3n y la gloriosa resurrecci\u00f3n a innumerables almas.<br \/>\u00a0 \u00a0 \u00a0Por este tu dolor y tu alegr\u00eda, ay\u00fadanos con tus oraciones a ser de aquellos que, por los m\u00e9ritos de Jes\u00fas y de su Virgen Madre, ser\u00e1n part\u00edcipes de la gloriosa resurrecci\u00f3n.\u00a0 <em>\"Padre Nuestro\", \"Ave Mar\u00eda\", \"Gloria\"...<\/em> etc.<\/p><p>V.  Guardi\u00e1n vigilante, amigo \u00edntimo del Hijo de Dios encarnado, glorioso San Jos\u00e9, \u00a1c\u00f3mo te esforzaste en criar y servir al Hijo del Alt\u00edsimo, especialmente en la huida a Egipto; pero mucho mayor fue tu gozo al tener contigo al mismo Dios, y al ver caer a tierra los \u00eddolos de Egipto! <br \/>\u00a0 \u00a0 \u00a0Consigue con este tu dolor y tu alegr\u00eda que nos mantengamos alejados del tirano infernal, renunciando a toda ocasi\u00f3n peligrosa, que todos los \u00eddolos terrenales sean expulsados de nuestros corazones y que, empleados en el servicio de Jes\u00fas y Mar\u00eda, vivamos siempre s\u00f3lo para ellos y con ellos muramos tranquilamente.\u00a0 <em>\"Padre Nuestro\", \"Ave Mar\u00eda\", \"Gloria\"...<\/em> etc.<\/p><p>VI.  \u00c1ngel de la tierra, glorioso San Jos\u00e9, mientras te maravillabas de ver al Rey del cielo obediente a tus deseos, el miedo al tirano se mezclaba con tu alegr\u00eda cuando lo tra\u00edas de Egipto: pero, tranquilizado por el \u00e1ngel, morabas en Nazaret con coraz\u00f3n alegre, en la dulce compa\u00f1\u00eda de Jes\u00fas y de Mar\u00eda. <br \/>\u00a0 \u00a0 \u00a0Por este tu dolor y tu alegr\u00eda, obt\u00e9n para nosotros que, con el coraz\u00f3n libre de todo temor hiriente, tambi\u00e9n nosotros podamos saborear la quietud de una conciencia tranquila, morando seguros con Jes\u00fas y con Mar\u00eda, y un d\u00eda morir entre sus brazos amorosos.\u00a0 <em>\"Padre Nuestro\", \"Ave Mar\u00eda\", \"Gloria\"...<\/em> etc.<\/p><p>VII.  Modelo de toda santidad, glorioso San Jos\u00e9, sin culpa tuya, perdiste al santo Ni\u00f1o Jes\u00fas, y durante tres d\u00edas, con gran dolor tuyo, lo buscaste, hasta que, con alegr\u00eda indecible, encontraste tu Vida en medio de los doctores en el templo. <br \/>\u00a0 \u00a0 \u00a0Por esto tu dolor y tu alegr\u00eda, te rogamos de todo coraz\u00f3n, se interpongan entre nosotros y el peligro, para que nunca perdamos a Jes\u00fas por el pecado mortal; pero si, para nuestra verg\u00fcenza y desgracia, lo perdemos, que lo busquemos con tan incesante dolor que lo encontremos propicio para nosotros, especialmente en la hora de nuestra muerte, y as\u00ed vayamos a gozar de \u00c9l en el cielo, y all\u00ed contigo cantemos eternamente su divina misericordia.\u00a0 <em>\"Padre Nuestro\", \"Ave Mar\u00eda\", \"Gloria\"...<\/em> etc.<\/p><p><em>Hormiga.<\/em>\u00a0 Jes\u00fas ten\u00eda unos treinta a\u00f1os, siendo, como se supon\u00eda, hijo de Jos\u00e9. <br \/><em>V.<\/em>\u00a0 Ruega por nosotros, bendito Jos\u00e9. <br \/><em>R.<\/em>\u00a0 Para que seamos dignos de las promesas de Cristo.<\/p><p><em>Oremos.<\/em><\/p><p>\u00a0 \u00a0 \u00a0Oh Dios, que en tu inefable Providencia te dignaste elegir al bienaventurado Jos\u00e9 como esposo de tu sant\u00edsima Madre: conc\u00e9denos, te suplicamos, que nos hagamos dignos de recibirlo por intercesor nuestro en el cielo, a quien en la tierra veneramos como a nuestro santo protector.  Que vives y reinas por los siglos de los siglos.  Am\u00e9n.<\/p>\t\t\t\t\t\t\t\t<\/div>\n\t\t\t\t<\/div>\n\t\t\t\t\t<\/div>\n\t\t\t\t<\/div>\n\t\t<div class=\"elementor-element elementor-element-823006a e-flex e-con-boxed e-con e-parent\" data-id=\"823006a\" data-element_type=\"container\" data-e-type=\"container\">\n\t\t\t\t\t<div class=\"e-con-inner\">\n\t\t\t\t<div class=\"elementor-element elementor-element-d5250eb elementor-widget elementor-widget-text-editor\" data-id=\"d5250eb\" data-element_type=\"widget\" data-e-type=\"widget\" data-widget_type=\"text-editor.default\">\n\t\t\t\t<div class=\"elementor-widget-container\">\n\t\t\t\t\t\t\t\t\t<hr \/><p><span style=\"text-decoration: underline;\">Indulgencias<\/span>: <em>100 d\u00edas<\/em> cada vez.\u00a0 <em>300 d\u00edas<\/em> los mi\u00e9rcoles.\u00a0 <em>300 d\u00edas<\/em> cada d\u00eda de las dos Novenas anteriores a su Fiesta y a su Patronazgo.\u00a0 <em>Sesi\u00f3n plenaria<\/em> con las condiciones habituales, en esas dos Fiestas.\u00a0 <em>Sesi\u00f3n plenaria<\/em> una vez al mes para el recital diario.\u00a0 <em>Sesi\u00f3n plenaria<\/em> por cada domingo, cuando se recitan siete domingos seguidos.  Aplicable a los difuntos.  (9 de diciembre de 1819 - 1 de febrero de 1847.)<\/p>\t\t\t\t\t\t\t\t<\/div>\n\t\t\t\t<\/div>\n\t\t\t\t\t<\/div>\n\t\t\t\t<\/div>\n\t\t\t\t<\/div>","protected":false},"excerpt":{"rendered":"<p>The following prayers are taken from St. Alphonsus&#8217; Prayer-Book, edited by Rev. Fr. St. Omer, C.Ss.R., Benziger Brothers, 1888. I.\u00a0 Pure husband of most holy Mary, glorious St. Joseph, great was the travail and anguish of thy heart when, in &hellip; <a class=\"continue_reading\" href=\"https:\/\/societyofthemostholyredeemer.org\/es\/seven-sorrows-and-seven-joys-of-st-joseph\/\">Seguir leyendo <span class=\"meta-nav\"><i class=\"fa fa-caret-right\" aria-hidden=\"true\"><\/i><\/span><\/a><\/p>","protected":false},"author":3,"featured_media":8264,"parent":0,"menu_order":83,"comment_status":"closed","ping_status":"closed","template":"","meta":{"_acf_changed":false,"footnotes":""},"class_list":["post-8282","page","type-page","status-publish","has-post-thumbnail","hentry"],"acf":[],"_links":{"self":[{"href":"https:\/\/societyofthemostholyredeemer.org\/es\/wp-json\/wp\/v2\/pages\/8282","targetHints":{"allow":["GET"]}}],"collection":[{"href":"https:\/\/societyofthemostholyredeemer.org\/es\/wp-json\/wp\/v2\/pages"}],"about":[{"href":"https:\/\/societyofthemostholyredeemer.org\/es\/wp-json\/wp\/v2\/types\/page"}],"author":[{"embeddable":true,"href":"https:\/\/societyofthemostholyredeemer.org\/es\/wp-json\/wp\/v2\/users\/3"}],"replies":[{"embeddable":true,"href":"https:\/\/societyofthemostholyredeemer.org\/es\/wp-json\/wp\/v2\/comments?post=8282"}],"version-history":[{"count":10,"href":"https:\/\/societyofthemostholyredeemer.org\/es\/wp-json\/wp\/v2\/pages\/8282\/revisions"}],"predecessor-version":[{"id":8326,"href":"https:\/\/societyofthemostholyredeemer.org\/es\/wp-json\/wp\/v2\/pages\/8282\/revisions\/8326"}],"wp:featuredmedia":[{"embeddable":true,"href":"https:\/\/societyofthemostholyredeemer.org\/es\/wp-json\/wp\/v2\/media\/8264"}],"wp:attachment":[{"href":"https:\/\/societyofthemostholyredeemer.org\/es\/wp-json\/wp\/v2\/media?parent=8282"}],"curies":[{"name":"wp","href":"https:\/\/api.w.org\/{rel}","templated":true}]}}