{"id":8284,"date":"2025-04-29T01:07:28","date_gmt":"2025-04-29T01:07:28","guid":{"rendered":"https:\/\/societyofthemostholyredeemer.org\/?page_id=8284"},"modified":"2025-05-01T20:53:41","modified_gmt":"2025-05-01T20:53:41","slug":"miscellaneous-prayers-to-st-joseph","status":"publish","type":"page","link":"https:\/\/societyofthemostholyredeemer.org\/es\/miscellaneous-prayers-to-st-joseph\/","title":{"rendered":"ORACIONES VARIAS A SAN JOS\u00c9 JOSEPH"},"content":{"rendered":"<div data-elementor-type=\"wp-page\" data-elementor-id=\"8284\" class=\"elementor elementor-8284\" data-elementor-post-type=\"page\">\n\t\t\t\t<div class=\"elementor-element elementor-element-f30290f e-flex e-con-boxed e-con e-parent\" data-id=\"f30290f\" data-element_type=\"container\" data-e-type=\"container\">\n\t\t\t\t\t<div class=\"e-con-inner\">\n\t\t\t\t<div class=\"elementor-element elementor-element-1924080 elementor-widget elementor-widget-text-editor\" data-id=\"1924080\" data-element_type=\"widget\" data-e-type=\"widget\" data-widget_type=\"text-editor.default\">\n\t\t\t\t<div class=\"elementor-widget-container\">\n\t\t\t\t\t\t\t\t\t<p><em>Las siguientes oraciones est\u00e1n tomadas de <\/em><strong>Libro de oraciones de San Alfonso<\/strong><em>Omer, C.Ss.R., Benziger Brothers, 1888.<\/em><\/p>\t\t\t\t\t\t\t\t<\/div>\n\t\t\t\t<\/div>\n\t\t\t\t\t<\/div>\n\t\t\t\t<\/div>\n\t\t<div class=\"elementor-element elementor-element-7773ad5 e-flex e-con-boxed e-con e-parent\" data-id=\"7773ad5\" data-element_type=\"container\" data-e-type=\"container\">\n\t\t\t\t\t<div class=\"e-con-inner\">\n\t\t\t\t<div class=\"elementor-element elementor-element-b566696 elementor-widget elementor-widget-text-editor\" data-id=\"b566696\" data-element_type=\"widget\" data-e-type=\"widget\" data-widget_type=\"text-editor.default\">\n\t\t\t\t<div class=\"elementor-widget-container\">\n\t\t\t\t\t\t\t\t\t<p style=\"text-align: center;\"><strong>Oraci\u00f3n a San Jos\u00e9 para obtener el don de la pureza<\/strong><br \/>(Llamado<em> Oraci\u00f3n eficaz<\/em>)<\/p><p>\u00a0 \u00a0 \u00a0Guardi\u00e1n de las v\u00edrgenes, y santo padre San Jos\u00e9, a cuya fiel custodia fueron encomendados Cristo Jes\u00fas, la inocencia misma, y Mar\u00eda, Virgen de las v\u00edrgenes, te ruego y suplico, por estas queridas prendas Jes\u00fas y Mar\u00eda, que, preservada de toda inmundicia, con mente inmaculada, coraz\u00f3n puro y cuerpo casto, sirva siempre cast\u00edsimamente a Jes\u00fas y a Mar\u00eda todos los d\u00edas de mi vida.  Am\u00e9n.<\/p><p><em>* 100 d\u00edas de indulgencia, una vez al d\u00eda (4 de febrero de 1877).<\/em><\/p><hr \/><p style=\"text-align: center;\"><br \/><strong>Novena a San Jos\u00e9<\/strong><\/p><p><em>\u00a0 \u00a0 \u00a0Recita el <\/em><strong>\"Ave Mar\u00eda\"<\/strong><em> nueve veces, y luego la siguiente oraci\u00f3n:<\/em><\/p><p>\u00a0 \u00a0 \u00a0Recuerda, oh pur\u00edsimo esposo de la Sant\u00edsima Virgen Mar\u00eda, mi dulce protector San Jos\u00e9, que nadie recurri\u00f3 jam\u00e1s a tu protecci\u00f3n ni implor\u00f3 tu ayuda sin obtener alivio.  Confiando, pues, en tu bondad, me presento ante ti y te suplico humildemente.  No desprecies mis s\u00faplicas, Padre del Redentor, y ac\u00f3gelas benignamente.  Am\u00e9n.<\/p><p><em>** 300 d\u00edas de indulgencia, una vez al d\u00eda (26 de junio de 1863).<\/em><\/p><hr \/><p style=\"text-align: center;\"><br \/><strong>\"Ave\" Joseph<\/strong><\/p><p>\u00a0 \u00a0 \u00a0Salve, Jos\u00e9, hijo de David, esposo de la Sant\u00edsima Virgen Mar\u00eda, de quien naci\u00f3 Jes\u00fas.  San Jos\u00e9, padre lactante de Jes\u00fas, ruega por nosotros, pecadores, ahora y en la hora de nuestra muerte.  Am\u00e9n.<\/p><hr \/><p style=\"text-align: center;\"><br \/><strong>Oraci\u00f3n a San Jos\u00e9 para obtener la gracia de la santificaci\u00f3n<\/strong><\/p><p>\u00a0 \u00a0 \u00a0Oh glorios\u00edsimo San Jos\u00e9, te ruego, por el coraz\u00f3n de padre que Dios te dio para su Hijo, y por el amor filial que Jes\u00fas te tuvo, que tengas un cuidado especial por la salvaci\u00f3n de mi alma. S\u00e9 t\u00fa mismo mi director, mi gu\u00eda y mi modelo. Hazme humilde, ll\u00e9name del esp\u00edritu de oraci\u00f3n, dame un amor generos\u00edsimo a Jes\u00fas y a Mar\u00eda, para que imitando tus virtudes llegue a la felicidad de los elegidos. Am\u00e9n.<\/p><hr \/><p style=\"text-align: center;\"><br \/><strong>Oraci\u00f3n a San Jos\u00e9 por San Clemente Mar\u00eda Hofbauer<\/strong><\/p><p>\u00a0 \u00a0 \u00a0San Jos\u00e9, mi padre amoroso, me pongo para siempre bajo tu protecci\u00f3n; m\u00edrame como a un hijo tuyo, y gu\u00e1rdame de todo pecado.  Me refugio en tus brazos, para que me gu\u00edes por el camino de la virtud y me asistas en la hora de mi muerte.  Am\u00e9n.<\/p>\t\t\t\t\t\t\t\t<\/div>\n\t\t\t\t<\/div>\n\t\t\t\t\t<\/div>\n\t\t\t\t<\/div>\n\t\t\t\t<\/div>","protected":false},"excerpt":{"rendered":"<p>The following prayers are taken from St. Alphonsus&#8217; Prayer-Book, edited by Rev. Fr. St. Omer, C.Ss.R., Benziger Brothers, 1888. Prayer to St. Joseph to Obtain the Gift of Purity (Called the Efficacious Prayer) \u00a0 \u00a0 \u00a0Guardian of virgins, and holy &hellip; <a class=\"continue_reading\" href=\"https:\/\/societyofthemostholyredeemer.org\/es\/miscellaneous-prayers-to-st-joseph\/\">Seguir leyendo <span class=\"meta-nav\"><i class=\"fa fa-caret-right\" aria-hidden=\"true\"><\/i><\/span><\/a><\/p>","protected":false},"author":3,"featured_media":8264,"parent":0,"menu_order":84,"comment_status":"closed","ping_status":"closed","template":"","meta":{"_acf_changed":false,"footnotes":""},"class_list":["post-8284","page","type-page","status-publish","has-post-thumbnail","hentry"],"acf":[],"_links":{"self":[{"href":"https:\/\/societyofthemostholyredeemer.org\/es\/wp-json\/wp\/v2\/pages\/8284","targetHints":{"allow":["GET"]}}],"collection":[{"href":"https:\/\/societyofthemostholyredeemer.org\/es\/wp-json\/wp\/v2\/pages"}],"about":[{"href":"https:\/\/societyofthemostholyredeemer.org\/es\/wp-json\/wp\/v2\/types\/page"}],"author":[{"embeddable":true,"href":"https:\/\/societyofthemostholyredeemer.org\/es\/wp-json\/wp\/v2\/users\/3"}],"replies":[{"embeddable":true,"href":"https:\/\/societyofthemostholyredeemer.org\/es\/wp-json\/wp\/v2\/comments?post=8284"}],"version-history":[{"count":12,"href":"https:\/\/societyofthemostholyredeemer.org\/es\/wp-json\/wp\/v2\/pages\/8284\/revisions"}],"predecessor-version":[{"id":8302,"href":"https:\/\/societyofthemostholyredeemer.org\/es\/wp-json\/wp\/v2\/pages\/8284\/revisions\/8302"}],"wp:featuredmedia":[{"embeddable":true,"href":"https:\/\/societyofthemostholyredeemer.org\/es\/wp-json\/wp\/v2\/media\/8264"}],"wp:attachment":[{"href":"https:\/\/societyofthemostholyredeemer.org\/es\/wp-json\/wp\/v2\/media?parent=8284"}],"curies":[{"name":"wp","href":"https:\/\/api.w.org\/{rel}","templated":true}]}}