{"id":11140,"date":"2025-10-31T21:22:58","date_gmt":"2025-10-31T21:22:58","guid":{"rendered":"https:\/\/societyofthemostholyredeemer.org\/?page_id=11140"},"modified":"2025-11-01T21:00:23","modified_gmt":"2025-11-01T21:00:23","slug":"31-day-novena-for-the-holy-souls-in-purgatory-opening-prayer","status":"publish","type":"page","link":"https:\/\/societyofthemostholyredeemer.org\/pt\/31-day-novena-for-the-holy-souls-in-purgatory-opening-prayer\/","title":{"rendered":"31-DAY NOVENA FOR THE HOLY SOULS IN PURGATORY: OPENING AND CLOSING PRAYERS"},"content":{"rendered":"<div data-elementor-type=\"wp-page\" data-elementor-id=\"11140\" class=\"elementor elementor-11140\" data-elementor-post-type=\"page\">\n\t\t\t\t<div class=\"elementor-element elementor-element-23a7ee7 e-flex e-con-boxed e-con e-parent\" data-id=\"23a7ee7\" data-element_type=\"container\" data-e-type=\"container\">\n\t\t\t\t\t<div class=\"e-con-inner\">\n\t\t\t\t<div class=\"elementor-element elementor-element-a6ea588 elementor-widget elementor-widget-text-editor\" data-id=\"a6ea588\" data-element_type=\"widget\" data-e-type=\"widget\" data-widget_type=\"text-editor.default\">\n\t\t\t\t<div class=\"elementor-widget-container\">\n\t\t\t\t\t\t\t\t\t<p style=\"text-align: center;\"><strong>OPENING PRAYER: HAVE MERCY ON THE SUFFERING SOULS<br \/><\/strong><strong>(To be repeated each day)<\/strong><\/p><p style=\"padding-left: 40px;\">Hear ye not the spirits&#8217; moaning<br \/>\u00a0 \u00a0 \u00a0From the depths of cleansing fire?<br \/>Know ye not the burning anguish<br \/>\u00a0 \u00a0 \u00a0Of these souls \u2013 their hearts&#8217; desire?<\/p><p style=\"padding-left: 40px;\">Hear them cry in bitter sorrow,<br \/>\u00a0 \u00a0 \u00a0Sighing, weeping in their pains,<br \/>While they call on us who love them,<br \/>\u00a0 \u00a0 \u00a0&#8220;Break our heavy prison chains!&#8221;<\/p><p style=\"padding-left: 40px;\">Though their lives on earth were holy,<br \/>\u00a0 \u00a0 \u00a0And their virtue manifest,<br \/>Yet some stains of imperfection<br \/>\u00a0 \u00a0 \u00a0Still prevent their perfect rest.<\/p><p style=\"padding-left: 40px;\">And they weep in mournful numbers,<br \/>\u00a0 \u00a0 \u00a0Pleading for our fervent pray&#8217;r,<br \/>Oh, take pity on their sorrow,<br \/>\u00a0 \u00a0 \u00a0Let their solace be your care.<\/p><p style=\"padding-left: 40px;\">Place your pray&#8217;r, your pious off&#8217;ring<br \/>\u00a0 \u00a0 \u00a0For these suffering souls, so poor,<br \/>In the hands of our dear Mother,<br \/>Of sweet Mary Virgin pure.<\/p><p style=\"padding-left: 40px;\">With a mother&#8217;s love and mercy<br \/>\u00a0 \u00a0 \u00a0She will lead them to her Son;<br \/>And their pain shall turn to glory<br \/>\u00a0 \u00a0 \u00a0There, before the Heav&#8217;nly throne.<\/p><hr \/>\t\t\t\t\t\t\t\t<\/div>\n\t\t\t\t<\/div>\n\t\t\t\t\t<\/div>\n\t\t\t\t<\/div>\n\t\t<div class=\"elementor-element elementor-element-d81fd65 e-flex e-con-boxed e-con e-parent\" data-id=\"d81fd65\" data-element_type=\"container\" data-e-type=\"container\">\n\t\t\t\t\t<div class=\"e-con-inner\">\n\t\t\t\t<div class=\"elementor-element elementor-element-eaefce3 elementor-widget elementor-widget-text-editor\" data-id=\"eaefce3\" data-element_type=\"widget\" data-e-type=\"widget\" data-widget_type=\"text-editor.default\">\n\t\t\t\t<div class=\"elementor-widget-container\">\n\t\t\t\t\t\t\t\t\t<p style=\"text-align: center;\"><a href=\"https:\/\/societyofthemostholyredeemer.org\/pt\/31-day-novena-for-the-holy-souls-in-purgatory-daily-prayers\/\"><strong>DAILY PRAYERS<\/strong><\/a><\/p><hr \/><p style=\"text-align: center;\">\u00a0<\/p>\t\t\t\t\t\t\t\t<\/div>\n\t\t\t\t<\/div>\n\t\t\t\t\t<\/div>\n\t\t\t\t<\/div>\n\t\t<div class=\"elementor-element elementor-element-96c9cdd e-flex e-con-boxed e-con e-parent\" data-id=\"96c9cdd\" data-element_type=\"container\" data-e-type=\"container\">\n\t\t\t\t\t<div class=\"e-con-inner\">\n\t\t\t\t<div class=\"elementor-element elementor-element-7bc9318 elementor-widget elementor-widget-text-editor\" data-id=\"7bc9318\" data-element_type=\"widget\" data-e-type=\"widget\" data-widget_type=\"text-editor.default\">\n\t\t\t\t<div class=\"elementor-widget-container\">\n\t\t\t\t\t\t\t\t\t<p style=\"text-align: center;\"><strong>CLOSING PRAYER<br \/><\/strong><strong>(To be repeated each day)<\/strong><\/p><p>V.\u00a0 O most sweet Jesus, through the bloody sweat which Thou didst suffer in the Garden of Gethsemani, have mercy on these blessed souls.<br \/>R.\u00a0 Have mercy on them, O Lord, have mercy on them.<\/p><p>V.\u00a0 O most sweet Jesus, through the pains which Thou didst suffer during Thy most cruel scourging, have mercy on them.<br \/>R.\u00a0 Have mercy on them, O Lord, have mercy on them.<\/p><p>V.\u00a0 O most sweet Jesus, through the pains which Thou didst suffer in Thy most painful crowning with thorns, have mercy on them.<br \/>R.\u00a0 Have mercy on them, O Lord, have mercy on them.<\/p><p>V.\u00a0 O most sweet Jesus, through the pains which Thou didst suffer in carrying Thy Cross to Calvary, have mercy on them.<br \/>R.\u00a0 Have mercy on them, O Lord, have mercy on them.<\/p><p>V.\u00a0 O most sweet Jesus, through the pains which Thou didst suffer during Thy most cruel Crucifixion, have mercy on them.<br \/>R.\u00a0 Have mercy on them, O Lord, have mercy on them.<\/p><p>V.\u00a0 O most sweet Jesus, through the pains which Thou didst suffer in Thy most bitter agony on the Cross, have mercy on them.<br \/>R.\u00a0 Have mercy on them, O Lord, have mercy on them.<\/p><p>V.\u00a0 O most sweet Jesus, through the immense pain which Thou didst suffer in breathing forth Thy blessed soul, have mercy on them.<br \/>R.\u00a0 Have mercy on them, O Lord, have mercy on them.<\/p><p style=\"text-align: center;\"><em>(Aqui se recomende \u00e0s almas do Purgat\u00f3rio, e mencione o favor que deseja obter com esta novena)<\/em><\/p><p>\u00a0 \u00a0 \u00a0Almas benditas, rezamos por voc\u00eas, que s\u00e3o t\u00e3o caros a Deus, e que est\u00e3o seguros de nunca perd\u00ea-lo, para rezar por n\u00f3s, miser\u00e1veis pecadores, que corremos o risco de sermos condenados, e de perder Deus para sempre. Am\u00e9m.<\/p>\t\t\t\t\t\t\t\t<\/div>\n\t\t\t\t<\/div>\n\t\t\t\t\t<\/div>\n\t\t\t\t<\/div>\n\t\t\t\t<\/div>","protected":false},"excerpt":{"rendered":"<p>OPENING PRAYER: HAVE MERCY ON THE SUFFERING SOULS(To be repeated each day) Hear ye not the spirits&#8217; moaning\u00a0 \u00a0 \u00a0From the depths of cleansing fire?Know ye not the burning anguish\u00a0 \u00a0 \u00a0Of these souls \u2013 their hearts&#8217; desire? Hear them &hellip; <a class=\"continue_reading\" href=\"https:\/\/societyofthemostholyredeemer.org\/pt\/31-day-novena-for-the-holy-souls-in-purgatory-opening-prayer\/\">Continuar lendo <span class=\"meta-nav\"><i class=\"fa fa-caret-right\" aria-hidden=\"true\"><\/i><\/span><\/a><\/p>","protected":false},"author":3,"featured_media":11133,"parent":0,"menu_order":116,"comment_status":"closed","ping_status":"closed","template":"","meta":{"_acf_changed":false,"footnotes":""},"class_list":["post-11140","page","type-page","status-publish","has-post-thumbnail","hentry"],"acf":[],"_links":{"self":[{"href":"https:\/\/societyofthemostholyredeemer.org\/pt\/wp-json\/wp\/v2\/pages\/11140","targetHints":{"allow":["GET"]}}],"collection":[{"href":"https:\/\/societyofthemostholyredeemer.org\/pt\/wp-json\/wp\/v2\/pages"}],"about":[{"href":"https:\/\/societyofthemostholyredeemer.org\/pt\/wp-json\/wp\/v2\/types\/page"}],"author":[{"embeddable":true,"href":"https:\/\/societyofthemostholyredeemer.org\/pt\/wp-json\/wp\/v2\/users\/3"}],"replies":[{"embeddable":true,"href":"https:\/\/societyofthemostholyredeemer.org\/pt\/wp-json\/wp\/v2\/comments?post=11140"}],"version-history":[{"count":14,"href":"https:\/\/societyofthemostholyredeemer.org\/pt\/wp-json\/wp\/v2\/pages\/11140\/revisions"}],"predecessor-version":[{"id":11199,"href":"https:\/\/societyofthemostholyredeemer.org\/pt\/wp-json\/wp\/v2\/pages\/11140\/revisions\/11199"}],"wp:featuredmedia":[{"embeddable":true,"href":"https:\/\/societyofthemostholyredeemer.org\/pt\/wp-json\/wp\/v2\/media\/11133"}],"wp:attachment":[{"href":"https:\/\/societyofthemostholyredeemer.org\/pt\/wp-json\/wp\/v2\/media?parent=11140"}],"curies":[{"name":"wp","href":"https:\/\/api.w.org\/{rel}","templated":true}]}}