{"id":169,"date":"2019-09-17T22:06:52","date_gmt":"2019-09-17T22:06:52","guid":{"rendered":"http:\/\/a1186682cc.nxcli.net\/?page_id=169"},"modified":"2025-02-22T02:28:04","modified_gmt":"2025-02-22T02:28:04","slug":"videos","status":"publish","type":"page","link":"https:\/\/societyofthemostholyredeemer.org\/pt\/videos\/","title":{"rendered":"V\u00cdDEOS"},"content":{"rendered":"<div data-elementor-type=\"wp-page\" data-elementor-id=\"169\" class=\"elementor elementor-169\" data-elementor-post-type=\"page\">\n\t\t\t\t<div class=\"elementor-element elementor-element-362e2c8 e-flex e-con-boxed e-con e-parent\" data-id=\"362e2c8\" data-element_type=\"container\" data-e-type=\"container\">\n\t\t\t\t\t<div class=\"e-con-inner\">\n\t\t\t\t<div class=\"elementor-element elementor-element-faa2be9 elementor-widget elementor-widget-text-editor\" data-id=\"faa2be9\" data-element_type=\"widget\" data-e-type=\"widget\" data-widget_type=\"text-editor.default\">\n\t\t\t\t<div class=\"elementor-widget-container\">\n\t\t\t\t\t\t\t\t\t<h4>Esquizofrenia o Ipocrisia<\/h4>\t\t\t\t\t\t\t\t<\/div>\n\t\t\t\t<\/div>\n\t\t\t\t<div class=\"elementor-element elementor-element-b012692 elementor-widget elementor-widget-text-editor\" data-id=\"b012692\" data-element_type=\"widget\" data-e-type=\"widget\" data-widget_type=\"text-editor.default\">\n\t\t\t\t<div class=\"elementor-widget-container\">\n\t\t\t\t\t\t\t\t\t<p style=\"text-align: left;\"><em>\"O mio babbino caro [Benedetto]... <\/em><\/p><p style=\"text-align: left;\"><em>Andrei na Ponte Vecchio, mas para se concentrar no Arno!<\/em><\/p><p style=\"text-align: left;\"><em>Mi struggo e mi tormento, o Dio, Vorrei morir!<\/em><\/p><p style=\"text-align: left;\"><em>Babbo, piet\u00e0, piet\u00e0!... Babbo, piet\u00e0, piet\u00e0!\"<\/em><\/p>\t\t\t\t\t\t\t\t<\/div>\n\t\t\t\t<\/div>\n\t\t\t\t<div class=\"elementor-element elementor-element-c274397 elementor-widget elementor-widget-wp-widget-media_video\" data-id=\"c274397\" data-element_type=\"widget\" data-e-type=\"widget\" data-widget_type=\"wp-widget-media_video.default\">\n\t\t\t\t<div class=\"elementor-widget-container\">\n\t\t\t\t\t<div style=\"width:100%;\" class=\"wp-video\"><!--[if lt IE 9]><script>document.createElement('video');<\/script><![endif]-->\n<video class=\"wp-video-shortcode\" id=\"video-169-1\" preload=\"metadata\" controls=\"controls\"><source type=\"video\/webm\" src=\"https:\/\/societyofthemostholyredeemer.org\/wp-content\/uploads\/2024\/11\/5-Schizofrenia-o-Ipocrisia-ENG.webm?_=1\" \/><source type=\"video\/webm\" src=\"https:\/\/societyofthemostholyredeemer.org\/wp-content\/uploads\/2024\/11\/5-Schizofrenia-o-Ipocrisia-ENG.webm?_=1\" \/><a href=\"https:\/\/societyofthemostholyredeemer.org\/wp-content\/uploads\/2024\/11\/5-Schizofrenia-o-Ipocrisia-ENG.webm\">https:\/\/societyofthemostholyredeemer.org\/wp-content\/uploads\/2024\/11\/5-Schizofrenia-o-Ipocrisia-ENG.webm<\/a><\/video><\/div>\t\t\t\t<\/div>\n\t\t\t\t<\/div>\n\t\t\t\t\t<\/div>\n\t\t\t\t<\/div>\n\t\t\t\t<\/div>","protected":false},"excerpt":{"rendered":"<p>Schizofrenia o Ipocrisia \u201cO mio babbino caro [Benedetto]\u2026 Andrei sul Ponte Vecchio, ma per buttarmi in Arno! Mi struggo e mi tormento, o Dio, Vorrei morir! Babbo, piet\u00e0, piet\u00e0!\u2026 \u00a0Babbo, piet\u00e0, piet\u00e0!\u201d<\/p>","protected":false},"author":2,"featured_media":0,"parent":0,"menu_order":6,"comment_status":"closed","ping_status":"closed","template":"","meta":{"_acf_changed":false,"footnotes":""},"class_list":["post-169","page","type-page","status-publish","hentry"],"acf":[],"_links":{"self":[{"href":"https:\/\/societyofthemostholyredeemer.org\/pt\/wp-json\/wp\/v2\/pages\/169","targetHints":{"allow":["GET"]}}],"collection":[{"href":"https:\/\/societyofthemostholyredeemer.org\/pt\/wp-json\/wp\/v2\/pages"}],"about":[{"href":"https:\/\/societyofthemostholyredeemer.org\/pt\/wp-json\/wp\/v2\/types\/page"}],"author":[{"embeddable":true,"href":"https:\/\/societyofthemostholyredeemer.org\/pt\/wp-json\/wp\/v2\/users\/2"}],"replies":[{"embeddable":true,"href":"https:\/\/societyofthemostholyredeemer.org\/pt\/wp-json\/wp\/v2\/comments?post=169"}],"version-history":[{"count":30,"href":"https:\/\/societyofthemostholyredeemer.org\/pt\/wp-json\/wp\/v2\/pages\/169\/revisions"}],"predecessor-version":[{"id":6703,"href":"https:\/\/societyofthemostholyredeemer.org\/pt\/wp-json\/wp\/v2\/pages\/169\/revisions\/6703"}],"wp:attachment":[{"href":"https:\/\/societyofthemostholyredeemer.org\/pt\/wp-json\/wp\/v2\/media?parent=169"}],"curies":[{"name":"wp","href":"https:\/\/api.w.org\/{rel}","templated":true}]}}