{"id":21,"date":"2019-09-17T22:09:02","date_gmt":"2019-09-17T22:09:02","guid":{"rendered":"http:\/\/dev.sssr.org\/contact\/"},"modified":"2025-07-22T14:10:57","modified_gmt":"2025-07-22T14:10:57","slug":"contact","status":"publish","type":"page","link":"https:\/\/societyofthemostholyredeemer.org\/pt\/contact\/","title":{"rendered":"CONTATO"},"content":{"rendered":"<div data-elementor-type=\"wp-page\" data-elementor-id=\"21\" class=\"elementor elementor-21\" data-elementor-post-type=\"page\">\n\t\t\t\t<div class=\"elementor-element elementor-element-21eb2a4 e-flex e-con-boxed e-con e-parent\" data-id=\"21eb2a4\" data-element_type=\"container\" data-e-type=\"container\">\n\t\t\t\t\t<div class=\"e-con-inner\">\n\t\t\t\t<div class=\"elementor-element elementor-element-e9c46f3 elementor-widget elementor-widget-wp-widget-text\" data-id=\"e9c46f3\" data-element_type=\"widget\" data-e-type=\"widget\" data-widget_type=\"wp-widget-text.default\">\n\t\t\t\t<div class=\"elementor-widget-container\">\n\t\t\t\t\t<h5>POR PADR\u00c3O, TODO COMENT\u00c1RIO OU PERGUNTA \u00c9 P\u00daBLICO, A MENOS QUE SEJA EXPRESSAMENTE DECLARADO O CONTR\u00c1RIO<\/h5>\t\t\t<div class=\"textwidget\"><\/div>\n\t\t\t\t\t\t<\/div>\n\t\t\t\t<\/div>\n\t\t\t\t\t<\/div>\n\t\t\t\t<\/div>\n\t\t<div class=\"elementor-element elementor-element-6dfa041 e-flex e-con-boxed e-con e-parent\" data-id=\"6dfa041\" data-element_type=\"container\" data-e-type=\"container\">\n\t\t\t\t\t<div class=\"e-con-inner\">\n\t\t\t\t<div class=\"elementor-element elementor-element-7641d84 elementor-widget elementor-widget-formidable\" data-id=\"7641d84\" data-element_type=\"widget\" data-e-type=\"widget\" data-widget_type=\"formidable.default\">\n\t\t\t\t<div class=\"elementor-widget-container\">\n\t\t\t\t\t<div class=\"frm_forms  with_frm_style frm_style_formidable-style\" id=\"frm_form_1_container\" >\n<form enctype=\"multipart\/form-data\" method=\"post\" class=\"frm-show-form  frm_pro_form\" id=\"form_contact-form\" action=\"\" >\n<div class=\"frm_form_fields\">\n<fieldset>\n<legend class=\"frm_screen_reader\">Contate-nos<\/legend>\r\n\r\n<div class=\"frm_fields_container\">\n<input type=\"hidden\" name=\"frm_action\" value=\"create\" \/>\n<input type=\"hidden\" name=\"form_id\" value=\"1\" \/>\n<input type=\"hidden\" name=\"frm_hide_fields_1\" id=\"frm_hide_fields_1\" value=\"\" \/>\n<input type=\"hidden\" name=\"form_key\" value=\"contact-form\" \/>\n<input type=\"hidden\" name=\"item_meta[0]\" value=\"\" \/>\n<input type=\"hidden\" id=\"frm_submit_entry_1\" name=\"frm_submit_entry_1\" value=\"acde36eb57\" \/><input type=\"hidden\" name=\"_wp_http_referer\" value=\"\/pt\/wp-json\/wp\/v2\/pages\/21\" \/><div id=\"frm_field_1_container\" class=\"frm_form_field form-field  frm_required_field frm_top_container frm_first frm_half\">\r\n    <label for=\"field_qh4icy\" id=\"field_qh4icy_label\" class=\"frm_primary_label\">Nome\r\n        <span class=\"frm_required\">*<\/span>\r\n    <\/label>\r\n    <input  type=\"text\" id=\"field_qh4icy\" name=\"item_meta[1]\" value=\"\"  data-reqmsg=\"O Name n\u00e3o pode ficar em branco.\" aria-required=\"true\" data-invmsg=\"Name \u00e9 inv\u00e1lido\" aria-invalid=\"false\"   aria-describedby=\"frm_desc_field_qh4icy\" \/>\r\n    <div class=\"frm_description\" id=\"frm_desc_field_qh4icy\">Primeiro<\/div>\r\n    \r\n<\/div>\n<div id=\"frm_field_2_container\" class=\"frm_form_field form-field  frm_required_field frm_hidden_container frm_half\">\r\n    <label for=\"field_ocfup1\" id=\"field_ocfup1_label\" class=\"frm_primary_label\">\u00daltimo\r\n        <span class=\"frm_required\">*<\/span>\r\n    <\/label>\r\n    <input  type=\"text\" id=\"field_ocfup1\" name=\"item_meta[2]\" value=\"\"  data-reqmsg=\"O Last n\u00e3o pode ficar em branco.\" aria-required=\"true\" data-invmsg=\"Last \u00e9 inv\u00e1lido\" aria-invalid=\"false\"   aria-describedby=\"frm_desc_field_ocfup1\" \/>\r\n    <div class=\"frm_description\" id=\"frm_desc_field_ocfup1\">\u00daltimo<\/div>\r\n    \r\n<\/div>\n<div id=\"frm_field_3_container\" class=\"frm_form_field form-field  frm_required_field frm_top_container frm_full\">\r\n    <label for=\"field_29yf4d\" id=\"field_29yf4d_label\" class=\"frm_primary_label\">Email\r\n        <span class=\"frm_required\">*<\/span>\r\n    <\/label>\r\n    <input type=\"email\" id=\"field_29yf4d\" name=\"item_meta[3]\" value=\"\"  data-reqmsg=\"O Email n\u00e3o pode ficar em branco.\" aria-required=\"true\" data-invmsg=\"Please enter a valid email address\" aria-invalid=\"false\"  \/>\r\n    \r\n    \r\n<\/div>\n<div id=\"frm_field_4_container\" class=\"frm_form_field form-field  frm_required_field frm_top_container frm_full\">\r\n    <label for=\"field_e6lis6\" id=\"field_e6lis6_label\" class=\"frm_primary_label\">Assunto\r\n        <span class=\"frm_required\">*<\/span>\r\n    <\/label>\r\n    <input  type=\"text\" id=\"field_e6lis6\" name=\"item_meta[4]\" value=\"\"  data-reqmsg=\"O Subject n\u00e3o pode ficar em branco.\" aria-required=\"true\" data-invmsg=\"Subject \u00e9 inv\u00e1lido\" aria-invalid=\"false\"   \/>\r\n    \r\n    \r\n<\/div>\n<div id=\"frm_field_5_container\" class=\"frm_form_field form-field  frm_required_field frm_top_container frm_full\">\r\n    <label for=\"field_9jv0r1\" id=\"field_9jv0r1_label\" class=\"frm_primary_label\">Mensagem\r\n        <span class=\"frm_required\">*<\/span>\r\n    <\/label>\r\n    <textarea name=\"item_meta[5]\" id=\"field_9jv0r1\" rows=\"5\"  data-reqmsg=\"O Message n\u00e3o pode ficar em branco.\" aria-required=\"true\" data-invmsg=\"Message \u00e9 inv\u00e1lido\" aria-invalid=\"false\"  ><\/textarea>\r\n    \r\n    \r\n<\/div>\n<div id=\"frm_field_6_container\" class=\"frm_form_field form-field\">\n\t<div class=\"frm_submit\">\r\n\r\n<button class=\"frm_button_submit frm_final_submit\" type=\"submit\"   formnovalidate=\"formnovalidate\">Enviar para<\/button>\r\n\r\n<\/div>\n<\/div>\n\t<input type=\"hidden\" name=\"item_key\" value=\"\" \/>\n\t\t\t<div id=\"frm_field_7_container\">\n\t\t\t<label for=\"field_5zwwk\" >\n\t\t\t\tSe voc\u00ea \u00e9 humano, deixe este campo em branco.\t\t\t<\/label>\n\t\t\t<input  id=\"field_5zwwk\" type=\"text\" class=\"frm_form_field form-field frm_verify\" name=\"item_meta[7]\" value=\"\"  \/>\n\t\t<\/div>\n\t\t<input name=\"frm_state\" type=\"hidden\" value=\"sLSeL0FLtN20p2SjjS7ZkeeLgUXH62d\/6F\/rNHJl1xND1YqPRvs92fg5NCLn1CPK\" \/><\/div>\n<\/fieldset>\n<\/div>\n\n<input type=\"hidden\" name=\"trp-form-language\" value=\"pt\"\/><\/form>\n<\/div>\n\t\t\t\t<\/div>\n\t\t\t\t<\/div>\n\t\t\t\t\t<\/div>\n\t\t\t\t<\/div>\n\t\t<div class=\"elementor-element elementor-element-c73d669 e-flex e-con-boxed e-con e-parent\" data-id=\"c73d669\" data-element_type=\"container\" data-e-type=\"container\">\n\t\t\t\t\t<div class=\"e-con-inner\">\n\t\t\t\t<div class=\"elementor-element elementor-element-6449beb elementor-widget elementor-widget-spacer\" data-id=\"6449beb\" data-element_type=\"widget\" data-e-type=\"widget\" data-widget_type=\"spacer.default\">\n\t\t\t\t<div class=\"elementor-widget-container\">\n\t\t\t\t\t\t\t<div class=\"elementor-spacer\">\n\t\t\t<div class=\"elementor-spacer-inner\"><\/div>\n\t\t<\/div>\n\t\t\t\t\t\t<\/div>\n\t\t\t\t<\/div>\n\t\t\t\t\t<\/div>\n\t\t\t\t<\/div>\n\t\t<div class=\"elementor-element elementor-element-44a96c0 e-grid e-con-boxed e-con e-parent\" data-id=\"44a96c0\" data-element_type=\"container\" data-e-type=\"container\">\n\t\t\t\t\t<div class=\"e-con-inner\">\n\t\t\t\t<div class=\"elementor-element elementor-element-fe8988e elementor-widget elementor-widget-image\" data-id=\"fe8988e\" data-element_type=\"widget\" data-e-type=\"widget\" data-widget_type=\"image.default\">\n\t\t\t\t<div class=\"elementor-widget-container\">\n\t\t\t\t\t\t\t\t\t\t\t\t\t\t\t<img fetchpriority=\"high\" decoding=\"async\" width=\"318\" height=\"437\" src=\"https:\/\/societyofthemostholyredeemer.org\/wp-content\/uploads\/2024\/11\/Contact-House.jpg\" class=\"attachment-large size-large wp-image-3729\" alt=\"\" srcset=\"https:\/\/societyofthemostholyredeemer.org\/wp-content\/uploads\/2024\/11\/Contact-House.jpg 318w, https:\/\/societyofthemostholyredeemer.org\/wp-content\/uploads\/2024\/11\/Contact-House-218x300.jpg 218w, https:\/\/societyofthemostholyredeemer.org\/wp-content\/uploads\/2024\/11\/Contact-House-9x12.jpg 9w\" sizes=\"(max-width: 318px) 100vw, 318px\" \/>\t\t\t\t\t\t\t\t\t\t\t\t\t\t\t<\/div>\n\t\t\t\t<\/div>\n\t\t\t\t<div class=\"elementor-element elementor-element-b475d6b elementor-widget elementor-widget-image\" data-id=\"b475d6b\" data-element_type=\"widget\" data-e-type=\"widget\" data-widget_type=\"image.default\">\n\t\t\t\t<div class=\"elementor-widget-container\">\n\t\t\t\t\t\t\t\t\t\t\t\t\t\t\t<img decoding=\"async\" width=\"396\" height=\"585\" src=\"https:\/\/societyofthemostholyredeemer.org\/wp-content\/uploads\/2024\/11\/Contact-Masses.jpg\" class=\"attachment-large size-large wp-image-3731\" alt=\"\" srcset=\"https:\/\/societyofthemostholyredeemer.org\/wp-content\/uploads\/2024\/11\/Contact-Masses.jpg 396w, https:\/\/societyofthemostholyredeemer.org\/wp-content\/uploads\/2024\/11\/Contact-Masses-203x300.jpg 203w, https:\/\/societyofthemostholyredeemer.org\/wp-content\/uploads\/2024\/11\/Contact-Masses-8x12.jpg 8w\" sizes=\"(max-width: 396px) 100vw, 396px\" \/>\t\t\t\t\t\t\t\t\t\t\t\t\t\t\t<\/div>\n\t\t\t\t<\/div>\n\t\t\t\t<div class=\"elementor-element elementor-element-10f428a elementor-widget elementor-widget-image\" data-id=\"10f428a\" data-element_type=\"widget\" data-e-type=\"widget\" data-widget_type=\"image.default\">\n\t\t\t\t<div class=\"elementor-widget-container\">\n\t\t\t\t\t\t\t\t\t\t\t\t\t\t\t<img decoding=\"async\" width=\"307\" height=\"450\" src=\"https:\/\/societyofthemostholyredeemer.org\/wp-content\/uploads\/2024\/11\/Contact-Escobar.jpg\" class=\"attachment-large size-large wp-image-3728\" alt=\"\" srcset=\"https:\/\/societyofthemostholyredeemer.org\/wp-content\/uploads\/2024\/11\/Contact-Escobar.jpg 307w, https:\/\/societyofthemostholyredeemer.org\/wp-content\/uploads\/2024\/11\/Contact-Escobar-205x300.jpg 205w, https:\/\/societyofthemostholyredeemer.org\/wp-content\/uploads\/2024\/11\/Contact-Escobar-8x12.jpg 8w\" sizes=\"(max-width: 307px) 100vw, 307px\" \/>\t\t\t\t\t\t\t\t\t\t\t\t\t\t\t<\/div>\n\t\t\t\t<\/div>\n\t\t\t\t\t<\/div>\n\t\t\t\t<\/div>\n\t\t<div class=\"elementor-element elementor-element-5293285 e-grid e-con-boxed e-con e-parent\" data-id=\"5293285\" data-element_type=\"container\" data-e-type=\"container\">\n\t\t\t\t\t<div class=\"e-con-inner\">\n\t\t\t\t<div class=\"elementor-element elementor-element-91cd704 elementor-widget elementor-widget-image\" data-id=\"91cd704\" data-element_type=\"widget\" data-e-type=\"widget\" data-widget_type=\"image.default\">\n\t\t\t\t<div class=\"elementor-widget-container\">\n\t\t\t\t\t\t\t\t\t\t\t\t\t\t\t<img loading=\"lazy\" decoding=\"async\" width=\"1185\" height=\"186\" src=\"https:\/\/societyofthemostholyredeemer.org\/wp-content\/uploads\/2024\/11\/Contact-Masses-2.jpg\" class=\"attachment-full size-full wp-image-3730\" alt=\"\" srcset=\"https:\/\/societyofthemostholyredeemer.org\/wp-content\/uploads\/2024\/11\/Contact-Masses-2.jpg 1185w, https:\/\/societyofthemostholyredeemer.org\/wp-content\/uploads\/2024\/11\/Contact-Masses-2-300x47.jpg 300w, https:\/\/societyofthemostholyredeemer.org\/wp-content\/uploads\/2024\/11\/Contact-Masses-2-1024x161.jpg 1024w, https:\/\/societyofthemostholyredeemer.org\/wp-content\/uploads\/2024\/11\/Contact-Masses-2-768x121.jpg 768w, https:\/\/societyofthemostholyredeemer.org\/wp-content\/uploads\/2024\/11\/Contact-Masses-2-18x3.jpg 18w\" sizes=\"(max-width: 1185px) 100vw, 1185px\" \/>\t\t\t\t\t\t\t\t\t\t\t\t\t\t\t<\/div>\n\t\t\t\t<\/div>\n\t\t\t\t\t<\/div>\n\t\t\t\t<\/div>\n\t\t<div class=\"elementor-element elementor-element-da07ccd e-flex e-con-boxed e-con e-parent\" data-id=\"da07ccd\" data-element_type=\"container\" data-e-type=\"container\">\n\t\t\t\t\t<div class=\"e-con-inner\">\n\t\t\t\t<div class=\"elementor-element elementor-element-2fb7395 elementor-widget elementor-widget-image\" data-id=\"2fb7395\" data-element_type=\"widget\" data-e-type=\"widget\" data-widget_type=\"image.default\">\n\t\t\t\t<div class=\"elementor-widget-container\">\n\t\t\t\t\t\t\t\t\t\t\t\t\t\t\t<img loading=\"lazy\" decoding=\"async\" width=\"584\" height=\"779\" src=\"https:\/\/societyofthemostholyredeemer.org\/wp-content\/uploads\/2023\/01\/Cards-for-Mass-intentions-768x1024.jpeg\" class=\"attachment-large size-large wp-image-2641\" alt=\"\" srcset=\"https:\/\/societyofthemostholyredeemer.org\/wp-content\/uploads\/2023\/01\/Cards-for-Mass-intentions-768x1024.jpeg 768w, https:\/\/societyofthemostholyredeemer.org\/wp-content\/uploads\/2023\/01\/Cards-for-Mass-intentions-225x300.jpeg 225w, https:\/\/societyofthemostholyredeemer.org\/wp-content\/uploads\/2023\/01\/Cards-for-Mass-intentions-1152x1536.jpeg 1152w, https:\/\/societyofthemostholyredeemer.org\/wp-content\/uploads\/2023\/01\/Cards-for-Mass-intentions-9x12.jpeg 9w, https:\/\/societyofthemostholyredeemer.org\/wp-content\/uploads\/2023\/01\/Cards-for-Mass-intentions.jpeg 1200w\" sizes=\"(max-width: 584px) 100vw, 584px\" \/>\t\t\t\t\t\t\t\t\t\t\t\t\t\t\t<\/div>\n\t\t\t\t<\/div>\n\t\t\t\t\t<\/div>\n\t\t\t\t<\/div>\n\t\t\t\t<\/div>","protected":false},"excerpt":{"rendered":"<p>Contact Us Name * First Last * Last Email * Subject * Message * Submit If you are human, leave this field blank.<\/p>","protected":false},"author":2,"featured_media":0,"parent":0,"menu_order":9,"comment_status":"closed","ping_status":"closed","template":"","meta":{"_acf_changed":false,"footnotes":""},"class_list":["post-21","page","type-page","status-publish","hentry"],"acf":[],"_links":{"self":[{"href":"https:\/\/societyofthemostholyredeemer.org\/pt\/wp-json\/wp\/v2\/pages\/21","targetHints":{"allow":["GET"]}}],"collection":[{"href":"https:\/\/societyofthemostholyredeemer.org\/pt\/wp-json\/wp\/v2\/pages"}],"about":[{"href":"https:\/\/societyofthemostholyredeemer.org\/pt\/wp-json\/wp\/v2\/types\/page"}],"author":[{"embeddable":true,"href":"https:\/\/societyofthemostholyredeemer.org\/pt\/wp-json\/wp\/v2\/users\/2"}],"replies":[{"embeddable":true,"href":"https:\/\/societyofthemostholyredeemer.org\/pt\/wp-json\/wp\/v2\/comments?post=21"}],"version-history":[{"count":31,"href":"https:\/\/societyofthemostholyredeemer.org\/pt\/wp-json\/wp\/v2\/pages\/21\/revisions"}],"predecessor-version":[{"id":10274,"href":"https:\/\/societyofthemostholyredeemer.org\/pt\/wp-json\/wp\/v2\/pages\/21\/revisions\/10274"}],"wp:attachment":[{"href":"https:\/\/societyofthemostholyredeemer.org\/pt\/wp-json\/wp\/v2\/media?parent=21"}],"curies":[{"name":"wp","href":"https:\/\/api.w.org\/{rel}","templated":true}]}}