{"id":2985,"date":"2019-09-17T22:10:13","date_gmt":"2019-09-17T22:10:13","guid":{"rendered":"http:\/\/societyofthemostholyredeemer.org\/?page_id=2985"},"modified":"2025-02-22T02:29:38","modified_gmt":"2025-02-22T02:29:38","slug":"store","status":"publish","type":"page","link":"https:\/\/societyofthemostholyredeemer.org\/pt\/store\/","title":{"rendered":"LOJA"},"content":{"rendered":"<div data-elementor-type=\"wp-page\" data-elementor-id=\"2985\" class=\"elementor elementor-2985\" data-elementor-post-type=\"page\">\n\t\t\t\t<div class=\"elementor-element elementor-element-8259a24 e-flex e-con-boxed e-con e-parent\" data-id=\"8259a24\" data-element_type=\"container\" data-e-type=\"container\">\n\t\t\t\t\t<div class=\"e-con-inner\">\n\t\t\t\t<div class=\"elementor-element elementor-element-3140522 elementor-widget elementor-widget-text-editor\" data-id=\"3140522\" data-element_type=\"widget\" data-e-type=\"widget\" data-widget_type=\"text-editor.default\">\n\t\t\t\t<div class=\"elementor-widget-container\">\n\t\t\t\t\t\t\t\t\t<h4>CHAPEL VEILS<\/h4>\t\t\t\t\t\t\t\t<\/div>\n\t\t\t\t<\/div>\n\t\t\t\t\t<\/div>\n\t\t\t\t<\/div>\n\t\t<div class=\"elementor-element elementor-element-90002a3 e-grid e-con-boxed e-con e-parent\" data-id=\"90002a3\" data-element_type=\"container\" data-e-type=\"container\">\n\t\t\t\t\t<div class=\"e-con-inner\">\n\t\t\t\t<div class=\"elementor-element elementor-element-8d97e10 elementor-widget elementor-widget-image\" data-id=\"8d97e10\" data-element_type=\"widget\" data-e-type=\"widget\" data-widget_type=\"image.default\">\n\t\t\t\t<div class=\"elementor-widget-container\">\n\t\t\t\t\t\t\t\t\t\t\t\t\t\t\t<img fetchpriority=\"high\" decoding=\"async\" width=\"900\" height=\"1600\" src=\"https:\/\/societyofthemostholyredeemer.org\/wp-content\/uploads\/2021\/08\/Veil-Black.jpeg\" class=\"attachment-full size-full wp-image-395\" alt=\"\" srcset=\"https:\/\/societyofthemostholyredeemer.org\/wp-content\/uploads\/2021\/08\/Veil-Black.jpeg 900w, https:\/\/societyofthemostholyredeemer.org\/wp-content\/uploads\/2021\/08\/Veil-Black-169x300.jpeg 169w, https:\/\/societyofthemostholyredeemer.org\/wp-content\/uploads\/2021\/08\/Veil-Black-576x1024.jpeg 576w, https:\/\/societyofthemostholyredeemer.org\/wp-content\/uploads\/2021\/08\/Veil-Black-768x1365.jpeg 768w, https:\/\/societyofthemostholyredeemer.org\/wp-content\/uploads\/2021\/08\/Veil-Black-864x1536.jpeg 864w\" sizes=\"(max-width: 900px) 100vw, 900px\" \/>\t\t\t\t\t\t\t\t\t\t\t\t\t\t\t<\/div>\n\t\t\t\t<\/div>\n\t\t\t\t<div class=\"elementor-element elementor-element-a2efd51 elementor-widget elementor-widget-text-editor\" data-id=\"a2efd51\" data-element_type=\"widget\" data-e-type=\"widget\" data-widget_type=\"text-editor.default\">\n\t\t\t\t<div class=\"elementor-widget-container\">\n\t\t\t\t\t\t\t\t\t<p style=\"text-align: center;\"><span style=\"color: #800000;\">Apresentamos esses lindos v\u00e9us de capela de renda macia e fluida em branco ou preto, excelentes para uso di\u00e1rio e perfeitos para presentear uma mulher cat\u00f3lica tradicional especial.<\/span><\/p><p style=\"text-align: center;\"><span style=\"color: #800000;\">As vendas desses v\u00e9us ajudam a manter nosso site e outras atividades da Sociedade do Sant\u00edssimo Redentor. A doa\u00e7\u00e3o sugerida \u00e9 de Gs. 100.000 (cerca de 14 US$) mais a postagem.<\/span><\/p>\t\t\t\t\t\t\t\t<\/div>\n\t\t\t\t<\/div>\n\t\t\t\t<div class=\"elementor-element elementor-element-0f38335 elementor-widget elementor-widget-image\" data-id=\"0f38335\" data-element_type=\"widget\" data-e-type=\"widget\" data-widget_type=\"image.default\">\n\t\t\t\t<div class=\"elementor-widget-container\">\n\t\t\t\t\t\t\t\t\t\t\t\t\t\t\t<img decoding=\"async\" width=\"900\" height=\"1600\" src=\"https:\/\/societyofthemostholyredeemer.org\/wp-content\/uploads\/2021\/08\/Veil-White.jpeg\" class=\"attachment-full size-full wp-image-396\" alt=\"\" srcset=\"https:\/\/societyofthemostholyredeemer.org\/wp-content\/uploads\/2021\/08\/Veil-White.jpeg 900w, https:\/\/societyofthemostholyredeemer.org\/wp-content\/uploads\/2021\/08\/Veil-White-169x300.jpeg 169w, https:\/\/societyofthemostholyredeemer.org\/wp-content\/uploads\/2021\/08\/Veil-White-576x1024.jpeg 576w, https:\/\/societyofthemostholyredeemer.org\/wp-content\/uploads\/2021\/08\/Veil-White-768x1365.jpeg 768w, https:\/\/societyofthemostholyredeemer.org\/wp-content\/uploads\/2021\/08\/Veil-White-864x1536.jpeg 864w\" sizes=\"(max-width: 900px) 100vw, 900px\" \/>\t\t\t\t\t\t\t\t\t\t\t\t\t\t\t<\/div>\n\t\t\t\t<\/div>\n\t\t\t\t<div class=\"elementor-element elementor-element-0c99cc3 elementor-widget elementor-widget-spacer\" data-id=\"0c99cc3\" data-element_type=\"widget\" data-e-type=\"widget\" data-widget_type=\"spacer.default\">\n\t\t\t\t<div class=\"elementor-widget-container\">\n\t\t\t\t\t\t\t<div class=\"elementor-spacer\">\n\t\t\t<div class=\"elementor-spacer-inner\"><\/div>\n\t\t<\/div>\n\t\t\t\t\t\t<\/div>\n\t\t\t\t<\/div>\n\t\t\t\t<div class=\"elementor-element elementor-element-c2017bd elementor-widget elementor-widget-spacer\" data-id=\"c2017bd\" data-element_type=\"widget\" data-e-type=\"widget\" data-widget_type=\"spacer.default\">\n\t\t\t\t<div class=\"elementor-widget-container\">\n\t\t\t\t\t\t\t<div class=\"elementor-spacer\">\n\t\t\t<div class=\"elementor-spacer-inner\"><\/div>\n\t\t<\/div>\n\t\t\t\t\t\t<\/div>\n\t\t\t\t<\/div>\n\t\t\t\t<div class=\"elementor-element elementor-element-ab4f668 elementor-button-success elementor-widget elementor-widget-button\" data-id=\"ab4f668\" data-element_type=\"widget\" data-e-type=\"widget\" data-widget_type=\"button.default\">\n\t\t\t\t<div class=\"elementor-widget-container\">\n\t\t\t\t\t\t\t\t\t<div class=\"elementor-button-wrapper\">\n\t\t\t\t\t<a class=\"elementor-button elementor-button-link elementor-size-sm\" href=\"\">\n\t\t\t\t\t\t<span class=\"elementor-button-content-wrapper\">\n\t\t\t\t\t\t\t\t\t<span class=\"elementor-button-text\">Comprar<\/span>\n\t\t\t\t\t<\/span>\n\t\t\t\t\t<\/a>\n\t\t\t\t<\/div>\n\t\t\t\t\t\t\t\t<\/div>\n\t\t\t\t<\/div>\n\t\t\t\t\t<\/div>\n\t\t\t\t<\/div>\n\t\t<div class=\"elementor-element elementor-element-0f637c7 e-flex e-con-boxed e-con e-parent\" data-id=\"0f637c7\" data-element_type=\"container\" data-e-type=\"container\">\n\t\t\t\t\t<div class=\"e-con-inner\">\n\t\t\t\t<div class=\"elementor-element elementor-element-1ab8791 elementor-widget elementor-widget-text-editor\" data-id=\"1ab8791\" data-element_type=\"widget\" data-e-type=\"widget\" data-widget_type=\"text-editor.default\">\n\t\t\t\t<div class=\"elementor-widget-container\">\n\t\t\t\t\t\t\t\t\t<h4>ROS\u00c1RIO EM LATIM BASEADO NO M\u00c9TODO DE S\u00c3O LU\u00cdS MARIA GRIGNION DE MONTFORT LOUIS-MARIE GRIGNION DE MONTFORT <br \/>(COM TRADU\u00c7\u00d5ES DID\u00c1TICAS EM INGL\u00caS\/ESPA\u00d1OL\/PORTUGU\u00caS)<\/h4>\t\t\t\t\t\t\t\t<\/div>\n\t\t\t\t<\/div>\n\t\t\t\t\t<\/div>\n\t\t\t\t<\/div>\n\t\t<div class=\"elementor-element elementor-element-d18f0f1 e-grid e-con-boxed e-con e-parent\" data-id=\"d18f0f1\" data-element_type=\"container\" data-e-type=\"container\">\n\t\t\t\t\t<div class=\"e-con-inner\">\n\t\t\t\t<div class=\"elementor-element elementor-element-b0db756 elementor-widget elementor-widget-image\" data-id=\"b0db756\" data-element_type=\"widget\" data-e-type=\"widget\" data-widget_type=\"image.default\">\n\t\t\t\t<div class=\"elementor-widget-container\">\n\t\t\t\t\t\t\t\t\t\t\t\t\t\t\t<img decoding=\"async\" src=\"https:\/\/societyofthemostholyredeemer.org\/wp-content\/uploads\/elementor\/thumbs\/Index-Rosary-1-pbmycdrmyl4g0xjjulq6fftkarrsqov6qgfb07umms.jpg\" title=\"\u00cdndice Ros\u00e1rio\" alt=\"Index Rosary\" loading=\"lazy\" \/>\t\t\t\t\t\t\t\t\t\t\t\t\t\t\t<\/div>\n\t\t\t\t<\/div>\n\t\t\t\t<div class=\"elementor-element elementor-element-33ec44f elementor-widget elementor-widget-image\" data-id=\"33ec44f\" data-element_type=\"widget\" data-e-type=\"widget\" data-widget_type=\"image.default\">\n\t\t\t\t<div class=\"elementor-widget-container\">\n\t\t\t\t\t\t\t\t\t\t\t\t\t\t\t<img decoding=\"async\" src=\"https:\/\/societyofthemostholyredeemer.org\/wp-content\/uploads\/elementor\/thumbs\/477px-The_Battle_of_Lepanto_by_Paolo_Veronese-qx822ioejskguhctzpl2mz16jezkiewcs3kbfhrmdk.jpeg\" title=\"477px-A_Batalha_de_Lepanto_por_Paolo_Veronese\" alt=\"477px-The_Battle_of_Lepanto_by_Paolo_Veronese\" loading=\"lazy\" \/>\t\t\t\t\t\t\t\t\t\t\t\t\t\t\t<\/div>\n\t\t\t\t<\/div>\n\t\t\t\t<div class=\"elementor-element elementor-element-e8fb64d elementor-widget elementor-widget-image\" data-id=\"e8fb64d\" data-element_type=\"widget\" data-e-type=\"widget\" data-widget_type=\"image.default\">\n\t\t\t\t<div class=\"elementor-widget-container\">\n\t\t\t\t\t\t\t\t\t\t\t\t\t\t\t<img decoding=\"async\" src=\"https:\/\/societyofthemostholyredeemer.org\/wp-content\/uploads\/elementor\/thumbs\/WhatsApp-Image-2021-08-13-at-18.39.22-pbkqlos6jrd8hu21urmmoehgjya6boecokzm0dir60.jpeg\" title=\"\" alt=\"\" loading=\"lazy\" \/>\t\t\t\t\t\t\t\t\t\t\t\t\t\t\t<\/div>\n\t\t\t\t<\/div>\n\t\t\t\t<div class=\"elementor-element elementor-element-176ae63 elementor-widget elementor-widget-text-editor\" data-id=\"176ae63\" data-element_type=\"widget\" data-e-type=\"widget\" data-widget_type=\"text-editor.default\">\n\t\t\t\t<div class=\"elementor-widget-container\">\n\t\t\t\t\t\t\t\t\t<p><span style=\"color: #800000;\">Este esquema do Santo Ros\u00e1rio (baseado no Ter\u00e7o de S\u00e3o Lu\u00eds Maria Grignion de Montfort) destina-se a ser recitado em latim. As tradu\u00e7\u00f5es oferecidas foram preparadas seguindo o texto em latim com a maior precis\u00e3o poss\u00edvel. Desta forma, oferece, por um lado, a possibilidade de compreender o profundo sentido doutrin\u00e1rio que muitas vezes \u00e9 pouco apreciado em outras tradu\u00e7\u00f5es e, por outro, um apoio acad\u00eamico para o combate mais eficaz em nossa era p\u00f3s-modernista. Um presente perfeito para uma Fam\u00edlia Tradicional Cat\u00f3lica ou para ter como recurso em sua biblioteca.<\/span><\/p>\t\t\t\t\t\t\t\t<\/div>\n\t\t\t\t<\/div>\n\t\t\t\t<div class=\"elementor-element elementor-element-e570060 elementor-widget elementor-widget-text-editor\" data-id=\"e570060\" data-element_type=\"widget\" data-e-type=\"widget\" data-widget_type=\"text-editor.default\">\n\t\t\t\t<div class=\"elementor-widget-container\">\n\t\t\t\t\t\t\t\t\t<p><span style=\"color: #800000;\">Este esquema del Santo Rosario (basado en el Rosario de San Luis Mar\u00eda Grignion de Montfort) est\u00e1 destinado a ser rezado en lat\u00edn. Las traducciones ofrecidas fueron elaboradas siguiendo de la manera m\u00e1s exacta posible el texto latino. De este modo se brinda a possibilidade tanto de compreender o profundo sentido doutrin\u00e1rio que muitas pe\u00e7as s\u00e3o apreciadas em outras tradu\u00e7\u00f5es como um soporte acad\u00eamico para o combate mais efetivo em nossa era p\u00f3s-modernista. Un regalo perfecto para una Familia Cat\u00f3lica Tradicional o para tener como material de consulta en la biblioteca.<\/span><\/p>\t\t\t\t\t\t\t\t<\/div>\n\t\t\t\t<\/div>\n\t\t\t\t<div class=\"elementor-element elementor-element-3b49e25 elementor-widget elementor-widget-text-editor\" data-id=\"3b49e25\" data-element_type=\"widget\" data-e-type=\"widget\" data-widget_type=\"text-editor.default\">\n\t\t\t\t<div class=\"elementor-widget-container\">\n\t\t\t\t\t\t\t\t\t<p><span style=\"color: #800000;\">Este m\u00e9todo do Santo Ros\u00e1rio (baseado no Ros\u00e1rio de S\u00e3o Lu\u00eds Maria Grignion de Montfort) deve ser rezado em latim. As tradu\u00e7\u00f5es oferecidas foram preparadas seguindo no modo mais pr\u00f3ximo poss\u00edvel o texto latino. Desse modo, \u00e9 oferecida aqui a possibilidade de compreender o profundo sentido doutrin\u00e1rio, muitas vezes pouco valorizado em outras tradu\u00e7\u00f5es, e tamb\u00e9m um suporte acad\u00eamico para o combate mais efetivo em nossa era p\u00f3s-modernista. Um presente perfeito para uma Fam\u00edlia Cat\u00f3lica Tradicional ou para ter como material de refer\u00eancia na biblioteca.<\/span><\/p>\t\t\t\t\t\t\t\t<\/div>\n\t\t\t\t<\/div>\n\t\t\t\t<div class=\"elementor-element elementor-element-db68d6e elementor-widget elementor-widget-spacer\" data-id=\"db68d6e\" data-element_type=\"widget\" data-e-type=\"widget\" data-widget_type=\"spacer.default\">\n\t\t\t\t<div class=\"elementor-widget-container\">\n\t\t\t\t\t\t\t<div class=\"elementor-spacer\">\n\t\t\t<div class=\"elementor-spacer-inner\"><\/div>\n\t\t<\/div>\n\t\t\t\t\t\t<\/div>\n\t\t\t\t<\/div>\n\t\t\t\t<div class=\"elementor-element elementor-element-1959b96 elementor-widget elementor-widget-text-editor\" data-id=\"1959b96\" data-element_type=\"widget\" data-e-type=\"widget\" data-widget_type=\"text-editor.default\">\n\t\t\t\t<div class=\"elementor-widget-container\">\n\t\t\t\t\t\t\t\t\t<p><span style=\"color: #800000;\">As vendas deste livreto do Ros\u00e1rio contribuem para a manuten\u00e7\u00e3o de nosso site e de outras atividades da Sociedade do Sant\u00edssimo Redentor. A doa\u00e7\u00e3o sugerida \u00e9 de Gs.40.000 (cerca de 7 US$) mais a postagem.\u00a0<\/span><\/p>\t\t\t\t\t\t\t\t<\/div>\n\t\t\t\t<\/div>\n\t\t\t\t<div class=\"elementor-element elementor-element-8539545 elementor-button-success elementor-widget elementor-widget-button\" data-id=\"8539545\" data-element_type=\"widget\" data-e-type=\"widget\" data-widget_type=\"button.default\">\n\t\t\t\t<div class=\"elementor-widget-container\">\n\t\t\t\t\t\t\t\t\t<div class=\"elementor-button-wrapper\">\n\t\t\t\t\t<a class=\"elementor-button elementor-button-link elementor-size-sm\" href=\"\">\n\t\t\t\t\t\t<span class=\"elementor-button-content-wrapper\">\n\t\t\t\t\t\t\t\t\t<span class=\"elementor-button-text\">Comprar<\/span>\n\t\t\t\t\t<\/span>\n\t\t\t\t\t<\/a>\n\t\t\t\t<\/div>\n\t\t\t\t\t\t\t\t<\/div>\n\t\t\t\t<\/div>\n\t\t\t\t\t<\/div>\n\t\t\t\t<\/div>\n\t\t\t\t<\/div>","protected":false},"excerpt":{"rendered":"<p>CHAPEL VEILS We present these lovely chapel veils of a soft flowing lace in white or black, excellent for daily use and perfect to give as a gift to a special Traditional Catholic woman. Sales of these Veils support the &hellip; <a class=\"continue_reading\" href=\"https:\/\/societyofthemostholyredeemer.org\/pt\/store\/\">Continuar lendo <span class=\"meta-nav\"><i class=\"fa fa-caret-right\" aria-hidden=\"true\"><\/i><\/span><\/a><\/p>","protected":false},"author":2,"featured_media":0,"parent":0,"menu_order":10,"comment_status":"closed","ping_status":"closed","template":"","meta":{"_acf_changed":false,"footnotes":""},"class_list":["post-2985","page","type-page","status-publish","hentry"],"acf":[],"_links":{"self":[{"href":"https:\/\/societyofthemostholyredeemer.org\/pt\/wp-json\/wp\/v2\/pages\/2985","targetHints":{"allow":["GET"]}}],"collection":[{"href":"https:\/\/societyofthemostholyredeemer.org\/pt\/wp-json\/wp\/v2\/pages"}],"about":[{"href":"https:\/\/societyofthemostholyredeemer.org\/pt\/wp-json\/wp\/v2\/types\/page"}],"author":[{"embeddable":true,"href":"https:\/\/societyofthemostholyredeemer.org\/pt\/wp-json\/wp\/v2\/users\/2"}],"replies":[{"embeddable":true,"href":"https:\/\/societyofthemostholyredeemer.org\/pt\/wp-json\/wp\/v2\/comments?post=2985"}],"version-history":[{"count":46,"href":"https:\/\/societyofthemostholyredeemer.org\/pt\/wp-json\/wp\/v2\/pages\/2985\/revisions"}],"predecessor-version":[{"id":6704,"href":"https:\/\/societyofthemostholyredeemer.org\/pt\/wp-json\/wp\/v2\/pages\/2985\/revisions\/6704"}],"wp:attachment":[{"href":"https:\/\/societyofthemostholyredeemer.org\/pt\/wp-json\/wp\/v2\/media?parent=2985"}],"curies":[{"name":"wp","href":"https:\/\/api.w.org\/{rel}","templated":true}]}}