{"id":3957,"date":"2024-11-18T00:05:35","date_gmt":"2024-11-18T00:05:35","guid":{"rendered":"https:\/\/societyofthemostholyredeemer.org\/?page_id=3957"},"modified":"2025-02-22T02:32:30","modified_gmt":"2025-02-22T02:32:30","slug":"terms-of-use","status":"publish","type":"page","link":"https:\/\/societyofthemostholyredeemer.org\/pt\/terms-of-use\/","title":{"rendered":"TERMOS DE USO"},"content":{"rendered":"<div data-elementor-type=\"wp-page\" data-elementor-id=\"3957\" class=\"elementor elementor-3957\" data-elementor-post-type=\"page\">\n\t\t\t\t<div class=\"elementor-element elementor-element-4782a13 e-flex e-con-boxed e-con e-parent\" data-id=\"4782a13\" data-element_type=\"container\" data-e-type=\"container\">\n\t\t\t\t\t<div class=\"e-con-inner\">\n\t\t\t\t<div class=\"elementor-element elementor-element-6590d18 elementor-widget elementor-widget-text-editor\" data-id=\"6590d18\" data-element_type=\"widget\" data-e-type=\"widget\" data-widget_type=\"text-editor.default\">\n\t\t\t\t<div class=\"elementor-widget-container\">\n\t\t\t\t\t\t\t\t\t<p>Bem-vindo ao nosso site. Se voc\u00ea continuar a navegar e usar este site, estar\u00e1 concordando em cumprir e estar vinculado aos seguintes termos e condi\u00e7\u00f5es de uso, que, juntamente com nossa pol\u00edtica de privacidade, regem o relacionamento da Sociedade do Sant\u00edssimo Redentor com voc\u00ea em rela\u00e7\u00e3o a este site. Se voc\u00ea n\u00e3o concordar com qualquer parte destes termos e condi\u00e7\u00f5es, n\u00e3o use nosso site.<\/p><p>O termo \"Sociedade do Sant\u00edssimo Redentor\" ou \"n\u00f3s\" refere-se ao propriet\u00e1rio do site, cujo escrit\u00f3rio registrado \u00e9 Bardstown, KY. O termo \"voc\u00ea\" refere-se ao usu\u00e1rio ou visualizador do nosso site.<\/p><p>O uso deste site est\u00e1 sujeito aos seguintes termos de uso:<\/p><p>Consentimento aos termos de uso<br \/>Ao utilizar este site, voc\u00ea concorda que seu uso est\u00e1 sujeito aos seguintes termos e condi\u00e7\u00f5es, que podem ser modificados a qualquer momento sem aviso pr\u00e9vio. Se voc\u00ea n\u00e3o concordar com estes termos e condi\u00e7\u00f5es, ou se seu uso violar estes termos e condi\u00e7\u00f5es ou qualquer lei aplic\u00e1vel, voc\u00ea n\u00e3o est\u00e1 autorizado a usar este site.<\/p><p>Direitos autorais e marcas<\/p><p>SOCIETYOFTHEMOSTHOLYREDEEMER.ORG. Copyright 2018, The Society of the Sant\u00edssimo Redentor. Todos os direitos reservados. Todo o conte\u00fado deste site, incluindo sem limita\u00e7\u00e3o, o texto, gr\u00e1ficos, multim\u00eddia ou c\u00f3digo \u00e9 propriedade da Sociedade do Sant\u00edssimo Redentor e tem direitos autorais como um trabalho coletivo sob as leis dos Estados Unidos e outros tratados e conven\u00e7\u00f5es internacionais. Todas as obras licenciadas para a Sociedade do Sant\u00edssimo Redentor neste site tamb\u00e9m t\u00eam direitos autorais e fazem parte da obra coletiva.<\/p><p>Todo o conte\u00fado fornecido neste site \u00e9 apenas para uso informativo. Qualquer outro uso \u00e9 estritamente proibido, incluindo, sem limita\u00e7\u00e3o, a c\u00f3pia, a reprodu\u00e7\u00e3o, a publica\u00e7\u00e3o, a distribui\u00e7\u00e3o, a exibi\u00e7\u00e3o ou a transmiss\u00e3o deste site ou de qualquer parte dele, a menos que seja obtida autoriza\u00e7\u00e3o pr\u00e9via da Sociedade do Sant\u00edssimo Redentor. Todas as marcas comerciais, marcas de servi\u00e7o e nomes comerciais da Society of the Most Holy Redeemer exibidos no site s\u00e3o marcas comerciais ou marcas registradas da Society of the Most Holy Redeemer.<\/p><p>Isen\u00e7\u00e3o de responsabilidade, limita\u00e7\u00e3o de responsabilidade e ren\u00fancia; links para terceiros<\/p><p>A Sociedade do Sant\u00edssimo Redentor renuncia a todas as garantias relativas ao conte\u00fado ou fun\u00e7\u00f5es deste website.* Na medida m\u00e1xima permitida por lei, a Sociedade do Sant\u00edssimo Redentor renuncia a todas as garantias, expressas ou impl\u00edcitas, incluindo, mas n\u00e3o limitadas a, garantias impl\u00edcitas de n\u00e3o infra\u00e7\u00e3o, garantias impl\u00edcitas de comerciabilidade e garantias impl\u00edcitas de adequa\u00e7\u00e3o a uma finalidade espec\u00edfica (exceto quando a ren\u00fancia a qualquer uma destas garantias impl\u00edcitas for proibida por lei).<\/p><p>A Sociedade do Sant\u00edssimo Redentor n\u00e3o garante que este site ou seu servidor de hospedagem esteja sempre livre de v\u00edrus ou elementos maliciosos criados por terceiros. Tamb\u00e9m n\u00e3o garante que este site estar\u00e1 sempre operacional, livre de interrup\u00e7\u00f5es ou erros. A Sociedade do Sant\u00edssimo Redentor n\u00e3o ser\u00e1 respons\u00e1vel por quaisquer danos ou perdas decorrentes ou relacionados ao seu uso deste site. A falha da Sociedade do Sant\u00edssimo Redentor em aplicar qualquer provis\u00e3o destes termos e condi\u00e7\u00f5es n\u00e3o ser\u00e1 interpretada como uma ren\u00fancia a qualquer provis\u00e3o ou direito. A Sociedade do Sant\u00edssimo Redentor tamb\u00e9m pode criar links para sites operados por terceiros. Se voc\u00ea optar por acess\u00e1-los, voc\u00ea o far\u00e1 por sua pr\u00f3pria conta e risco.<\/p><p>O conte\u00fado das p\u00e1ginas deste site \u00e9 apenas para sua informa\u00e7\u00e3o geral e uso.  Ele est\u00e1 sujeito a altera\u00e7\u00f5es sem aviso pr\u00e9vio.<\/p><p>Este site usa cookies para monitorar as prefer\u00eancias de navega\u00e7\u00e3o. Mesmo que voc\u00ea permita o uso de cookies, algumas informa\u00e7\u00f5es pessoais poder\u00e3o ser armazenadas por n\u00f3s para uso por terceiros.<\/p><p>Nem n\u00f3s nem terceiros fornecemos qualquer garantia quanto \u00e0 precis\u00e3o, pontualidade, desempenho, integridade ou adequa\u00e7\u00e3o das informa\u00e7\u00f5es e materiais encontrados ou oferecidos neste site para qualquer finalidade espec\u00edfica. Voc\u00ea reconhece que tais informa\u00e7\u00f5es e materiais podem conter imprecis\u00f5es ou erros e n\u00f3s expressamente exclu\u00edmos a responsabilidade por tais imprecis\u00f5es ou erros na extens\u00e3o m\u00e1xima permitida por lei.<\/p><p>O uso de quaisquer informa\u00e7\u00f5es ou materiais deste site \u00e9 feito inteiramente por sua conta e risco, pelo qual n\u00e3o seremos respons\u00e1veis. Ser\u00e1 de sua responsabilidade garantir que quaisquer produtos, servi\u00e7os ou informa\u00e7\u00f5es dispon\u00edveis neste site atendam \u00e0s suas necessidades espec\u00edficas.<\/p><p>Este site cont\u00e9m material que \u00e9 de nossa propriedade ou licenciado para n\u00f3s. Esse material inclui, entre outros, o design, o layout, a apar\u00eancia, o visual e os gr\u00e1ficos. A reprodu\u00e7\u00e3o \u00e9 proibida, exceto de acordo com o aviso de direitos autorais, que faz parte destes termos e condi\u00e7\u00f5es.<\/p><p>Todas as marcas registradas reproduzidas neste site que n\u00e3o sejam de propriedade ou licenciadas para o operador s\u00e3o reconhecidas no site.<\/p><p>O uso n\u00e3o autorizado deste site pode dar origem a uma reclama\u00e7\u00e3o por danos e\/ou ser um delito criminal.<\/p><p>De tempos em tempos, este site tamb\u00e9m pode incluir links para outros sites. Esses links s\u00e3o fornecidos para sua conveni\u00eancia e para fornecer mais informa\u00e7\u00f5es. Eles n\u00e3o significam que endossamos o(s) site(s). N\u00e3o nos responsabilizamos pelo conte\u00fado do(s) site(s) vinculado(s).<\/p><p>Seu uso deste site e qualquer disputa decorrente desse uso do site est\u00e3o sujeitos \u00e0s leis dos Estados Unidos da Am\u00e9rica e da Rep\u00fablica do Paraguai.<\/p><p>Libera\u00e7\u00e3o e indeniza\u00e7\u00e3o<\/p><p>Voc\u00ea concorda em liberar, isentar de responsabilidade, indenizar e defender a Sociedade do Esp\u00edrito Santo, seus administradores, diretores, funcion\u00e1rios, volunt\u00e1rios, agentes e licenciadores de e contra todos os danos e perdas, incluindo honor\u00e1rios advocat\u00edcios razo\u00e1veis, decorrentes ou relacionados ao seu uso deste site, especialmente incluindo, sem limita\u00e7\u00e3o, qualquer viola\u00e7\u00e3o destes termos e condi\u00e7\u00f5es ou qualquer uso negligente, tortuoso ou ilegal.<\/p><p>*Isso n\u00e3o significa de forma alguma que os ensinamentos infalivelmente definidos do Magist\u00e9rio da Igreja Cat\u00f3lica que s\u00e3o citados em todo este site possam estar errados.<\/p>\t\t\t\t\t\t\t\t<\/div>\n\t\t\t\t<\/div>\n\t\t\t\t\t<\/div>\n\t\t\t\t<\/div>\n\t\t\t\t<\/div>","protected":false},"excerpt":{"rendered":"<p>Welcome to our website. If you continue to browse and use this website, you are agreeing to comply with and be bound by the following terms and conditions of use, which together with our privacy policy govern the Society of &hellip; <a class=\"continue_reading\" href=\"https:\/\/societyofthemostholyredeemer.org\/pt\/terms-of-use\/\">Continuar lendo <span class=\"meta-nav\"><i class=\"fa fa-caret-right\" aria-hidden=\"true\"><\/i><\/span><\/a><\/p>","protected":false},"author":2,"featured_media":0,"parent":0,"menu_order":16,"comment_status":"closed","ping_status":"closed","template":"","meta":{"_acf_changed":false,"footnotes":""},"class_list":["post-3957","page","type-page","status-publish","hentry"],"acf":[],"_links":{"self":[{"href":"https:\/\/societyofthemostholyredeemer.org\/pt\/wp-json\/wp\/v2\/pages\/3957","targetHints":{"allow":["GET"]}}],"collection":[{"href":"https:\/\/societyofthemostholyredeemer.org\/pt\/wp-json\/wp\/v2\/pages"}],"about":[{"href":"https:\/\/societyofthemostholyredeemer.org\/pt\/wp-json\/wp\/v2\/types\/page"}],"author":[{"embeddable":true,"href":"https:\/\/societyofthemostholyredeemer.org\/pt\/wp-json\/wp\/v2\/users\/2"}],"replies":[{"embeddable":true,"href":"https:\/\/societyofthemostholyredeemer.org\/pt\/wp-json\/wp\/v2\/comments?post=3957"}],"version-history":[{"count":11,"href":"https:\/\/societyofthemostholyredeemer.org\/pt\/wp-json\/wp\/v2\/pages\/3957\/revisions"}],"predecessor-version":[{"id":4639,"href":"https:\/\/societyofthemostholyredeemer.org\/pt\/wp-json\/wp\/v2\/pages\/3957\/revisions\/4639"}],"wp:attachment":[{"href":"https:\/\/societyofthemostholyredeemer.org\/pt\/wp-json\/wp\/v2\/media?parent=3957"}],"curies":[{"name":"wp","href":"https:\/\/api.w.org\/{rel}","templated":true}]}}