{"id":3959,"date":"2024-11-18T00:06:02","date_gmt":"2024-11-18T00:06:02","guid":{"rendered":"https:\/\/societyofthemostholyredeemer.org\/?page_id=3959"},"modified":"2025-02-22T02:34:53","modified_gmt":"2025-02-22T02:34:53","slug":"privacy-policy","status":"publish","type":"page","link":"https:\/\/societyofthemostholyredeemer.org\/pt\/privacy-policy\/","title":{"rendered":"POL\u00cdTICA DE PRIVACIDADE"},"content":{"rendered":"<div data-elementor-type=\"wp-page\" data-elementor-id=\"3959\" class=\"elementor elementor-3959\" data-elementor-post-type=\"page\">\n\t\t\t\t<div class=\"elementor-element elementor-element-92e8b0f e-flex e-con-boxed e-con e-parent\" data-id=\"92e8b0f\" data-element_type=\"container\" data-e-type=\"container\">\n\t\t\t\t\t<div class=\"e-con-inner\">\n\t\t\t\t<div class=\"elementor-element elementor-element-5826767 elementor-widget elementor-widget-text-editor\" data-id=\"5826767\" data-element_type=\"widget\" data-e-type=\"widget\" data-widget_type=\"text-editor.default\">\n\t\t\t\t<div class=\"elementor-widget-container\">\n\t\t\t\t\t\t\t\t\t<p style=\"text-align: justify;\">Ao utilizar este site, voc\u00ea concorda com os termos desta pol\u00edtica de privacidade, que pode ser modificada de tempos em tempos sem aviso pr\u00e9vio.<\/p><p style=\"text-align: justify;\">A Sociedade do Sant\u00edssimo Redentor pode coletar informa\u00e7\u00f5es, de voc\u00ea, por exemplo, se voc\u00ea preencher um formul\u00e1rio de registro para se inscrever para receber alertas por e-mail, ou para participar de v\u00e1rias fun\u00e7\u00f5es ligadas ao site.<\/p><p style=\"text-align: justify;\">A Sociedade do Sant\u00edssimo Redentor pode usar as informa\u00e7\u00f5es pessoais que voc\u00ea nos fornecer para entrar em contato com voc\u00ea, ou para lhe fornecer ou assistir com as fun\u00e7\u00f5es do site. Tamb\u00e9m pode usar suas informa\u00e7\u00f5es para manuten\u00e7\u00e3o de registros internos, para melhorar o conte\u00fado ou funcionalidade do site, e para fins relacionados \u00e0 sua miss\u00e3o religiosa e apostolados ou aos de suas afiliadas. A Sociedade do Sant\u00edssimo Redentor nunca vender\u00e1 suas informa\u00e7\u00f5es pessoais a terceiros.<\/p><p style=\"text-align: justify;\">Al\u00e9m das informa\u00e7\u00f5es que voc\u00ea nos fornece, a Sociedade do Sant\u00edssimo Redentor tamb\u00e9m pode usar tecnologia para coletar informa\u00e7\u00f5es sobre seu uso deste site, incluindo, sem limita\u00e7\u00e3o, o acompanhamento da freq\u00fc\u00eancia com que voc\u00ea visita nosso site, as datas, hor\u00e1rios e dura\u00e7\u00e3o de suas visitas, quais p\u00e1ginas voc\u00ea visualiza, quais sites o encaminha ao nosso site, qual navegador voc\u00ea usa e qual dom\u00ednio ou endere\u00e7o IP voc\u00ea usa para acessar o site. A Sociedade do Sant\u00edssimo Redentor pode utilizar estas informa\u00e7\u00f5es por v\u00e1rios motivos, inclusive, sem limita\u00e7\u00e3o, para compilar estat\u00edsticas sobre nossos visitantes, para entender melhor suas necessidades e interesses, para personalizar sua experi\u00eancia on-line e para melhorar o conte\u00fado e a funcionalidade de nosso site.<\/p><p style=\"text-align: justify;\">A Sociedade do Sant\u00edssimo Redentor n\u00e3o solicita intencionalmente informa\u00e7\u00f5es pessoais de crian\u00e7as menores de 13 anos atrav\u00e9s de seu website ou fun\u00e7\u00f5es on-line sem o pr\u00e9vio consentimento expresso e informado dos pais ou respons\u00e1vel legal da crian\u00e7a. [Veja a Lei de Prote\u00e7\u00e3o de Privacidade Online de Crian\u00e7as [U.S.], 15 U.S.C. \u00a7\u00a7 6501-6506].<\/p>\t\t\t\t\t\t\t\t<\/div>\n\t\t\t\t<\/div>\n\t\t\t\t\t<\/div>\n\t\t\t\t<\/div>\n\t\t\t\t<\/div>","protected":false},"excerpt":{"rendered":"<p>By using this site, you agree to the terms of this privacy policy, which may be modified from time to time without notice to you. The Society of the Most Holy Redeemer may collect information, from you, for example, if &hellip; <a class=\"continue_reading\" href=\"https:\/\/societyofthemostholyredeemer.org\/pt\/privacy-policy\/\">Continuar lendo <span class=\"meta-nav\"><i class=\"fa fa-caret-right\" aria-hidden=\"true\"><\/i><\/span><\/a><\/p>","protected":false},"author":2,"featured_media":0,"parent":0,"menu_order":17,"comment_status":"closed","ping_status":"closed","template":"","meta":{"_acf_changed":false,"footnotes":""},"class_list":["post-3959","page","type-page","status-publish","hentry"],"acf":[],"_links":{"self":[{"href":"https:\/\/societyofthemostholyredeemer.org\/pt\/wp-json\/wp\/v2\/pages\/3959","targetHints":{"allow":["GET"]}}],"collection":[{"href":"https:\/\/societyofthemostholyredeemer.org\/pt\/wp-json\/wp\/v2\/pages"}],"about":[{"href":"https:\/\/societyofthemostholyredeemer.org\/pt\/wp-json\/wp\/v2\/types\/page"}],"author":[{"embeddable":true,"href":"https:\/\/societyofthemostholyredeemer.org\/pt\/wp-json\/wp\/v2\/users\/2"}],"replies":[{"embeddable":true,"href":"https:\/\/societyofthemostholyredeemer.org\/pt\/wp-json\/wp\/v2\/comments?post=3959"}],"version-history":[{"count":5,"href":"https:\/\/societyofthemostholyredeemer.org\/pt\/wp-json\/wp\/v2\/pages\/3959\/revisions"}],"predecessor-version":[{"id":4640,"href":"https:\/\/societyofthemostholyredeemer.org\/pt\/wp-json\/wp\/v2\/pages\/3959\/revisions\/4640"}],"wp:attachment":[{"href":"https:\/\/societyofthemostholyredeemer.org\/pt\/wp-json\/wp\/v2\/media?parent=3959"}],"curies":[{"name":"wp","href":"https:\/\/api.w.org\/{rel}","templated":true}]}}