{"id":4326,"date":"2024-11-26T10:56:39","date_gmt":"2024-11-26T10:56:39","guid":{"rendered":"https:\/\/societyofthemostholyredeemer.org\/?page_id=4326"},"modified":"2025-06-14T23:49:51","modified_gmt":"2025-06-14T23:49:51","slug":"seasonal-prayers-meditations","status":"publish","type":"page","link":"https:\/\/societyofthemostholyredeemer.org\/pt\/seasonal-prayers-meditations\/","title":{"rendered":"ORA\u00c7\u00d5ES E MEDITA\u00c7\u00d5ES SAZONAIS"},"content":{"rendered":"<div data-elementor-type=\"wp-page\" data-elementor-id=\"4326\" class=\"elementor elementor-4326\" data-elementor-post-type=\"page\">\n\t\t\t\t<div class=\"elementor-element elementor-element-53d30d3 e-flex e-con-boxed e-con e-parent\" data-id=\"53d30d3\" data-element_type=\"container\" data-e-type=\"container\">\n\t\t\t\t\t<div class=\"e-con-inner\">\n\t\t\t\t<div class=\"elementor-element elementor-element-51ba256 elementor-widget elementor-widget-text-editor\" data-id=\"51ba256\" data-element_type=\"widget\" data-e-type=\"widget\" data-widget_type=\"text-editor.default\">\n\t\t\t\t<div class=\"elementor-widget-container\">\n\t\t\t\t\t\t\t\t\t<h4>PRAYERS AND MEDITATIONS from the writings of St. Alphonsus<\/h4><p style=\"padding-left: 40px;\"><span style=\"color: #171717; font-size: 17px; text-align: var(--text-align); font-weight: 400;\"><a href=\"https:\/\/societyofthemostholyredeemer.org\/pt\/daily-meditations\/\">- <strong><em>MEDITA\u00c7\u00d5ES E LEITURAS PARA TODOS OS DIAS DO ANO<\/em><\/strong><\/a> <br \/>\u00a0 \u00a0 (Rev. Pe. J.B. Coyle, CSsR, editor)<\/span><\/p><p style=\"padding-left: 40px;\"><span style=\"color: #171717; font-size: 17px; text-align: var(--text-align); font-weight: 400;\"><a href=\"https:\/\/societyofthemostholyredeemer.org\/pt\/st-alphonsus-prayer-book\/\">- <strong><em>ST. LIVRO DE ORA\u00c7\u00d5ES DE S\u00c3O ALPHONSUS<\/em><\/strong><\/a><br \/>\u00a0 \u00a0 (Rev. Pe. St. Omer, CSsR, editor)<\/span><\/p>\t\t\t\t\t\t\t\t<\/div>\n\t\t\t\t<\/div>\n\t\t\t\t\t<\/div>\n\t\t\t\t<\/div>\n\t\t<div class=\"elementor-element elementor-element-8b91f1f e-flex e-con-boxed e-con e-parent\" data-id=\"8b91f1f\" data-element_type=\"container\" data-e-type=\"container\">\n\t\t\t\t\t<div class=\"e-con-inner\">\n\t\t\t\t<div class=\"elementor-element elementor-element-7c51676 elementor-widget-divider--view-line elementor-widget elementor-widget-divider\" data-id=\"7c51676\" data-element_type=\"widget\" data-e-type=\"widget\" data-widget_type=\"divider.default\">\n\t\t\t\t<div class=\"elementor-widget-container\">\n\t\t\t\t\t\t\t<div class=\"elementor-divider\">\n\t\t\t<span class=\"elementor-divider-separator\">\n\t\t\t\t\t\t<\/span>\n\t\t<\/div>\n\t\t\t\t\t\t<\/div>\n\t\t\t\t<\/div>\n\t\t\t\t\t<\/div>\n\t\t\t\t<\/div>\n\t\t<div class=\"elementor-element elementor-element-d09bc99 e-flex e-con-boxed e-con e-parent\" data-id=\"d09bc99\" data-element_type=\"container\" data-e-type=\"container\">\n\t\t\t\t\t<div class=\"e-con-inner\">\n\t\t\t\t<div class=\"elementor-element elementor-element-ac36aba elementor-widget elementor-widget-text-editor\" data-id=\"ac36aba\" data-element_type=\"widget\" data-e-type=\"widget\" data-widget_type=\"text-editor.default\">\n\t\t\t\t<div class=\"elementor-widget-container\">\n\t\t\t\t\t\t\t\t\t<h4>PRAYERS AND MEDITATIONS ACCORDING TO THE LITURGICAL SEASON<\/h4><p style=\"padding-left: 40px;\">\u2022 ADVENT<\/p><p style=\"padding-left: 40px;\">\u2022 CHRISTMAS<\/p><p style=\"padding-left: 40px;\">\u2022 SEPTUAGESIMA<\/p><p style=\"padding-left: 40px;\">\u2022 LENT AND\u00a0PASSIONTIDE<\/p><p style=\"padding-left: 40px;\">\u2022 PASCHAL TIME<\/p><p style=\"padding-left: 40px;\">\u2022 TIME AFTER PENTECOST<\/p>\t\t\t\t\t\t\t\t<\/div>\n\t\t\t\t<\/div>\n\t\t\t\t\t<\/div>\n\t\t\t\t<\/div>\n\t\t<div class=\"elementor-element elementor-element-eac0d6d e-flex e-con-boxed e-con e-parent\" data-id=\"eac0d6d\" data-element_type=\"container\" data-e-type=\"container\">\n\t\t\t\t\t<div class=\"e-con-inner\">\n\t\t\t\t<div class=\"elementor-element elementor-element-061638d elementor-widget-divider--view-line elementor-widget elementor-widget-divider\" data-id=\"061638d\" data-element_type=\"widget\" data-e-type=\"widget\" data-widget_type=\"divider.default\">\n\t\t\t\t<div class=\"elementor-widget-container\">\n\t\t\t\t\t\t\t<div class=\"elementor-divider\">\n\t\t\t<span class=\"elementor-divider-separator\">\n\t\t\t\t\t\t<\/span>\n\t\t<\/div>\n\t\t\t\t\t\t<\/div>\n\t\t\t\t<\/div>\n\t\t\t\t\t<\/div>\n\t\t\t\t<\/div>\n\t\t<div class=\"elementor-element elementor-element-38f32e1 e-flex e-con-boxed e-con e-parent\" data-id=\"38f32e1\" data-element_type=\"container\" data-e-type=\"container\">\n\t\t\t\t\t<div class=\"e-con-inner\">\n\t\t\t\t<div class=\"elementor-element elementor-element-d5ca898 elementor-widget elementor-widget-text-editor\" data-id=\"d5ca898\" data-element_type=\"widget\" data-e-type=\"widget\" data-widget_type=\"text-editor.default\">\n\t\t\t\t<div class=\"elementor-widget-container\">\n\t\t\t\t\t\t\t\t\t<h4><a href=\"https:\/\/societyofthemostholyredeemer.org\/pt\/novenas\/\">ADDITIONAL PRAYERS AND<\/a> <a href=\"https:\/\/societyofthemostholyredeemer.org\/pt\/novenas\/\">NOVENAS <\/a><\/h4>\t\t\t\t\t\t\t\t<\/div>\n\t\t\t\t<\/div>\n\t\t\t\t\t<\/div>\n\t\t\t\t<\/div>\n\t\t\t\t<\/div>","protected":false},"excerpt":{"rendered":"<p>PRAYERS AND MEDITATIONS from the writings of St. Alphonsus \u2022 MEDITATIONS AND READINGS FOR EVERY DAY OF THE YEAR \u00a0 \u00a0 (Rev. Fr. J.B. Coyle, CSsR, editor) \u2022 ST. ALPHONSUS&#8217; PRAYER-BOOK\u00a0 \u00a0 (Rev. Fr. St. Omer, CSsR, editor) PRAYERS AND &hellip; <a class=\"continue_reading\" href=\"https:\/\/societyofthemostholyredeemer.org\/pt\/seasonal-prayers-meditations\/\">Continuar lendo <span class=\"meta-nav\"><i class=\"fa fa-caret-right\" aria-hidden=\"true\"><\/i><\/span><\/a><\/p>","protected":false},"author":2,"featured_media":0,"parent":0,"menu_order":31,"comment_status":"closed","ping_status":"closed","template":"","meta":{"_acf_changed":false,"footnotes":""},"class_list":["post-4326","page","type-page","status-publish","hentry"],"acf":[],"_links":{"self":[{"href":"https:\/\/societyofthemostholyredeemer.org\/pt\/wp-json\/wp\/v2\/pages\/4326","targetHints":{"allow":["GET"]}}],"collection":[{"href":"https:\/\/societyofthemostholyredeemer.org\/pt\/wp-json\/wp\/v2\/pages"}],"about":[{"href":"https:\/\/societyofthemostholyredeemer.org\/pt\/wp-json\/wp\/v2\/types\/page"}],"author":[{"embeddable":true,"href":"https:\/\/societyofthemostholyredeemer.org\/pt\/wp-json\/wp\/v2\/users\/2"}],"replies":[{"embeddable":true,"href":"https:\/\/societyofthemostholyredeemer.org\/pt\/wp-json\/wp\/v2\/comments?post=4326"}],"version-history":[{"count":76,"href":"https:\/\/societyofthemostholyredeemer.org\/pt\/wp-json\/wp\/v2\/pages\/4326\/revisions"}],"predecessor-version":[{"id":9485,"href":"https:\/\/societyofthemostholyredeemer.org\/pt\/wp-json\/wp\/v2\/pages\/4326\/revisions\/9485"}],"wp:attachment":[{"href":"https:\/\/societyofthemostholyredeemer.org\/pt\/wp-json\/wp\/v2\/media?parent=4326"}],"curies":[{"name":"wp","href":"https:\/\/api.w.org\/{rel}","templated":true}]}}