{"id":8263,"date":"2025-04-29T00:44:30","date_gmt":"2025-04-29T00:44:30","guid":{"rendered":"https:\/\/societyofthemostholyredeemer.org\/?page_id=8263"},"modified":"2025-04-29T01:33:14","modified_gmt":"2025-04-29T01:33:14","slug":"prayers-to-st-joseph","status":"publish","type":"page","link":"https:\/\/societyofthemostholyredeemer.org\/pt\/prayers-to-st-joseph\/","title":{"rendered":"ORA\u00c7\u00d5ES A ST. JOSEPH"},"content":{"rendered":"<div data-elementor-type=\"wp-page\" data-elementor-id=\"8263\" class=\"elementor elementor-8263\" data-elementor-post-type=\"page\">\n\t\t\t\t<div class=\"elementor-element elementor-element-7773ad5 e-flex e-con-boxed e-con e-parent\" data-id=\"7773ad5\" data-element_type=\"container\" data-e-type=\"container\">\n\t\t\t\t\t<div class=\"e-con-inner\">\n\t\t\t\t<div class=\"elementor-element elementor-element-b566696 elementor-widget elementor-widget-text-editor\" data-id=\"b566696\" data-element_type=\"widget\" data-e-type=\"widget\" data-widget_type=\"text-editor.default\">\n\t\t\t\t<div class=\"elementor-widget-container\">\n\t\t\t\t\t\t\t\t\t<p style=\"text-align: left;\"><em>As ora\u00e7\u00f5es a seguir foram extra\u00eddas de <\/em><strong>Livro de Ora\u00e7\u00f5es de Santo Afonso<\/strong><em>editado pelo Rev. Pe. St. Omer, C.Ss.R., Benziger Brothers, 1888.<\/em><\/p><p style=\"text-align: left;\">-\u00a0 <a href=\"https:\/\/societyofthemostholyredeemer.org\/pt\/seven-sorrows-and-seven-joys-of-st-joseph\/\">As Sete Dores e as Sete Alegrias de S\u00e3o Jos\u00e9<\/a><\/p><p>- Ladainha de S\u00e3o Jos\u00e9<\/p><p>-\u00a0 <a href=\"https:\/\/societyofthemostholyredeemer.org\/pt\/miscellaneous-prayers-to-st-joseph\/\">Ora\u00e7\u00f5es diversas para S\u00e3o Jos\u00e9<\/a><\/p>\t\t\t\t\t\t\t\t<\/div>\n\t\t\t\t<\/div>\n\t\t\t\t\t<\/div>\n\t\t\t\t<\/div>\n\t\t<div class=\"elementor-element elementor-element-f83be6d e-flex e-con-boxed e-con e-parent\" data-id=\"f83be6d\" data-element_type=\"container\" data-e-type=\"container\">\n\t\t\t\t\t<div class=\"e-con-inner\">\n\t\t\t\t<div class=\"elementor-element elementor-element-494a4cf elementor-widget elementor-widget-text-editor\" data-id=\"494a4cf\" data-element_type=\"widget\" data-e-type=\"widget\" data-widget_type=\"text-editor.default\">\n\t\t\t\t<div class=\"elementor-widget-container\">\n\t\t\t\t\t\t\t\t\t<hr \/><p><em>Ora\u00e7\u00f5es a S\u00e3o Jos\u00e9 extra\u00eddas de outras fontes:<\/em><\/p><p>-\u00a0 <a href=\"https:\/\/societyofthemostholyredeemer.org\/pt\/miraculous-30-day-novena-to-st-joseph\/\">Novena \"milagrosa\" de 30 dias para S\u00e3o Jos\u00e9<\/a><\/p>\t\t\t\t\t\t\t\t<\/div>\n\t\t\t\t<\/div>\n\t\t\t\t\t<\/div>\n\t\t\t\t<\/div>\n\t\t\t\t<\/div>","protected":false},"excerpt":{"rendered":"<p>The following prayers are taken from St. Alphonsus&#8217; Prayer-Book, edited by Rev. Fr. St. Omer, C.Ss.R., Benziger Brothers, 1888. \u2022\u00a0 The Seven Sorrows and the Seven Joys of St. Joseph \u2022\u00a0 Litany of St. Joseph \u2022\u00a0 Miscellaneous Prayers to St. &hellip; <a class=\"continue_reading\" href=\"https:\/\/societyofthemostholyredeemer.org\/pt\/prayers-to-st-joseph\/\">Continuar lendo <span class=\"meta-nav\"><i class=\"fa fa-caret-right\" aria-hidden=\"true\"><\/i><\/span><\/a><\/p>","protected":false},"author":3,"featured_media":8264,"parent":0,"menu_order":82,"comment_status":"closed","ping_status":"closed","template":"","meta":{"_acf_changed":false,"footnotes":""},"class_list":["post-8263","page","type-page","status-publish","has-post-thumbnail","hentry"],"acf":[],"_links":{"self":[{"href":"https:\/\/societyofthemostholyredeemer.org\/pt\/wp-json\/wp\/v2\/pages\/8263","targetHints":{"allow":["GET"]}}],"collection":[{"href":"https:\/\/societyofthemostholyredeemer.org\/pt\/wp-json\/wp\/v2\/pages"}],"about":[{"href":"https:\/\/societyofthemostholyredeemer.org\/pt\/wp-json\/wp\/v2\/types\/page"}],"author":[{"embeddable":true,"href":"https:\/\/societyofthemostholyredeemer.org\/pt\/wp-json\/wp\/v2\/users\/3"}],"replies":[{"embeddable":true,"href":"https:\/\/societyofthemostholyredeemer.org\/pt\/wp-json\/wp\/v2\/comments?post=8263"}],"version-history":[{"count":35,"href":"https:\/\/societyofthemostholyredeemer.org\/pt\/wp-json\/wp\/v2\/pages\/8263\/revisions"}],"predecessor-version":[{"id":8317,"href":"https:\/\/societyofthemostholyredeemer.org\/pt\/wp-json\/wp\/v2\/pages\/8263\/revisions\/8317"}],"wp:featuredmedia":[{"embeddable":true,"href":"https:\/\/societyofthemostholyredeemer.org\/pt\/wp-json\/wp\/v2\/media\/8264"}],"wp:attachment":[{"href":"https:\/\/societyofthemostholyredeemer.org\/pt\/wp-json\/wp\/v2\/media?parent=8263"}],"curies":[{"name":"wp","href":"https:\/\/api.w.org\/{rel}","templated":true}]}}