{"id":8282,"date":"2025-04-29T01:04:03","date_gmt":"2025-04-29T01:04:03","guid":{"rendered":"https:\/\/societyofthemostholyredeemer.org\/?page_id=8282"},"modified":"2025-04-29T01:35:29","modified_gmt":"2025-04-29T01:35:29","slug":"seven-sorrows-and-seven-joys-of-st-joseph","status":"publish","type":"page","link":"https:\/\/societyofthemostholyredeemer.org\/pt\/seven-sorrows-and-seven-joys-of-st-joseph\/","title":{"rendered":"SETE TRISTEZAS E SETE ALEGRIAS DE S\u00c3O. JOSEPH"},"content":{"rendered":"<div data-elementor-type=\"wp-page\" data-elementor-id=\"8282\" class=\"elementor elementor-8282\" data-elementor-post-type=\"page\">\n\t\t\t\t<div class=\"elementor-element elementor-element-f30290f e-flex e-con-boxed e-con e-parent\" data-id=\"f30290f\" data-element_type=\"container\" data-e-type=\"container\">\n\t\t\t\t\t<div class=\"e-con-inner\">\n\t\t\t\t<div class=\"elementor-element elementor-element-1924080 elementor-widget elementor-widget-text-editor\" data-id=\"1924080\" data-element_type=\"widget\" data-e-type=\"widget\" data-widget_type=\"text-editor.default\">\n\t\t\t\t<div class=\"elementor-widget-container\">\n\t\t\t\t\t\t\t\t\t<p><em>As ora\u00e7\u00f5es a seguir foram extra\u00eddas de <\/em><strong>Livro de Ora\u00e7\u00f5es de Santo Afonso<\/strong><em>editado pelo Rev. Pe. St. Omer, C.Ss.R., Benziger Brothers, 1888.<\/em><\/p>\t\t\t\t\t\t\t\t<\/div>\n\t\t\t\t<\/div>\n\t\t\t\t\t<\/div>\n\t\t\t\t<\/div>\n\t\t<div class=\"elementor-element elementor-element-7773ad5 e-flex e-con-boxed e-con e-parent\" data-id=\"7773ad5\" data-element_type=\"container\" data-e-type=\"container\">\n\t\t\t\t\t<div class=\"e-con-inner\">\n\t\t\t\t<div class=\"elementor-element elementor-element-b566696 elementor-widget elementor-widget-text-editor\" data-id=\"b566696\" data-element_type=\"widget\" data-e-type=\"widget\" data-widget_type=\"text-editor.default\">\n\t\t\t\t<div class=\"elementor-widget-container\">\n\t\t\t\t\t\t\t\t\t<p>I.  Puro esposo de Maria Sant\u00edssima, glorioso S\u00e3o Jos\u00e9, grande foi o trabalho e a ang\u00fastia de teu cora\u00e7\u00e3o quando, em dolorosa perplexidade, quiseste repudiar tua esposa sem mancha; mas indiz\u00edvel foi tua alegria quando o anjo te revelou o alto mist\u00e9rio da Encarna\u00e7\u00e3o. <br \/>\u00a0 \u00a0 \u00a0Por essa tua dor e alegria, n\u00f3s te pedimos, conforta nossas almas agora e na agonia da morte, com o doce consolo de uma vida bem vivida e uma morte como a tua, no abra\u00e7o de Jesus e de Maria.\u00a0 <em>\"Pai Nosso\", \"Ave Maria\", \"Gl\u00f3ria a Deus\".<\/em> etc.<\/p><p>II.  Patriarca tr\u00eas vezes feliz, glorioso S\u00e3o Jos\u00e9, escolhido para ser o pai adotivo do Verbo feito homem, grande foi a dor que sentiu quando viu o menino Jesus nascer em abjeta pobreza; mas sua dor foi subitamente transformada em alegria celestial quando sobre voc\u00ea irrompeu a harmonia dos coros dos anjos e voc\u00ea contemplou a gl\u00f3ria daquela noite refulgente. <br \/>\u00a0 \u00a0 \u00a0Por meio de sua dor e alegria, n\u00f3s lhe pedimos, obtenha para n\u00f3s que, quando a jornada de nossa vida terminar, n\u00f3s tamb\u00e9m possamos passar para aquela terra aben\u00e7oada onde ouviremos os cantos dos anjos e desfrutaremos do brilho da gl\u00f3ria celestial.\u00a0 <em>\"Pai Nosso\", \"Ave Maria\", \"Gl\u00f3ria a Deus\".<\/em> etc.<\/p><p>III.  \u00d3 tu que sempre foste muito obediente no cumprimento da lei de Deus, glorioso S\u00e3o Jos\u00e9! Quando, em Sua circuncis\u00e3o, o precioso sangue do Salvador infantil foi derramado, teu cora\u00e7\u00e3o foi transpassado; mas com o nome de Jesus, uma nova vida e alegria celestial voltaram a ti. <br \/>\u00a0 \u00a0 \u00a0Por meio de sua dor e alegria, obtenha para n\u00f3s que, libertos em vida do vil jugo do pecado, tamb\u00e9m possamos morrer com alegria, com o doce nome de Jesus em nosso cora\u00e7\u00e3o e em nossos l\u00e1bios.\u00a0 <em>\"Pai Nosso\", \"Ave Maria\", \"Gl\u00f3ria a Deus\".<\/em> etc.<\/p><p>IV.  Fiel santo, que foi admitido a tomar parte na reden\u00e7\u00e3o do homem, glorioso S\u00e3o Jos\u00e9, a profecia de Sime\u00e3o sobre os infort\u00fanios vindouros de Jesus e de Maria encheu sua alma de agonia como a morte, mas sua alma se encheu de bem-aventuran\u00e7a quando ele predisse a salva\u00e7\u00e3o e a gloriosa ressurrei\u00e7\u00e3o para in\u00fameras almas.<br \/>\u00a0 \u00a0 \u00a0Por meio de sua dor e alegria, ajude-nos, com suas ora\u00e7\u00f5es, a fazer parte daqueles que, pelos m\u00e9ritos de Jesus e de Sua Virgem M\u00e3e, ser\u00e3o participantes da gloriosa ressurrei\u00e7\u00e3o.\u00a0 <em>\"Pai Nosso\", \"Ave Maria\", \"Gl\u00f3ria a Deus\".<\/em> etc.<\/p><p>V.  Guardi\u00e3o vigilante, amigo do peito do Filho de Deus encarnado, glorioso S\u00e3o Jos\u00e9, como te esfor\u00e7aste para nutrir e servir o Filho do Alt\u00edssimo, especialmente na fuga para o Egito; mas muito maior foi tua alegria ao ter contigo o pr\u00f3prio Deus e ao ver os \u00eddolos do Egito ca\u00edrem por terra! <br \/>\u00a0 \u00a0 \u00a0Por meio de vossa dor e de vossa alegria, fazei com que nos mantenhamos afastados do tirano infernal, abandonando todas as ocasi\u00f5es perigosas, para que todos os \u00eddolos terrenos sejam expulsos de nossos cora\u00e7\u00f5es e para que, empregados no servi\u00e7o de Jesus e de Maria, possamos sempre viver somente para eles e com eles morrer serenamente.\u00a0 <em>\"Pai Nosso\", \"Ave Maria\", \"Gl\u00f3ria a Deus\".<\/em> etc.<\/p><p>VI.  Anjo na terra, glorioso S\u00e3o Jos\u00e9, enquanto voc\u00ea se maravilhava ao ver o Rei dos c\u00e9us obediente \u00e0s suas ordens, o medo do tirano se misturava \u00e0 sua alegria quando voc\u00ea o trouxe de volta do Egito; mas, tranquilizado pelo anjo, voc\u00ea morou em Nazar\u00e9 com o cora\u00e7\u00e3o feliz, na doce companhia de Jesus e Maria. <br \/>\u00a0 \u00a0 \u00a0Por meio de sua dor e de sua alegria, obtenha para n\u00f3s que, com o cora\u00e7\u00e3o livre de todo medo doloroso, possamos tamb\u00e9m saborear o sossego de uma consci\u00eancia tranquila, morando em seguran\u00e7a com Jesus e Maria, e um dia morrer em seus bra\u00e7os amorosos.\u00a0 <em>\"Pai Nosso\", \"Ave Maria\", \"Gl\u00f3ria a Deus\".<\/em> etc.<\/p><p>VII.  Padr\u00e3o de toda santidade, glorioso S\u00e3o Jos\u00e9, sem culpa alguma, perdestes o santo Menino Jesus e durante tr\u00eas dias, para vossa grande tristeza, O procurastes, at\u00e9 que, com alegria indiz\u00edvel, encontrastes vossa Vida em meio aos doutores no templo. <br \/>\u00a0 \u00a0 \u00a0Com isso, tua tristeza e tua alegria, n\u00f3s te pedimos de todo o cora\u00e7\u00e3o, se interponham entre n\u00f3s e o perigo, para que nunca percamos Jesus pelo pecado mortal; mas se, para nossa vergonha e desgra\u00e7a, O perdermos, que O busquemos com tanta tristeza incessante que possamos encontr\u00e1-Lo prop\u00edcio para n\u00f3s, especialmente na hora de nossa morte, e assim possamos desfrut\u00e1-Lo no c\u00e9u, e l\u00e1, contigo, cantar Sua divina miseric\u00f3rdia para sempre!\u00a0 <em>\"Pai Nosso\", \"Ave Maria\", \"Gl\u00f3ria a Deus\".<\/em> etc.<\/p><p><em>Ant.<\/em>\u00a0 Jesus tinha cerca de trinta anos de idade, sendo, como se supunha, filho de Jos\u00e9. <br \/><em>V.<\/em>\u00a0 Ore por n\u00f3s, aben\u00e7oado Joseph. <br \/><em>R.<\/em>\u00a0 Para que sejamos dignos das promessas de Cristo.<\/p><p><em>Oremos.<\/em><\/p><p>\u00a0 \u00a0 \u00a0\u00d3 Deus, que, em Tua inef\u00e1vel Provid\u00eancia, permitiste escolher o bem-aventurado Jos\u00e9 para ser o esposo de Tua Sant\u00edssima M\u00e3e, concede-nos, rogamos-Te, que sejamos dignos de receb\u00ea-lo como nosso intercessor no c\u00e9u, a quem na terra veneramos como nosso santo protetor.  Que viveis e reinais no mundo sem fim.  Am\u00e9m.<\/p>\t\t\t\t\t\t\t\t<\/div>\n\t\t\t\t<\/div>\n\t\t\t\t\t<\/div>\n\t\t\t\t<\/div>\n\t\t<div class=\"elementor-element elementor-element-823006a e-flex e-con-boxed e-con e-parent\" data-id=\"823006a\" data-element_type=\"container\" data-e-type=\"container\">\n\t\t\t\t\t<div class=\"e-con-inner\">\n\t\t\t\t<div class=\"elementor-element elementor-element-d5250eb elementor-widget elementor-widget-text-editor\" data-id=\"d5250eb\" data-element_type=\"widget\" data-e-type=\"widget\" data-widget_type=\"text-editor.default\">\n\t\t\t\t<div class=\"elementor-widget-container\">\n\t\t\t\t\t\t\t\t\t<hr \/><p><span style=\"text-decoration: underline;\">Indulg\u00eancias<\/span>: <em>100 dias<\/em> cada vez.\u00a0 <em>300 dias<\/em> \u00e0s quartas-feiras.\u00a0 <em>300 dias<\/em> em cada dia das duas Novenas que antecedem sua Festa e seu Padroado.\u00a0 <em>Plen\u00e1ria<\/em> com as condi\u00e7\u00f5es usuais, nessas duas festas.\u00a0 <em>Plen\u00e1ria<\/em> uma vez por m\u00eas para um recital di\u00e1rio.\u00a0 <em>Plen\u00e1ria<\/em> para cada domingo, quando recitado em quaisquer sete domingos consecutivos.  Aplic\u00e1vel aos mortos.  (9 de dezembro de 1819 - 1\u00ba de fevereiro de 1847).<\/p>\t\t\t\t\t\t\t\t<\/div>\n\t\t\t\t<\/div>\n\t\t\t\t\t<\/div>\n\t\t\t\t<\/div>\n\t\t\t\t<\/div>","protected":false},"excerpt":{"rendered":"<p>The following prayers are taken from St. Alphonsus&#8217; Prayer-Book, edited by Rev. Fr. St. Omer, C.Ss.R., Benziger Brothers, 1888. I.\u00a0 Pure husband of most holy Mary, glorious St. Joseph, great was the travail and anguish of thy heart when, in &hellip; <a class=\"continue_reading\" href=\"https:\/\/societyofthemostholyredeemer.org\/pt\/seven-sorrows-and-seven-joys-of-st-joseph\/\">Continuar lendo <span class=\"meta-nav\"><i class=\"fa fa-caret-right\" aria-hidden=\"true\"><\/i><\/span><\/a><\/p>","protected":false},"author":3,"featured_media":8264,"parent":0,"menu_order":83,"comment_status":"closed","ping_status":"closed","template":"","meta":{"_acf_changed":false,"footnotes":""},"class_list":["post-8282","page","type-page","status-publish","has-post-thumbnail","hentry"],"acf":[],"_links":{"self":[{"href":"https:\/\/societyofthemostholyredeemer.org\/pt\/wp-json\/wp\/v2\/pages\/8282","targetHints":{"allow":["GET"]}}],"collection":[{"href":"https:\/\/societyofthemostholyredeemer.org\/pt\/wp-json\/wp\/v2\/pages"}],"about":[{"href":"https:\/\/societyofthemostholyredeemer.org\/pt\/wp-json\/wp\/v2\/types\/page"}],"author":[{"embeddable":true,"href":"https:\/\/societyofthemostholyredeemer.org\/pt\/wp-json\/wp\/v2\/users\/3"}],"replies":[{"embeddable":true,"href":"https:\/\/societyofthemostholyredeemer.org\/pt\/wp-json\/wp\/v2\/comments?post=8282"}],"version-history":[{"count":10,"href":"https:\/\/societyofthemostholyredeemer.org\/pt\/wp-json\/wp\/v2\/pages\/8282\/revisions"}],"predecessor-version":[{"id":8326,"href":"https:\/\/societyofthemostholyredeemer.org\/pt\/wp-json\/wp\/v2\/pages\/8282\/revisions\/8326"}],"wp:featuredmedia":[{"embeddable":true,"href":"https:\/\/societyofthemostholyredeemer.org\/pt\/wp-json\/wp\/v2\/media\/8264"}],"wp:attachment":[{"href":"https:\/\/societyofthemostholyredeemer.org\/pt\/wp-json\/wp\/v2\/media?parent=8282"}],"curies":[{"name":"wp","href":"https:\/\/api.w.org\/{rel}","templated":true}]}}