{"id":8284,"date":"2025-04-29T01:07:28","date_gmt":"2025-04-29T01:07:28","guid":{"rendered":"https:\/\/societyofthemostholyredeemer.org\/?page_id=8284"},"modified":"2025-05-01T20:53:41","modified_gmt":"2025-05-01T20:53:41","slug":"miscellaneous-prayers-to-st-joseph","status":"publish","type":"page","link":"https:\/\/societyofthemostholyredeemer.org\/pt\/miscellaneous-prayers-to-st-joseph\/","title":{"rendered":"MISCELLANEOUS PRAYERS TO ST. JOSEPH"},"content":{"rendered":"<div data-elementor-type=\"wp-page\" data-elementor-id=\"8284\" class=\"elementor elementor-8284\" data-elementor-post-type=\"page\">\n\t\t\t\t<div class=\"elementor-element elementor-element-f30290f e-flex e-con-boxed e-con e-parent\" data-id=\"f30290f\" data-element_type=\"container\" data-e-type=\"container\">\n\t\t\t\t\t<div class=\"e-con-inner\">\n\t\t\t\t<div class=\"elementor-element elementor-element-1924080 elementor-widget elementor-widget-text-editor\" data-id=\"1924080\" data-element_type=\"widget\" data-e-type=\"widget\" data-widget_type=\"text-editor.default\">\n\t\t\t\t<div class=\"elementor-widget-container\">\n\t\t\t\t\t\t\t\t\t<p><em>As ora\u00e7\u00f5es a seguir foram extra\u00eddas de <\/em><strong>Livro de Ora\u00e7\u00f5es de Santo Afonso<\/strong><em>editado pelo Rev. Pe. St. Omer, C.Ss.R., Benziger Brothers, 1888.<\/em><\/p>\t\t\t\t\t\t\t\t<\/div>\n\t\t\t\t<\/div>\n\t\t\t\t\t<\/div>\n\t\t\t\t<\/div>\n\t\t<div class=\"elementor-element elementor-element-7773ad5 e-flex e-con-boxed e-con e-parent\" data-id=\"7773ad5\" data-element_type=\"container\" data-e-type=\"container\">\n\t\t\t\t\t<div class=\"e-con-inner\">\n\t\t\t\t<div class=\"elementor-element elementor-element-b566696 elementor-widget elementor-widget-text-editor\" data-id=\"b566696\" data-element_type=\"widget\" data-e-type=\"widget\" data-widget_type=\"text-editor.default\">\n\t\t\t\t<div class=\"elementor-widget-container\">\n\t\t\t\t\t\t\t\t\t<p style=\"text-align: center;\"><strong>Prayer to St. Joseph to Obtain the Gift of Purity<\/strong><br \/>(Called the<em> Efficacious Prayer<\/em>)<\/p><p>\u00a0 \u00a0 \u00a0Guardian of virgins, and holy father St. Joseph, to whose faithful custody Christ Jesus, innocence itself, and Mary, Virgin of virgins, were committed, I pray and beseech thee, by these dear pledges Jesus and Mary, that, being preserved from all uncleanness, I may with spotless mind, pure heart, and chaste body, ever most chastely serve Jesus and Mary all the days of my life.\u00a0 Amen.*<\/p><p><em>* 100 days indulgence, once a day (Feb. 4, 1877).<\/em><\/p><hr \/><p style=\"text-align: center;\"><br \/><strong>Novena to St. Joseph<\/strong><\/p><p><em>\u00a0 \u00a0 \u00a0Recite o <\/em><strong>\u201cHail Mary\u201d<\/strong><em> nine times, and then the following prayer:<\/em><\/p><p>\u00a0 \u00a0 \u00a0Remember, O most pure spouse of the Blessed Virgin Mary, my sweet protector St. Joseph! that no one ever had recourse to thy protection or implored thy aid without obtaining relief.\u00a0 Confiding therefore in thy goodness, I come before thee, and humbly supplicate thee.\u00a0 Oh, despise not my petitions, foster-father of the Redeemer, but graciously receive them.\u00a0 Amen.**<\/p><p><em>** 300 days indulgence, once a day (June 26, 1863).<\/em><\/p><hr \/><p style=\"text-align: center;\"><br \/><strong>\u201cAve\u201d Joseph<\/strong><\/p><p>\u00a0 \u00a0 \u00a0Hail, Joseph, son of David, spouse of the Blessed Virgin Mary, from whom was born Jesus.\u00a0 St. Joseph, nursing father of Jesus, pray for us, sinners, now and at the hour of our death.\u00a0 Amen.<\/p><hr \/><p style=\"text-align: center;\"><br \/><strong>Prayer to St. Joseph to Obtain the Grace of Sanctification<\/strong><\/p><p>\u00a0 \u00a0 \u00a0O most glorious St. Joseph, I pray thee, by the father\u2019s heart which God gave thee for His Son, and by the filial love which Jesus had for thee, to have a special care for the saving of my soul. Be thou, thyself, my director, my guide, and my model. Make me humble, fill me with the spirit of prayer, give me a most generous love for Jesus and Mary, so that by imitating thy virtues I may arrive at the happiness of the elect. Amen.<\/p><hr \/><p style=\"text-align: center;\"><br \/><strong>Prayer to St. Joseph by St. Clement Mary Hofbauer<\/strong><\/p><p>\u00a0 \u00a0 \u00a0St. Joseph, my loving father, I place myself forever under thy protection; look on me as thy child, and keep me from all sin.\u00a0 I take refuge in thy arms, so that Thou mayest lead me in the path of virtue, and assist me at the hour of my death.\u00a0 Amen.<\/p>\t\t\t\t\t\t\t\t<\/div>\n\t\t\t\t<\/div>\n\t\t\t\t\t<\/div>\n\t\t\t\t<\/div>\n\t\t\t\t<\/div>","protected":false},"excerpt":{"rendered":"<p>The following prayers are taken from St. Alphonsus&#8217; Prayer-Book, edited by Rev. Fr. St. Omer, C.Ss.R., Benziger Brothers, 1888. Prayer to St. Joseph to Obtain the Gift of Purity (Called the Efficacious Prayer) \u00a0 \u00a0 \u00a0Guardian of virgins, and holy &hellip; <a class=\"continue_reading\" href=\"https:\/\/societyofthemostholyredeemer.org\/pt\/miscellaneous-prayers-to-st-joseph\/\">Continuar lendo <span class=\"meta-nav\"><i class=\"fa fa-caret-right\" aria-hidden=\"true\"><\/i><\/span><\/a><\/p>","protected":false},"author":3,"featured_media":8264,"parent":0,"menu_order":84,"comment_status":"closed","ping_status":"closed","template":"","meta":{"_acf_changed":false,"footnotes":""},"class_list":["post-8284","page","type-page","status-publish","has-post-thumbnail","hentry"],"acf":[],"_links":{"self":[{"href":"https:\/\/societyofthemostholyredeemer.org\/pt\/wp-json\/wp\/v2\/pages\/8284","targetHints":{"allow":["GET"]}}],"collection":[{"href":"https:\/\/societyofthemostholyredeemer.org\/pt\/wp-json\/wp\/v2\/pages"}],"about":[{"href":"https:\/\/societyofthemostholyredeemer.org\/pt\/wp-json\/wp\/v2\/types\/page"}],"author":[{"embeddable":true,"href":"https:\/\/societyofthemostholyredeemer.org\/pt\/wp-json\/wp\/v2\/users\/3"}],"replies":[{"embeddable":true,"href":"https:\/\/societyofthemostholyredeemer.org\/pt\/wp-json\/wp\/v2\/comments?post=8284"}],"version-history":[{"count":12,"href":"https:\/\/societyofthemostholyredeemer.org\/pt\/wp-json\/wp\/v2\/pages\/8284\/revisions"}],"predecessor-version":[{"id":8302,"href":"https:\/\/societyofthemostholyredeemer.org\/pt\/wp-json\/wp\/v2\/pages\/8284\/revisions\/8302"}],"wp:featuredmedia":[{"embeddable":true,"href":"https:\/\/societyofthemostholyredeemer.org\/pt\/wp-json\/wp\/v2\/media\/8264"}],"wp:attachment":[{"href":"https:\/\/societyofthemostholyredeemer.org\/pt\/wp-json\/wp\/v2\/media?parent=8284"}],"curies":[{"name":"wp","href":"https:\/\/api.w.org\/{rel}","templated":true}]}}