{"id":9444,"date":"2025-06-14T20:39:47","date_gmt":"2025-06-14T20:39:47","guid":{"rendered":"https:\/\/societyofthemostholyredeemer.org\/?page_id=9444"},"modified":"2025-06-14T23:37:29","modified_gmt":"2025-06-14T23:37:29","slug":"st-alphonsus-prayer-book","status":"publish","type":"page","link":"https:\/\/societyofthemostholyredeemer.org\/pt\/st-alphonsus-prayer-book\/","title":{"rendered":"ST. LIVRO DE ORA\u00c7\u00d5ES DE S\u00c3O ALPHONSUS"},"content":{"rendered":"<div data-elementor-type=\"wp-page\" data-elementor-id=\"9444\" class=\"elementor elementor-9444\" data-elementor-post-type=\"page\">\n\t\t\t\t<div class=\"elementor-element elementor-element-53d30d3 e-flex e-con-boxed e-con e-parent\" data-id=\"53d30d3\" data-element_type=\"container\" data-e-type=\"container\">\n\t\t\t\t\t<div class=\"e-con-inner\">\n\t\t\t\t<div class=\"elementor-element elementor-element-51ba256 elementor-widget elementor-widget-text-editor\" data-id=\"51ba256\" data-element_type=\"widget\" data-e-type=\"widget\" data-widget_type=\"text-editor.default\">\n\t\t\t\t<div class=\"elementor-widget-container\">\n\t\t\t\t\t\t\t\t\t<div class=\"elementor-element elementor-element-f852df7 elementor-widget elementor-widget-image\" data-id=\"f852df7\" data-element_type=\"widget\" data-widget_type=\"image.default\"><div class=\"elementor-widget-container\"><img fetchpriority=\"high\" decoding=\"async\" class=\"size-medium wp-image-9463 aligncenter\" src=\"https:\/\/societyofthemostholyredeemer.org\/wp-content\/uploads\/2025\/06\/St-Alphonsus-Prayer-Book-200x300.jpg\" alt=\"\" width=\"200\" height=\"300\" srcset=\"https:\/\/societyofthemostholyredeemer.org\/wp-content\/uploads\/2025\/06\/St-Alphonsus-Prayer-Book-200x300.jpg 200w, https:\/\/societyofthemostholyredeemer.org\/wp-content\/uploads\/2025\/06\/St-Alphonsus-Prayer-Book-8x12.jpg 8w, https:\/\/societyofthemostholyredeemer.org\/wp-content\/uploads\/2025\/06\/St-Alphonsus-Prayer-Book.jpg 632w\" sizes=\"(max-width: 200px) 100vw, 200px\" \/><\/div><\/div><div class=\"elementor-element elementor-element-018a1bb elementor-widget__width-inherit elementor-widget elementor-widget-text-editor\" data-id=\"018a1bb\" data-element_type=\"widget\" data-widget_type=\"text-editor.default\"><div class=\"elementor-widget-container\"><p>\u00a0 \u00a0 \u00a0Temos o prazer de oferecer essas ora\u00e7\u00f5es e devo\u00e7\u00f5es escritas principalmente por Santo Afonso, editadas pelo Rev. Padre St. Omer, CSsR, e traduzidas por G.M. Ward.<\/p><p>\u00a0 \u00a0 \u00a0Publicado por Benziger Brothers, 1888.<\/p><p>\u00a0 \u00a0 \u00a0[N.B. A apresenta\u00e7\u00e3o desse material \u00e9 um projeto em andamento; novas p\u00e1ginas ser\u00e3o adicionadas regularmente at\u00e9 que estejam completas.]<\/p><\/div><\/div>\t\t\t\t\t\t\t\t<\/div>\n\t\t\t\t<\/div>\n\t\t\t\t\t<\/div>\n\t\t\t\t<\/div>\n\t\t<div class=\"elementor-element elementor-element-d09bc99 e-flex e-con-boxed e-con e-parent\" data-id=\"d09bc99\" data-element_type=\"container\" data-e-type=\"container\">\n\t\t\t\t\t<div class=\"e-con-inner\">\n\t\t\t\t<div class=\"elementor-element elementor-element-ac36aba elementor-widget elementor-widget-text-editor\" data-id=\"ac36aba\" data-element_type=\"widget\" data-e-type=\"widget\" data-widget_type=\"text-editor.default\">\n\t\t\t\t<div class=\"elementor-widget-container\">\n\t\t\t\t\t\t\t\t\t<h4>PRIMEIRA PARTE:\u00a0 <em>EXERC\u00cdCIOS DI\u00c1RIOS<\/em><\/h4>\t\t\t\t\t\t\t\t<\/div>\n\t\t\t\t<\/div>\n\t\t\t\t\t<\/div>\n\t\t\t\t<\/div>\n\t\t<div class=\"elementor-element elementor-element-38f32e1 e-flex e-con-boxed e-con e-parent\" data-id=\"38f32e1\" data-element_type=\"container\" data-e-type=\"container\">\n\t\t\t\t\t<div class=\"e-con-inner\">\n\t\t\t\t<div class=\"elementor-element elementor-element-d5ca898 elementor-widget elementor-widget-text-editor\" data-id=\"d5ca898\" data-element_type=\"widget\" data-e-type=\"widget\" data-widget_type=\"text-editor.default\">\n\t\t\t\t<div class=\"elementor-widget-container\">\n\t\t\t\t\t\t\t\t\t<h4>SEGUNDA PARTE:\u00a0 <em>EXERC\u00cdCIOS PIEDOSOS PARA CADA SEMANA<\/em><\/h4>\t\t\t\t\t\t\t\t<\/div>\n\t\t\t\t<\/div>\n\t\t\t\t\t<\/div>\n\t\t\t\t<\/div>\n\t\t<div class=\"elementor-element elementor-element-fe00c8e e-flex e-con-boxed e-con e-parent\" data-id=\"fe00c8e\" data-element_type=\"container\" data-e-type=\"container\">\n\t\t\t\t\t<div class=\"e-con-inner\">\n\t\t\t\t<div class=\"elementor-element elementor-element-5e0bd15 elementor-widget elementor-widget-text-editor\" data-id=\"5e0bd15\" data-element_type=\"widget\" data-e-type=\"widget\" data-widget_type=\"text-editor.default\">\n\t\t\t\t<div class=\"elementor-widget-container\">\n\t\t\t\t\t\t\t\t\t<h4>TERCEIRA PARTE:\u00a0 <em>EXERC\u00cdCIOS PARA CADA M\u00caS<\/em><\/h4>\t\t\t\t\t\t\t\t<\/div>\n\t\t\t\t<\/div>\n\t\t\t\t\t<\/div>\n\t\t\t\t<\/div>\n\t\t<div class=\"elementor-element elementor-element-2fbf1cf e-flex e-con-boxed e-con e-parent\" data-id=\"2fbf1cf\" data-element_type=\"container\" data-e-type=\"container\">\n\t\t\t\t\t<div class=\"e-con-inner\">\n\t\t\t\t<div class=\"elementor-element elementor-element-b4d0c80 elementor-widget elementor-widget-text-editor\" data-id=\"b4d0c80\" data-element_type=\"widget\" data-e-type=\"widget\" data-widget_type=\"text-editor.default\">\n\t\t\t\t<div class=\"elementor-widget-container\">\n\t\t\t\t\t\t\t\t\t<h4>QUARTA PARTE:\u00a0 <em>DEVO\u00c7\u00d5ES PARA AS DIFERENTES ESTA\u00c7\u00d5ES DO ANO<\/em><\/h4>\t\t\t\t\t\t\t\t<\/div>\n\t\t\t\t<\/div>\n\t\t\t\t\t<\/div>\n\t\t\t\t<\/div>\n\t\t<div class=\"elementor-element elementor-element-f0b0cab e-flex e-con-boxed e-con e-parent\" data-id=\"f0b0cab\" data-element_type=\"container\" data-e-type=\"container\">\n\t\t\t\t\t<div class=\"e-con-inner\">\n\t\t\t\t<div class=\"elementor-element elementor-element-22ba626 elementor-widget elementor-widget-text-editor\" data-id=\"22ba626\" data-element_type=\"widget\" data-e-type=\"widget\" data-widget_type=\"text-editor.default\">\n\t\t\t\t<div class=\"elementor-widget-container\">\n\t\t\t\t\t\t\t\t\t<h4>QUINTA PARTE:\u00a0 <em>V\u00c1RIAS ORA\u00c7\u00d5ES<\/em><\/h4>\t\t\t\t\t\t\t\t<\/div>\n\t\t\t\t<\/div>\n\t\t\t\t\t<\/div>\n\t\t\t\t<\/div>\n\t\t\t\t<\/div>","protected":false},"excerpt":{"rendered":"<p>\u00a0 \u00a0 \u00a0We are pleased to provide these prayers and devotions written primarily by St. Alphonsus, edited by Rev. Father St. Omer, CSsR, and translated by G.M. Ward. \u00a0 \u00a0 \u00a0Published by Benziger Brothers, 1888. \u00a0 \u00a0 \u00a0[N.B. The presentation &hellip; <a class=\"continue_reading\" href=\"https:\/\/societyofthemostholyredeemer.org\/pt\/st-alphonsus-prayer-book\/\">Continuar lendo <span class=\"meta-nav\"><i class=\"fa fa-caret-right\" aria-hidden=\"true\"><\/i><\/span><\/a><\/p>","protected":false},"author":3,"featured_media":0,"parent":0,"menu_order":36,"comment_status":"closed","ping_status":"closed","template":"","meta":{"_acf_changed":false,"footnotes":""},"class_list":["post-9444","page","type-page","status-publish","hentry"],"acf":[],"_links":{"self":[{"href":"https:\/\/societyofthemostholyredeemer.org\/pt\/wp-json\/wp\/v2\/pages\/9444","targetHints":{"allow":["GET"]}}],"collection":[{"href":"https:\/\/societyofthemostholyredeemer.org\/pt\/wp-json\/wp\/v2\/pages"}],"about":[{"href":"https:\/\/societyofthemostholyredeemer.org\/pt\/wp-json\/wp\/v2\/types\/page"}],"author":[{"embeddable":true,"href":"https:\/\/societyofthemostholyredeemer.org\/pt\/wp-json\/wp\/v2\/users\/3"}],"replies":[{"embeddable":true,"href":"https:\/\/societyofthemostholyredeemer.org\/pt\/wp-json\/wp\/v2\/comments?post=9444"}],"version-history":[{"count":10,"href":"https:\/\/societyofthemostholyredeemer.org\/pt\/wp-json\/wp\/v2\/pages\/9444\/revisions"}],"predecessor-version":[{"id":9472,"href":"https:\/\/societyofthemostholyredeemer.org\/pt\/wp-json\/wp\/v2\/pages\/9444\/revisions\/9472"}],"wp:attachment":[{"href":"https:\/\/societyofthemostholyredeemer.org\/pt\/wp-json\/wp\/v2\/media?parent=9444"}],"curies":[{"name":"wp","href":"https:\/\/api.w.org\/{rel}","templated":true}]}}